{"id":3421,"date":"2021-12-23T09:26:32","date_gmt":"2021-12-23T08:26:32","guid":{"rendered":"https:\/\/www.mediaregulation.org\/?page_id=3421"},"modified":"2022-03-08T10:50:25","modified_gmt":"2022-03-08T09:50:25","slug":"%d8%b1%d9%8a%d8%a7%d8%b6-%d8%a8%d9%88%d8%ad%d9%88%d8%b4%d9%8a","status":"publish","type":"page","link":"https:\/\/www.mediaregulation.org\/ar\/%d8%b1%d9%8a%d8%a7%d8%b6-%d8%a8%d9%88%d8%ad%d9%88%d8%b4%d9%8a\/","title":{"rendered":"\u0631\u064a\u0627\u0636 \u0628\u0648\u062d\u0648\u0634\u064a"},"content":{"rendered":"<p>[vc_row el_class=&#8221;about_company&#8221;][vc_column width=&#8221;1\/2&#8243;][vc_single_image image=&#8221;3431&#8243; img_size=&#8221;full&#8221;][\/vc_column][vc_column width=&#8221;1\/2&#8243;][vc_column_text el_class=&#8221;text-justif&#8221;]\u0631\u064a\u0627\u0636 \u0628\u0648\u062d\u0648\u0634\u064a \u0639\u0636\u0648 \u0645\u062c\u0644\u0633 \u0625\u062f\u0627\u0631\u0629 \u0645\u0639\u0647\u062f \u0625\u0634\u0647\u0627\u062f \u0645\u062d\u062a\u0631\u0641\u064a \u0627\u0644\u062d\u0627\u0633\u0648\u0628(ICCP \u2013 USA) \u00a0\u060c \u0648\u0647\u0648 \u0648\u062e\u0628\u064a\u0631 \u062f\u0648\u0644\u064a \u0641\u064a \u062a\u0643\u0646\u0648\u0644\u0648\u062c\u064a\u0627 \u0627\u0644\u0645\u0639\u0644\u0648\u0645\u0627\u062a \u0648\u0627\u0644\u0627\u0633\u062a\u0631\u0627\u062a\u064a\u062c\u064a\u0627\u062a \u0627\u0644\u0631\u0642\u0645\u064a\u0629.<\/p>\n<p>\u062d\u0627\u0635\u0644 \u0639\u0644\u0649 \u0627\u0644\u062f\u0643\u062a\u0648\u0631\u0627\u0647 \u0648\u062f\u064a\u0628\u0644\u0648\u0645 \u0645\u0647\u0646\u062f\u0633 \u0627\u0644\u0645\u0639\u0644\u0648\u0645\u0627\u062a\u064a\u0651\u0629\u060c \u0641\u0636\u0644\u0627\u064b \u0639\u0646 \u062f\u0631\u062c\u0629 \u0627\u0644\u0645\u0627\u062c\u0633\u062a\u064a\u0631 \u0641\u064a \u0623\u0646\u0638\u0645\u0629 \u0627\u0644\u0627\u062a\u0635\u0627\u0644\u0627\u062a \u0648\u062f\u0631\u062c\u0629 \u0627\u0644\u0645\u0627\u062c\u0633\u062a\u064a\u0631 \u0641\u064a \u0625\u062f\u0627\u0631\u0629 \u0627\u0644\u0623\u0639\u0645\u0627\u0644.<\/p>\n<p>\u0639\u0645\u0644 \u0641\u064a \u0639\u062f\u0629 \u0634\u0631\u0643\u0627\u062a \u0645\u0646 \u0628\u064a\u0646\u0647\u0627 \u0628\u0631\u0646\u0627\u0645\u062c \u0627\u0644\u0623\u0645\u0645 \u0627\u0644\u0645\u062a\u062d\u062f\u0629 \u0627\u0644\u0625\u0646\u0645\u0627\u0626\u064a\u060c \u0645\u062c\u0644\u0633 \u0625\u062f\u0627\u0631\u0629 \u0645\u0639\u0647\u062f \u0625\u0634\u0647\u0627\u062f \u0645\u062d\u062a\u0631\u0641\u064a \u0627\u0644\u062d\u0627\u0633\u0648\u0628(ICCP \u2013 USA) \u060c \u0648\u0645\u062c\u0644\u0633 \u0623\u0648\u0631\u0648\u0628\u0627 \u060c \u0648\u062c\u0631\u0627\u0646\u062a \u062b\u0648\u0631\u0646\u062a\u0646 \u060c \u0648\u0634\u0631\u0643\u0629 BRI-Technology \u060c \u0648\u0627\u0644\u0647\u064a\u0626\u0629 \u0627\u0644\u0639\u0644\u064a\u0627 \u0627\u0644\u0645\u0633\u062a\u0642\u0644\u0651\u0629 \u0644\u0644\u0627\u0646\u062a\u062e\u0627\u0628\u0627\u062a\u060c \u0648\u0634\u0631\u0643\u0629 \u0627\u062a\u0635\u0627\u0644\u0627\u062a \u062a\u0648\u0646\u0633 \u060c\u0648\u0645\u0639\u0647\u062f \u0627\u0644\u0628\u062d\u0648\u062b \u0641\u064a \u0639\u0644\u0648\u0645 \u0627\u0644\u0627\u062a\u0651\u0635\u0627\u0644 \u0648\u0627\u0644\u0627\u062a\u0635\u0627\u0644\u0627\u062a.<\/p>\n<p>\u0642\u0627\u0645 \u0631\u064a\u0627\u0636 \u0623\u064a\u0636\u0627 \u0628\u0627\u0644\u062a\u062f\u0631\u064a\u0633 \u0644\u0633\u0646\u0648\u0627\u062a \u0639\u062f\u064a\u062f\u0629 \u0641\u064a \u0645\u0639\u0647\u062f \u0625\u0634\u0647\u0627\u062f \u0645\u062d\u062a\u0631\u0641\u064a \u0627\u0644\u062d\u0627\u0633\u0648\u0628(ICCP \u2013 USA) \u00a0\u00a0\u0648\u0641\u064a \u0643\u0644\u0651\u064a\u0651\u0629 \u0627\u0644\u0647\u0646\u062f\u0633\u0629 \u0628\u062a\u0648\u0646\u0633\u060c \u0648 \u0643\u0644\u0651\u064a\u0651\u0629 \u0627\u0644\u0639\u0644\u0648\u0645 \u0628\u062a\u0648\u0646\u0633 \u060c \u0648\u0623\u0634\u0631\u0641 \u0639\u0644\u0649 \u0639\u062f\u0629 \u0628\u062d\u0648\u062b \u0648\u0645\u0634\u0627\u0631\u064a\u0639.[\/vc_column_text][\/vc_column][\/vc_row]<\/p>\n<!-- AddThis Advanced Settings generic via filter on the_content --><!-- AddThis Share Buttons generic via filter on the_content -->","protected":false},"excerpt":{"rendered":"<p>[vc_row el_class=&#8221;about_company&#8221;][vc_column width=&#8221;1\/2&#8243;][vc_single_image image=&#8221;3431&#8243; img_size=&#8221;full&#8221;][\/vc_column][vc_column width=&#8221;1\/2&#8243;][vc_column_text el_class=&#8221;text-justif&#8221;]\u0631\u064a\u0627\u0636 \u0628\u0648\u062d\u0648\u0634\u064a \u0639\u0636\u0648 \u0645\u062c\u0644\u0633 \u0625\u062f\u0627\u0631\u0629 \u0645\u0639\u0647\u062f \u0625\u0634\u0647\u0627\u062f \u0645\u062d\u062a\u0631\u0641\u064a \u0627\u0644\u062d\u0627\u0633\u0648\u0628(ICCP \u2013 USA) \u00a0\u060c \u0648\u0647\u0648 \u0648\u062e\u0628\u064a\u0631 \u062f\u0648\u0644\u064a \u0641\u064a \u062a\u0643\u0646\u0648\u0644\u0648\u062c\u064a\u0627 \u0627\u0644\u0645\u0639\u0644\u0648\u0645\u0627\u062a \u0648\u0627\u0644\u0627\u0633\u062a\u0631\u0627\u062a\u064a\u062c\u064a\u0627\u062a \u0627\u0644\u0631\u0642\u0645\u064a\u0629. \u062d\u0627\u0635\u0644 \u0639\u0644\u0649 \u0627\u0644\u062f\u0643\u062a\u0648\u0631\u0627\u0647 \u0648\u062f\u064a\u0628\u0644\u0648\u0645 \u0645\u0647\u0646\u062f\u0633 \u0627\u0644\u0645\u0639\u0644\u0648\u0645\u0627\u062a\u064a\u0651\u0629\u060c \u0641\u0636\u0644\u0627\u064b \u0639\u0646 \u062f\u0631\u062c\u0629 \u0627\u0644\u0645\u0627\u062c\u0633\u062a\u064a\u0631 \u0641\u064a \u0623\u0646\u0638\u0645\u0629 \u0627\u0644\u0627\u062a\u0635\u0627\u0644\u0627\u062a \u0648\u062f\u0631\u062c\u0629 \u0627\u0644\u0645\u0627\u062c\u0633\u062a\u064a\u0631 \u0641\u064a \u0625\u062f\u0627\u0631\u0629 \u0627\u0644\u0623\u0639\u0645\u0627\u0644. \u0639\u0645\u0644 \u0641\u064a \u0639\u062f\u0629 \u0634\u0631\u0643\u0627\u062a \u0645\u0646 \u0628\u064a\u0646\u0647\u0627 \u0628\u0631\u0646\u0627\u0645\u062c \u0627\u0644\u0623\u0645\u0645 \u0627\u0644\u0645\u062a\u062d\u062f\u0629 \u0627\u0644\u0625\u0646\u0645\u0627\u0626\u064a\u060c \u0645\u062c\u0644\u0633<!-- AddThis Advanced Settings generic via filter on get_the_excerpt --><!-- AddThis Share Buttons generic via filter on get_the_excerpt --><\/p>\n","protected":false},"author":1,"featured_media":0,"parent":0,"menu_order":0,"comment_status":"closed","ping_status":"closed","template":"","meta":{"inline_featured_image":false,"_links_to":"","_links_to_target":""},"yoast_head":"<!-- This site is optimized with the Yoast SEO plugin v21.1 - https:\/\/yoast.com\/wordpress\/plugins\/seo\/ -->\n<title>\u0631\u064a\u0627\u0636 \u0628\u0648\u062d\u0648\u0634\u064a - CRRM<\/title>\n<meta name=\"robots\" content=\"index, follow, max-snippet:-1, max-image-preview:large, max-video-preview:-1\" \/>\n<link rel=\"canonical\" href=\"https:\/\/www.mediaregulation.org\/ar\/\u0631\u064a\u0627\u0636-\u0628\u0648\u062d\u0648\u0634\u064a\/\" \/>\n<meta property=\"og:locale\" content=\"ar_AR\" \/>\n<meta property=\"og:type\" content=\"article\" \/>\n<meta property=\"og:title\" content=\"\u0631\u064a\u0627\u0636 \u0628\u0648\u062d\u0648\u0634\u064a - CRRM\" \/>\n<meta property=\"og:description\" content=\"[vc_row el_class=&#8221;about_company&#8221;][vc_column width=&#8221;1\/2&#8243;][vc_single_image image=&#8221;3431&#8243; img_size=&#8221;full&#8221;][\/vc_column][vc_column width=&#8221;1\/2&#8243;][vc_column_text el_class=&#8221;text-justif&#8221;]\u0631\u064a\u0627\u0636 \u0628\u0648\u062d\u0648\u0634\u064a \u0639\u0636\u0648 \u0645\u062c\u0644\u0633 \u0625\u062f\u0627\u0631\u0629 \u0645\u0639\u0647\u062f \u0625\u0634\u0647\u0627\u062f \u0645\u062d\u062a\u0631\u0641\u064a \u0627\u0644\u062d\u0627\u0633\u0648\u0628(ICCP \u2013 USA) \u00a0\u060c \u0648\u0647\u0648 \u0648\u062e\u0628\u064a\u0631 \u062f\u0648\u0644\u064a \u0641\u064a \u062a\u0643\u0646\u0648\u0644\u0648\u062c\u064a\u0627 \u0627\u0644\u0645\u0639\u0644\u0648\u0645\u0627\u062a \u0648\u0627\u0644\u0627\u0633\u062a\u0631\u0627\u062a\u064a\u062c\u064a\u0627\u062a \u0627\u0644\u0631\u0642\u0645\u064a\u0629. \u062d\u0627\u0635\u0644 \u0639\u0644\u0649 \u0627\u0644\u062f\u0643\u062a\u0648\u0631\u0627\u0647 \u0648\u062f\u064a\u0628\u0644\u0648\u0645 \u0645\u0647\u0646\u062f\u0633 \u0627\u0644\u0645\u0639\u0644\u0648\u0645\u0627\u062a\u064a\u0651\u0629\u060c \u0641\u0636\u0644\u0627\u064b \u0639\u0646 \u062f\u0631\u062c\u0629 \u0627\u0644\u0645\u0627\u062c\u0633\u062a\u064a\u0631 \u0641\u064a \u0623\u0646\u0638\u0645\u0629 \u0627\u0644\u0627\u062a\u0635\u0627\u0644\u0627\u062a \u0648\u062f\u0631\u062c\u0629 \u0627\u0644\u0645\u0627\u062c\u0633\u062a\u064a\u0631 \u0641\u064a \u0625\u062f\u0627\u0631\u0629 \u0627\u0644\u0623\u0639\u0645\u0627\u0644. \u0639\u0645\u0644 \u0641\u064a \u0639\u062f\u0629 \u0634\u0631\u0643\u0627\u062a \u0645\u0646 \u0628\u064a\u0646\u0647\u0627 \u0628\u0631\u0646\u0627\u0645\u062c \u0627\u0644\u0623\u0645\u0645 \u0627\u0644\u0645\u062a\u062d\u062f\u0629 \u0627\u0644\u0625\u0646\u0645\u0627\u0626\u064a\u060c \u0645\u062c\u0644\u0633\" \/>\n<meta property=\"og:url\" content=\"https:\/\/www.mediaregulation.org\/ar\/\u0631\u064a\u0627\u0636-\u0628\u0648\u062d\u0648\u0634\u064a\/\" \/>\n<meta property=\"og:site_name\" content=\"CRRM\" \/>\n<meta property=\"article:publisher\" content=\"https:\/\/www.facebook.com\/regulationmedia\/\" \/>\n<meta property=\"article:modified_time\" content=\"2022-03-08T09:50:25+00:00\" \/>\n<meta name=\"twitter:card\" content=\"summary_large_image\" \/>\n<meta name=\"twitter:site\" content=\"@mediaregulatio1\" \/>\n<script type=\"application\/ld+json\" class=\"yoast-schema-graph\">{\"@context\":\"https:\/\/schema.org\",\"@graph\":[{\"@type\":\"WebPage\",\"@id\":\"https:\/\/www.mediaregulation.org\/ar\/%d8%b1%d9%8a%d8%a7%d8%b6-%d8%a8%d9%88%d8%ad%d9%88%d8%b4%d9%8a\/\",\"url\":\"https:\/\/www.mediaregulation.org\/ar\/%d8%b1%d9%8a%d8%a7%d8%b6-%d8%a8%d9%88%d8%ad%d9%88%d8%b4%d9%8a\/\",\"name\":\"\u0631\u064a\u0627\u0636 \u0628\u0648\u062d\u0648\u0634\u064a - CRRM\",\"isPartOf\":{\"@id\":\"https:\/\/www.mediaregulation.org\/ar\/#website\"},\"datePublished\":\"2021-12-23T08:26:32+00:00\",\"dateModified\":\"2022-03-08T09:50:25+00:00\",\"breadcrumb\":{\"@id\":\"https:\/\/www.mediaregulation.org\/ar\/%d8%b1%d9%8a%d8%a7%d8%b6-%d8%a8%d9%88%d8%ad%d9%88%d8%b4%d9%8a\/#breadcrumb\"},\"inLanguage\":\"ar\",\"potentialAction\":[{\"@type\":\"ReadAction\",\"target\":[\"https:\/\/www.mediaregulation.org\/ar\/%d8%b1%d9%8a%d8%a7%d8%b6-%d8%a8%d9%88%d8%ad%d9%88%d8%b4%d9%8a\/\"]}]},{\"@type\":\"BreadcrumbList\",\"@id\":\"https:\/\/www.mediaregulation.org\/ar\/%d8%b1%d9%8a%d8%a7%d8%b6-%d8%a8%d9%88%d8%ad%d9%88%d8%b4%d9%8a\/#breadcrumb\",\"itemListElement\":[{\"@type\":\"ListItem\",\"position\":1,\"name\":\"Accueil\",\"item\":\"https:\/\/www.mediaregulation.org\/ar\/\"},{\"@type\":\"ListItem\",\"position\":2,\"name\":\"\u0631\u064a\u0627\u0636 \u0628\u0648\u062d\u0648\u0634\u064a\"}]},{\"@type\":\"WebSite\",\"@id\":\"https:\/\/www.mediaregulation.org\/ar\/#website\",\"url\":\"https:\/\/www.mediaregulation.org\/ar\/\",\"name\":\"CRRM\",\"description\":\"Centre de ressources sur la r\u00e9gulation des M\u00e9dias\",\"publisher\":{\"@id\":\"https:\/\/www.mediaregulation.org\/ar\/#organization\"},\"potentialAction\":[{\"@type\":\"SearchAction\",\"target\":{\"@type\":\"EntryPoint\",\"urlTemplate\":\"https:\/\/www.mediaregulation.org\/ar\/?s={search_term_string}\"},\"query-input\":\"required name=search_term_string\"}],\"inLanguage\":\"ar\"},{\"@type\":\"Organization\",\"@id\":\"https:\/\/www.mediaregulation.org\/ar\/#organization\",\"name\":\"Centre de ressources en ligne sur la r\u00e9gulation des m\u00e9dias, l'autor\u00e9gulation et l'\u00e9ducation aux m\u00e9dias (CRRM)\",\"url\":\"https:\/\/www.mediaregulation.org\/ar\/\",\"logo\":{\"@type\":\"ImageObject\",\"inLanguage\":\"ar\",\"@id\":\"https:\/\/www.mediaregulation.org\/ar\/#\/schema\/logo\/image\/\",\"url\":\"https:\/\/www.mediaregulation.org\/wp-content\/uploads\/2022\/05\/logo-fr-desctop-2.jpeg\",\"contentUrl\":\"https:\/\/www.mediaregulation.org\/wp-content\/uploads\/2022\/05\/logo-fr-desctop-2.jpeg\",\"width\":560,\"height\":74,\"caption\":\"Centre de ressources en ligne sur la r\u00e9gulation des m\u00e9dias, l'autor\u00e9gulation et l'\u00e9ducation aux m\u00e9dias (CRRM)\"},\"image\":{\"@id\":\"https:\/\/www.mediaregulation.org\/ar\/#\/schema\/logo\/image\/\"},\"sameAs\":[\"https:\/\/www.facebook.com\/regulationmedia\/\",\"https:\/\/twitter.com\/mediaregulatio1\",\"https:\/\/www.youtube.com\/channel\/UC_PWIr_i5cWscxsu_Zno_Jg\"]}]}<\/script>\n<!-- \/ Yoast SEO plugin. -->","yoast_head_json":{"title":"\u0631\u064a\u0627\u0636 \u0628\u0648\u062d\u0648\u0634\u064a - CRRM","robots":{"index":"index","follow":"follow","max-snippet":"max-snippet:-1","max-image-preview":"max-image-preview:large","max-video-preview":"max-video-preview:-1"},"canonical":"https:\/\/www.mediaregulation.org\/ar\/\u0631\u064a\u0627\u0636-\u0628\u0648\u062d\u0648\u0634\u064a\/","og_locale":"ar_AR","og_type":"article","og_title":"\u0631\u064a\u0627\u0636 \u0628\u0648\u062d\u0648\u0634\u064a - CRRM","og_description":"[vc_row el_class=&#8221;about_company&#8221;][vc_column width=&#8221;1\/2&#8243;][vc_single_image image=&#8221;3431&#8243; img_size=&#8221;full&#8221;][\/vc_column][vc_column width=&#8221;1\/2&#8243;][vc_column_text el_class=&#8221;text-justif&#8221;]\u0631\u064a\u0627\u0636 \u0628\u0648\u062d\u0648\u0634\u064a \u0639\u0636\u0648 \u0645\u062c\u0644\u0633 \u0625\u062f\u0627\u0631\u0629 \u0645\u0639\u0647\u062f \u0625\u0634\u0647\u0627\u062f \u0645\u062d\u062a\u0631\u0641\u064a \u0627\u0644\u062d\u0627\u0633\u0648\u0628(ICCP \u2013 USA) \u00a0\u060c \u0648\u0647\u0648 \u0648\u062e\u0628\u064a\u0631 \u062f\u0648\u0644\u064a \u0641\u064a \u062a\u0643\u0646\u0648\u0644\u0648\u062c\u064a\u0627 \u0627\u0644\u0645\u0639\u0644\u0648\u0645\u0627\u062a \u0648\u0627\u0644\u0627\u0633\u062a\u0631\u0627\u062a\u064a\u062c\u064a\u0627\u062a \u0627\u0644\u0631\u0642\u0645\u064a\u0629. \u062d\u0627\u0635\u0644 \u0639\u0644\u0649 \u0627\u0644\u062f\u0643\u062a\u0648\u0631\u0627\u0647 \u0648\u062f\u064a\u0628\u0644\u0648\u0645 \u0645\u0647\u0646\u062f\u0633 \u0627\u0644\u0645\u0639\u0644\u0648\u0645\u0627\u062a\u064a\u0651\u0629\u060c \u0641\u0636\u0644\u0627\u064b \u0639\u0646 \u062f\u0631\u062c\u0629 \u0627\u0644\u0645\u0627\u062c\u0633\u062a\u064a\u0631 \u0641\u064a \u0623\u0646\u0638\u0645\u0629 \u0627\u0644\u0627\u062a\u0635\u0627\u0644\u0627\u062a \u0648\u062f\u0631\u062c\u0629 \u0627\u0644\u0645\u0627\u062c\u0633\u062a\u064a\u0631 \u0641\u064a \u0625\u062f\u0627\u0631\u0629 \u0627\u0644\u0623\u0639\u0645\u0627\u0644. \u0639\u0645\u0644 \u0641\u064a \u0639\u062f\u0629 \u0634\u0631\u0643\u0627\u062a \u0645\u0646 \u0628\u064a\u0646\u0647\u0627 \u0628\u0631\u0646\u0627\u0645\u062c \u0627\u0644\u0623\u0645\u0645 \u0627\u0644\u0645\u062a\u062d\u062f\u0629 \u0627\u0644\u0625\u0646\u0645\u0627\u0626\u064a\u060c \u0645\u062c\u0644\u0633","og_url":"https:\/\/www.mediaregulation.org\/ar\/\u0631\u064a\u0627\u0636-\u0628\u0648\u062d\u0648\u0634\u064a\/","og_site_name":"CRRM","article_publisher":"https:\/\/www.facebook.com\/regulationmedia\/","article_modified_time":"2022-03-08T09:50:25+00:00","twitter_card":"summary_large_image","twitter_site":"@mediaregulatio1","schema":{"@context":"https:\/\/schema.org","@graph":[{"@type":"WebPage","@id":"https:\/\/www.mediaregulation.org\/ar\/%d8%b1%d9%8a%d8%a7%d8%b6-%d8%a8%d9%88%d8%ad%d9%88%d8%b4%d9%8a\/","url":"https:\/\/www.mediaregulation.org\/ar\/%d8%b1%d9%8a%d8%a7%d8%b6-%d8%a8%d9%88%d8%ad%d9%88%d8%b4%d9%8a\/","name":"\u0631\u064a\u0627\u0636 \u0628\u0648\u062d\u0648\u0634\u064a - CRRM","isPartOf":{"@id":"https:\/\/www.mediaregulation.org\/ar\/#website"},"datePublished":"2021-12-23T08:26:32+00:00","dateModified":"2022-03-08T09:50:25+00:00","breadcrumb":{"@id":"https:\/\/www.mediaregulation.org\/ar\/%d8%b1%d9%8a%d8%a7%d8%b6-%d8%a8%d9%88%d8%ad%d9%88%d8%b4%d9%8a\/#breadcrumb"},"inLanguage":"ar","potentialAction":[{"@type":"ReadAction","target":["https:\/\/www.mediaregulation.org\/ar\/%d8%b1%d9%8a%d8%a7%d8%b6-%d8%a8%d9%88%d8%ad%d9%88%d8%b4%d9%8a\/"]}]},{"@type":"BreadcrumbList","@id":"https:\/\/www.mediaregulation.org\/ar\/%d8%b1%d9%8a%d8%a7%d8%b6-%d8%a8%d9%88%d8%ad%d9%88%d8%b4%d9%8a\/#breadcrumb","itemListElement":[{"@type":"ListItem","position":1,"name":"Accueil","item":"https:\/\/www.mediaregulation.org\/ar\/"},{"@type":"ListItem","position":2,"name":"\u0631\u064a\u0627\u0636 \u0628\u0648\u062d\u0648\u0634\u064a"}]},{"@type":"WebSite","@id":"https:\/\/www.mediaregulation.org\/ar\/#website","url":"https:\/\/www.mediaregulation.org\/ar\/","name":"CRRM","description":"Centre de ressources sur la r\u00e9gulation des M\u00e9dias","publisher":{"@id":"https:\/\/www.mediaregulation.org\/ar\/#organization"},"potentialAction":[{"@type":"SearchAction","target":{"@type":"EntryPoint","urlTemplate":"https:\/\/www.mediaregulation.org\/ar\/?s={search_term_string}"},"query-input":"required name=search_term_string"}],"inLanguage":"ar"},{"@type":"Organization","@id":"https:\/\/www.mediaregulation.org\/ar\/#organization","name":"Centre de ressources en ligne sur la r\u00e9gulation des m\u00e9dias, l'autor\u00e9gulation et l'\u00e9ducation aux m\u00e9dias (CRRM)","url":"https:\/\/www.mediaregulation.org\/ar\/","logo":{"@type":"ImageObject","inLanguage":"ar","@id":"https:\/\/www.mediaregulation.org\/ar\/#\/schema\/logo\/image\/","url":"https:\/\/www.mediaregulation.org\/wp-content\/uploads\/2022\/05\/logo-fr-desctop-2.jpeg","contentUrl":"https:\/\/www.mediaregulation.org\/wp-content\/uploads\/2022\/05\/logo-fr-desctop-2.jpeg","width":560,"height":74,"caption":"Centre de ressources en ligne sur la r\u00e9gulation des m\u00e9dias, l'autor\u00e9gulation et l'\u00e9ducation aux m\u00e9dias (CRRM)"},"image":{"@id":"https:\/\/www.mediaregulation.org\/ar\/#\/schema\/logo\/image\/"},"sameAs":["https:\/\/www.facebook.com\/regulationmedia\/","https:\/\/twitter.com\/mediaregulatio1","https:\/\/www.youtube.com\/channel\/UC_PWIr_i5cWscxsu_Zno_Jg"]}]}},"_links":{"self":[{"href":"https:\/\/www.mediaregulation.org\/ar\/wp-json\/wp\/v2\/pages\/3421"}],"collection":[{"href":"https:\/\/www.mediaregulation.org\/ar\/wp-json\/wp\/v2\/pages"}],"about":[{"href":"https:\/\/www.mediaregulation.org\/ar\/wp-json\/wp\/v2\/types\/page"}],"author":[{"embeddable":true,"href":"https:\/\/www.mediaregulation.org\/ar\/wp-json\/wp\/v2\/users\/1"}],"replies":[{"embeddable":true,"href":"https:\/\/www.mediaregulation.org\/ar\/wp-json\/wp\/v2\/comments?post=3421"}],"version-history":[{"count":7,"href":"https:\/\/www.mediaregulation.org\/ar\/wp-json\/wp\/v2\/pages\/3421\/revisions"}],"predecessor-version":[{"id":5343,"href":"https:\/\/www.mediaregulation.org\/ar\/wp-json\/wp\/v2\/pages\/3421\/revisions\/5343"}],"wp:attachment":[{"href":"https:\/\/www.mediaregulation.org\/ar\/wp-json\/wp\/v2\/media?parent=3421"}],"curies":[{"name":"wp","href":"https:\/\/api.w.org\/{rel}","templated":true}]}}