{"id":4226,"date":"2022-01-05T12:10:59","date_gmt":"2022-01-05T11:10:59","guid":{"rendered":"https:\/\/www.mediaregulation.org\/?page_id=4226"},"modified":"2022-03-11T15:52:52","modified_gmt":"2022-03-11T14:52:52","slug":"%d8%a3%d9%88%d9%82%d9%8a%d8%a7%d9%86%d9%88%d8%b3%d9%8a%d8%a7","status":"publish","type":"page","link":"https:\/\/www.mediaregulation.org\/ar\/%d9%87%d9%8a%d8%a6%d8%a7%d8%aa-%d8%a7%d9%84%d8%aa%d8%b9%d8%af%d9%8a%d9%84\/%d8%a3%d9%88%d9%82%d9%8a%d8%a7%d9%86%d9%88%d8%b3%d9%8a%d8%a7\/","title":{"rendered":"\u0623\u0648\u0642\u064a\u0627\u0646\u0648\u0633\u064a\u0627"},"content":{"rendered":"<p>[vc_row el_class=&#8221;carrers_area&#8221;][vc_column width=&#8221;1\/4&#8243; el_class=&#8221;carrers_left width_100&#8243;][vc_column_text]<\/p>\n<ul class=\"nav nav-tabs\" role=\"tablist\">\n<li role=\"presentation\"><a role=\"tab\" href=\"https:\/\/www.mediaregulation.org\/ar\/%d9%87%d9%8a%d8%a6%d8%a7%d8%aa-%d8%a7%d9%84%d8%aa%d8%b9%d8%af%d9%8a%d9%84\/\" aria-controls=\"carrers1\">\u0647\u064a\u0626\u0627\u062a \u0627\u0644\u062a\u0639\u062f\u064a\u0644<\/a><\/li>\n<li role=\"presentation\"><a href=\"https:\/\/www.mediaregulation.org\/ar\/%d9%87%d9%8a%d8%a6%d8%a7%d8%aa-%d8%a7%d9%84%d8%aa%d8%b9%d8%af%d9%8a%d9%84\/%d8%a5%d9%81%d8%b1%d9%8a%d9%82%d9%8a%d8%a7\/\">\u0625\u0641\u0631\u064a\u0642\u064a\u0627<\/a><\/li>\n<li role=\"presentation\"><a role=\"tab\" href=\"\/ar\/%d8%a7%d9%84%d9%87%d9%8a%d8%a6%d8%a7%d8%aa-%d8%a7%d9%84%d8%aa%d8%b9%d8%af%d9%8a%d9%84%d9%8a%d8%a9\/%d8%a3%d9%88%d8%b1%d9%88%d8%a8%d8%a7\/\" aria-controls=\"carrers4\">\u0623\u0648\u0631\u0648\u0628\u0627<\/a><span id=\"Oc\u00e9anie\" class=\"mw-headline\"><\/span><\/li>\n<li role=\"presentation\"><a href=\"https:\/\/www.mediaregulation.org\/ar\/%d9%87%d9%8a%d8%a6%d8%a7%d8%aa-%d8%a7%d9%84%d8%aa%d8%b9%d8%af%d9%8a%d9%84\/%d8%a7%d9%84%d8%a3%d9%85%d8%b1%d9%8a%d9%83%d9%8a%d9%91%d8%aa%d8%a7%d9%86\/\">\u0627\u0644\u0623\u0645\u0631\u064a\u0643\u064a\u0651\u062a\u0627\u0646<\/a><\/li>\n<li role=\"presentation\"><a href=\"\/ar\/%d8%a7%d9%84%d9%87%d9%8a%d8%a6%d8%a7%d8%aa-%d8%a7%d9%84%d8%aa%d8%b9%d8%af%d9%8a%d9%84%d9%8a%d8%a9\/asie\/\">\u0622\u0633\u064a\u0627<\/a><\/li>\n<li class=\"active\" role=\"presentation\"><a href=\"\/ar\/%d8%a7%d9%84%d9%87%d9%8a%d8%a6%d8%a7%d8%aa-%d8%a7%d9%84%d8%aa%d8%b9%d8%af%d9%8a%d9%84%d9%8a%d8%a9\/%d8%a3%d9%88%d9%82%d9%8a%d8%a7%d9%86%d9%88%d8%b3%d9%8a%d8%a7\/\">\u0623\u0648\u0642\u064a\u0627\u0646\u0648\u0633\u064a\u0627<\/a><\/li>\n<\/ul>\n<p>[\/vc_column_text][vc_column_text]<\/p>\n<div class=\"contact_info\">\n<h2>\u0645\u0639\u0644\u0648\u0645\u0627\u062a \u0627\u0644\u0627\u062a\u0635\u0627\u0644<\/h2>\n<p>M. Jean-Fran\u00e7ois Furn\u00e9mont,<br \/>\n\u0631\u0626\u064a\u0633 \u062a\u062d\u0631\u064a\u0631<\/p>\n<h5>\u0627\u0644\u0647\u0627\u062a\u0641 : <a href=\"tel:+216 71 656 507\">+216 71 656 507<\/a><\/h5>\n<h5>\u0627\u0644\u0628\u0631\u064a\u062f \u0627\u0644\u0627\u0644\u0643\u062a\u0631\u0648\u0646\u064a : <a href=\"mailto:info@mediaregulation.org\">info@mediaregulation.org<\/a><\/h5>\n<\/div>\n<p>[\/vc_column_text][\/vc_column][vc_column width=&#8221;3\/4&#8243; el_class=&#8221;carrers_right_content width_100&#8243;][vc_row_inner el_class=&#8221;partner_details&#8221;][vc_column_inner el_class=&#8221;section_title&#8221;][vc_custom_heading text=&#8221;\u0647\u064a\u0626\u0627\u062a \u0627\u0644\u062a\u0639\u062f\u064a\u0644 \u0641\u064a \u0623\u0648\u0642\u064a\u0627\u0646\u0648\u0633\u064a\u0627&#8221; google_fonts=&#8221;&#8221;][\/vc_column_inner][\/vc_row_inner][vc_row_inner][vc_column_inner width=&#8221;1\/3&#8243;][vc_single_image image=&#8221;4184&#8243; img_size=&#8221;&#8221; alignment=&#8221;center&#8221;][\/vc_column_inner][vc_column_inner width=&#8221;2\/3&#8243;][vc_column_text el_class=&#8221;about_company&#8221;]<\/p>\n<h4><a href=\"https:\/\/www.acma.gov.au\/\" target=\"_blank\" rel=\"noopener\">Australie\u00a0| ACMA<\/a><\/h4>\n<p class=\"LC20lb DKV0Md\">\u0647\u064a\u0626\u0629\u00a0 \u0627\u0644\u0627\u062a\u0651\u0635\u0627\u0644\u0627\u062a \u0648\u0627\u0644\u0625\u0639\u0644\u0627\u0645 \u0627\u0644\u0623\u0633\u062a\u0631\u0627\u0644\u064a\u0651\u0629<\/p>\n<p>[\/vc_column_text][\/vc_column_inner][\/vc_row_inner][vc_separator][vc_row_inner][vc_column_inner width=&#8221;1\/3&#8243;][vc_single_image image=&#8221;4072&#8243; img_size=&#8221;&#8221; alignment=&#8221;center&#8221;][\/vc_column_inner][vc_column_inner width=&#8221;2\/3&#8243;][vc_column_text el_class=&#8221;about_company&#8221;]<\/p>\n<h4><a href=\"https:\/\/www.bsa.govt.nz\/\">Nouvelle-Z\u00e9lande | BSA<\/a><\/h4>\n<p>\u0647\u064a\u0626\u0629 \u00a0\u0645\u0639\u0627\u064a\u064a\u0631 \u0627\u0644\u0628\u062b\u0651[\/vc_column_text][\/vc_column_inner][\/vc_row_inner][\/vc_column][\/vc_row]<\/p>\n<!-- AddThis Advanced Settings generic via filter on the_content --><!-- AddThis Share Buttons generic via filter on the_content -->","protected":false},"excerpt":{"rendered":"<p>[vc_row el_class=&#8221;carrers_area&#8221;][vc_column width=&#8221;1\/4&#8243; el_class=&#8221;carrers_left width_100&#8243;][vc_column_text] \u0647\u064a\u0626\u0627\u062a \u0627\u0644\u062a\u0639\u062f\u064a\u0644 \u0625\u0641\u0631\u064a\u0642\u064a\u0627 \u0623\u0648\u0631\u0648\u0628\u0627 \u0627\u0644\u0623\u0645\u0631\u064a\u0643\u064a\u0651\u062a\u0627\u0646 \u0622\u0633\u064a\u0627 \u0623\u0648\u0642\u064a\u0627\u0646\u0648\u0633\u064a\u0627 [\/vc_column_text][vc_column_text] \u0645\u0639\u0644\u0648\u0645\u0627\u062a \u0627\u0644\u0627\u062a\u0635\u0627\u0644 M. Jean-Fran\u00e7ois Furn\u00e9mont, \u0631\u0626\u064a\u0633 \u062a\u062d\u0631\u064a\u0631 \u0627\u0644\u0647\u0627\u062a\u0641 : +216 71 656 507 \u0627\u0644\u0628\u0631\u064a\u062f \u0627\u0644\u0627\u0644\u0643\u062a\u0631\u0648\u0646\u064a : info@mediaregulation.org [\/vc_column_text][\/vc_column][vc_column width=&#8221;3\/4&#8243; el_class=&#8221;carrers_right_content width_100&#8243;][vc_row_inner el_class=&#8221;partner_details&#8221;][vc_column_inner el_class=&#8221;section_title&#8221;][vc_custom_heading text=&#8221;\u0647\u064a\u0626\u0627\u062a \u0627\u0644\u062a\u0639\u062f\u064a\u0644 \u0641\u064a \u0623\u0648\u0642\u064a\u0627\u0646\u0648\u0633\u064a\u0627&#8221; google_fonts=&#8221;&#8221;][\/vc_column_inner][\/vc_row_inner][vc_row_inner][vc_column_inner width=&#8221;1\/3&#8243;][vc_single_image image=&#8221;4184&#8243; img_size=&#8221;&#8221; alignment=&#8221;center&#8221;][\/vc_column_inner][vc_column_inner width=&#8221;2\/3&#8243;][vc_column_text el_class=&#8221;about_company&#8221;] Australie\u00a0| ACMA \u0647\u064a\u0626\u0629\u00a0 \u0627\u0644\u0627\u062a\u0651\u0635\u0627\u0644\u0627\u062a \u0648\u0627\u0644\u0625\u0639\u0644\u0627\u0645 \u0627\u0644\u0623\u0633\u062a\u0631\u0627\u0644\u064a\u0651\u0629 [\/vc_column_text][\/vc_column_inner][\/vc_row_inner][vc_separator][vc_row_inner][vc_column_inner width=&#8221;1\/3&#8243;][vc_single_image<!-- AddThis Advanced Settings generic via filter on get_the_excerpt --><!-- AddThis Share Buttons generic via filter on get_the_excerpt --><\/p>\n","protected":false},"author":1,"featured_media":0,"parent":2829,"menu_order":0,"comment_status":"closed","ping_status":"closed","template":"","meta":{"inline_featured_image":false,"_links_to":"","_links_to_target":""},"yoast_head":"<!-- This site is optimized with the Yoast SEO plugin v21.1 - https:\/\/yoast.com\/wordpress\/plugins\/seo\/ -->\n<title>\u0623\u0648\u0642\u064a\u0627\u0646\u0648\u0633\u064a\u0627 - CRRM<\/title>\n<meta name=\"robots\" content=\"index, follow, max-snippet:-1, max-image-preview:large, max-video-preview:-1\" \/>\n<link rel=\"canonical\" href=\"https:\/\/www.mediaregulation.org\/ar\/\u0647\u064a\u0626\u0627\u062a-\u0627\u0644\u062a\u0639\u062f\u064a\u0644\/\u0623\u0648\u0642\u064a\u0627\u0646\u0648\u0633\u064a\u0627\/\" \/>\n<meta property=\"og:locale\" content=\"ar_AR\" \/>\n<meta property=\"og:type\" content=\"article\" \/>\n<meta property=\"og:title\" content=\"\u0623\u0648\u0642\u064a\u0627\u0646\u0648\u0633\u064a\u0627 - CRRM\" \/>\n<meta property=\"og:description\" content=\"[vc_row el_class=&#8221;carrers_area&#8221;][vc_column width=&#8221;1\/4&#8243; el_class=&#8221;carrers_left width_100&#8243;][vc_column_text] \u0647\u064a\u0626\u0627\u062a \u0627\u0644\u062a\u0639\u062f\u064a\u0644 \u0625\u0641\u0631\u064a\u0642\u064a\u0627 \u0623\u0648\u0631\u0648\u0628\u0627 \u0627\u0644\u0623\u0645\u0631\u064a\u0643\u064a\u0651\u062a\u0627\u0646 \u0622\u0633\u064a\u0627 \u0623\u0648\u0642\u064a\u0627\u0646\u0648\u0633\u064a\u0627 [\/vc_column_text][vc_column_text] \u0645\u0639\u0644\u0648\u0645\u0627\u062a \u0627\u0644\u0627\u062a\u0635\u0627\u0644 M. Jean-Fran\u00e7ois Furn\u00e9mont, \u0631\u0626\u064a\u0633 \u062a\u062d\u0631\u064a\u0631 \u0627\u0644\u0647\u0627\u062a\u0641 : +216 71 656 507 \u0627\u0644\u0628\u0631\u064a\u062f \u0627\u0644\u0627\u0644\u0643\u062a\u0631\u0648\u0646\u064a : info@mediaregulation.org [\/vc_column_text][\/vc_column][vc_column width=&#8221;3\/4&#8243; el_class=&#8221;carrers_right_content width_100&#8243;][vc_row_inner el_class=&#8221;partner_details&#8221;][vc_column_inner el_class=&#8221;section_title&#8221;][vc_custom_heading text=&#8221;\u0647\u064a\u0626\u0627\u062a \u0627\u0644\u062a\u0639\u062f\u064a\u0644 \u0641\u064a \u0623\u0648\u0642\u064a\u0627\u0646\u0648\u0633\u064a\u0627&#8221; google_fonts=&#8221;&#8221;][\/vc_column_inner][\/vc_row_inner][vc_row_inner][vc_column_inner width=&#8221;1\/3&#8243;][vc_single_image image=&#8221;4184&#8243; img_size=&#8221;&#8221; alignment=&#8221;center&#8221;][\/vc_column_inner][vc_column_inner width=&#8221;2\/3&#8243;][vc_column_text el_class=&#8221;about_company&#8221;] Australie\u00a0| ACMA \u0647\u064a\u0626\u0629\u00a0 \u0627\u0644\u0627\u062a\u0651\u0635\u0627\u0644\u0627\u062a \u0648\u0627\u0644\u0625\u0639\u0644\u0627\u0645 \u0627\u0644\u0623\u0633\u062a\u0631\u0627\u0644\u064a\u0651\u0629 [\/vc_column_text][\/vc_column_inner][\/vc_row_inner][vc_separator][vc_row_inner][vc_column_inner width=&#8221;1\/3&#8243;][vc_single_image\" \/>\n<meta property=\"og:url\" content=\"https:\/\/www.mediaregulation.org\/ar\/\u0647\u064a\u0626\u0627\u062a-\u0627\u0644\u062a\u0639\u062f\u064a\u0644\/\u0623\u0648\u0642\u064a\u0627\u0646\u0648\u0633\u064a\u0627\/\" \/>\n<meta property=\"og:site_name\" content=\"CRRM\" \/>\n<meta property=\"article:publisher\" content=\"https:\/\/www.facebook.com\/regulationmedia\/\" \/>\n<meta property=\"article:modified_time\" content=\"2022-03-11T14:52:52+00:00\" \/>\n<meta name=\"twitter:card\" content=\"summary_large_image\" \/>\n<meta name=\"twitter:site\" content=\"@mediaregulatio1\" \/>\n<meta name=\"twitter:label1\" content=\"\u0648\u0642\u062a \u0627\u0644\u0642\u0631\u0627\u0621\u0629 \u0627\u0644\u0645\u064f\u0642\u062f\u0651\u0631\" \/>\n\t<meta name=\"twitter:data1\" content=\"1 \u062f\u0642\u064a\u0642\u0629\" \/>\n<script type=\"application\/ld+json\" class=\"yoast-schema-graph\">{\"@context\":\"https:\/\/schema.org\",\"@graph\":[{\"@type\":\"WebPage\",\"@id\":\"https:\/\/www.mediaregulation.org\/ar\/%d9%87%d9%8a%d8%a6%d8%a7%d8%aa-%d8%a7%d9%84%d8%aa%d8%b9%d8%af%d9%8a%d9%84\/%d8%a3%d9%88%d9%82%d9%8a%d8%a7%d9%86%d9%88%d8%b3%d9%8a%d8%a7\/\",\"url\":\"https:\/\/www.mediaregulation.org\/ar\/%d9%87%d9%8a%d8%a6%d8%a7%d8%aa-%d8%a7%d9%84%d8%aa%d8%b9%d8%af%d9%8a%d9%84\/%d8%a3%d9%88%d9%82%d9%8a%d8%a7%d9%86%d9%88%d8%b3%d9%8a%d8%a7\/\",\"name\":\"\u0623\u0648\u0642\u064a\u0627\u0646\u0648\u0633\u064a\u0627 - CRRM\",\"isPartOf\":{\"@id\":\"https:\/\/www.mediaregulation.org\/ar\/#website\"},\"datePublished\":\"2022-01-05T11:10:59+00:00\",\"dateModified\":\"2022-03-11T14:52:52+00:00\",\"breadcrumb\":{\"@id\":\"https:\/\/www.mediaregulation.org\/ar\/%d9%87%d9%8a%d8%a6%d8%a7%d8%aa-%d8%a7%d9%84%d8%aa%d8%b9%d8%af%d9%8a%d9%84\/%d8%a3%d9%88%d9%82%d9%8a%d8%a7%d9%86%d9%88%d8%b3%d9%8a%d8%a7\/#breadcrumb\"},\"inLanguage\":\"ar\",\"potentialAction\":[{\"@type\":\"ReadAction\",\"target\":[\"https:\/\/www.mediaregulation.org\/ar\/%d9%87%d9%8a%d8%a6%d8%a7%d8%aa-%d8%a7%d9%84%d8%aa%d8%b9%d8%af%d9%8a%d9%84\/%d8%a3%d9%88%d9%82%d9%8a%d8%a7%d9%86%d9%88%d8%b3%d9%8a%d8%a7\/\"]}]},{\"@type\":\"BreadcrumbList\",\"@id\":\"https:\/\/www.mediaregulation.org\/ar\/%d9%87%d9%8a%d8%a6%d8%a7%d8%aa-%d8%a7%d9%84%d8%aa%d8%b9%d8%af%d9%8a%d9%84\/%d8%a3%d9%88%d9%82%d9%8a%d8%a7%d9%86%d9%88%d8%b3%d9%8a%d8%a7\/#breadcrumb\",\"itemListElement\":[{\"@type\":\"ListItem\",\"position\":1,\"name\":\"Accueil\",\"item\":\"https:\/\/www.mediaregulation.org\/ar\/\"},{\"@type\":\"ListItem\",\"position\":2,\"name\":\"\u0647\u064a\u0626\u0627\u062a \u0627\u0644\u062a\u0639\u062f\u064a\u0644\",\"item\":\"https:\/\/www.mediaregulation.org\/ar\/%d9%87%d9%8a%d8%a6%d8%a7%d8%aa-%d8%a7%d9%84%d8%aa%d8%b9%d8%af%d9%8a%d9%84\/\"},{\"@type\":\"ListItem\",\"position\":3,\"name\":\"\u0623\u0648\u0642\u064a\u0627\u0646\u0648\u0633\u064a\u0627\"}]},{\"@type\":\"WebSite\",\"@id\":\"https:\/\/www.mediaregulation.org\/ar\/#website\",\"url\":\"https:\/\/www.mediaregulation.org\/ar\/\",\"name\":\"CRRM\",\"description\":\"Centre de ressources sur la r\u00e9gulation des M\u00e9dias\",\"publisher\":{\"@id\":\"https:\/\/www.mediaregulation.org\/ar\/#organization\"},\"potentialAction\":[{\"@type\":\"SearchAction\",\"target\":{\"@type\":\"EntryPoint\",\"urlTemplate\":\"https:\/\/www.mediaregulation.org\/ar\/?s={search_term_string}\"},\"query-input\":\"required name=search_term_string\"}],\"inLanguage\":\"ar\"},{\"@type\":\"Organization\",\"@id\":\"https:\/\/www.mediaregulation.org\/ar\/#organization\",\"name\":\"Centre de ressources en ligne sur la r\u00e9gulation des m\u00e9dias, l'autor\u00e9gulation et l'\u00e9ducation aux m\u00e9dias (CRRM)\",\"url\":\"https:\/\/www.mediaregulation.org\/ar\/\",\"logo\":{\"@type\":\"ImageObject\",\"inLanguage\":\"ar\",\"@id\":\"https:\/\/www.mediaregulation.org\/ar\/#\/schema\/logo\/image\/\",\"url\":\"https:\/\/www.mediaregulation.org\/wp-content\/uploads\/2022\/05\/logo-fr-desctop-2.jpeg\",\"contentUrl\":\"https:\/\/www.mediaregulation.org\/wp-content\/uploads\/2022\/05\/logo-fr-desctop-2.jpeg\",\"width\":560,\"height\":74,\"caption\":\"Centre de ressources en ligne sur la r\u00e9gulation des m\u00e9dias, l'autor\u00e9gulation et l'\u00e9ducation aux m\u00e9dias (CRRM)\"},\"image\":{\"@id\":\"https:\/\/www.mediaregulation.org\/ar\/#\/schema\/logo\/image\/\"},\"sameAs\":[\"https:\/\/www.facebook.com\/regulationmedia\/\",\"https:\/\/twitter.com\/mediaregulatio1\",\"https:\/\/www.youtube.com\/channel\/UC_PWIr_i5cWscxsu_Zno_Jg\"]}]}<\/script>\n<!-- \/ Yoast SEO plugin. -->","yoast_head_json":{"title":"\u0623\u0648\u0642\u064a\u0627\u0646\u0648\u0633\u064a\u0627 - CRRM","robots":{"index":"index","follow":"follow","max-snippet":"max-snippet:-1","max-image-preview":"max-image-preview:large","max-video-preview":"max-video-preview:-1"},"canonical":"https:\/\/www.mediaregulation.org\/ar\/\u0647\u064a\u0626\u0627\u062a-\u0627\u0644\u062a\u0639\u062f\u064a\u0644\/\u0623\u0648\u0642\u064a\u0627\u0646\u0648\u0633\u064a\u0627\/","og_locale":"ar_AR","og_type":"article","og_title":"\u0623\u0648\u0642\u064a\u0627\u0646\u0648\u0633\u064a\u0627 - CRRM","og_description":"[vc_row el_class=&#8221;carrers_area&#8221;][vc_column width=&#8221;1\/4&#8243; el_class=&#8221;carrers_left width_100&#8243;][vc_column_text] \u0647\u064a\u0626\u0627\u062a \u0627\u0644\u062a\u0639\u062f\u064a\u0644 \u0625\u0641\u0631\u064a\u0642\u064a\u0627 \u0623\u0648\u0631\u0648\u0628\u0627 \u0627\u0644\u0623\u0645\u0631\u064a\u0643\u064a\u0651\u062a\u0627\u0646 \u0622\u0633\u064a\u0627 \u0623\u0648\u0642\u064a\u0627\u0646\u0648\u0633\u064a\u0627 [\/vc_column_text][vc_column_text] \u0645\u0639\u0644\u0648\u0645\u0627\u062a \u0627\u0644\u0627\u062a\u0635\u0627\u0644 M. Jean-Fran\u00e7ois Furn\u00e9mont, \u0631\u0626\u064a\u0633 \u062a\u062d\u0631\u064a\u0631 \u0627\u0644\u0647\u0627\u062a\u0641 : +216 71 656 507 \u0627\u0644\u0628\u0631\u064a\u062f \u0627\u0644\u0627\u0644\u0643\u062a\u0631\u0648\u0646\u064a : info@mediaregulation.org [\/vc_column_text][\/vc_column][vc_column width=&#8221;3\/4&#8243; el_class=&#8221;carrers_right_content width_100&#8243;][vc_row_inner el_class=&#8221;partner_details&#8221;][vc_column_inner el_class=&#8221;section_title&#8221;][vc_custom_heading text=&#8221;\u0647\u064a\u0626\u0627\u062a \u0627\u0644\u062a\u0639\u062f\u064a\u0644 \u0641\u064a \u0623\u0648\u0642\u064a\u0627\u0646\u0648\u0633\u064a\u0627&#8221; google_fonts=&#8221;&#8221;][\/vc_column_inner][\/vc_row_inner][vc_row_inner][vc_column_inner width=&#8221;1\/3&#8243;][vc_single_image image=&#8221;4184&#8243; img_size=&#8221;&#8221; alignment=&#8221;center&#8221;][\/vc_column_inner][vc_column_inner width=&#8221;2\/3&#8243;][vc_column_text el_class=&#8221;about_company&#8221;] Australie\u00a0| ACMA \u0647\u064a\u0626\u0629\u00a0 \u0627\u0644\u0627\u062a\u0651\u0635\u0627\u0644\u0627\u062a \u0648\u0627\u0644\u0625\u0639\u0644\u0627\u0645 \u0627\u0644\u0623\u0633\u062a\u0631\u0627\u0644\u064a\u0651\u0629 [\/vc_column_text][\/vc_column_inner][\/vc_row_inner][vc_separator][vc_row_inner][vc_column_inner width=&#8221;1\/3&#8243;][vc_single_image","og_url":"https:\/\/www.mediaregulation.org\/ar\/\u0647\u064a\u0626\u0627\u062a-\u0627\u0644\u062a\u0639\u062f\u064a\u0644\/\u0623\u0648\u0642\u064a\u0627\u0646\u0648\u0633\u064a\u0627\/","og_site_name":"CRRM","article_publisher":"https:\/\/www.facebook.com\/regulationmedia\/","article_modified_time":"2022-03-11T14:52:52+00:00","twitter_card":"summary_large_image","twitter_site":"@mediaregulatio1","twitter_misc":{"\u0648\u0642\u062a \u0627\u0644\u0642\u0631\u0627\u0621\u0629 \u0627\u0644\u0645\u064f\u0642\u062f\u0651\u0631":"1 \u062f\u0642\u064a\u0642\u0629"},"schema":{"@context":"https:\/\/schema.org","@graph":[{"@type":"WebPage","@id":"https:\/\/www.mediaregulation.org\/ar\/%d9%87%d9%8a%d8%a6%d8%a7%d8%aa-%d8%a7%d9%84%d8%aa%d8%b9%d8%af%d9%8a%d9%84\/%d8%a3%d9%88%d9%82%d9%8a%d8%a7%d9%86%d9%88%d8%b3%d9%8a%d8%a7\/","url":"https:\/\/www.mediaregulation.org\/ar\/%d9%87%d9%8a%d8%a6%d8%a7%d8%aa-%d8%a7%d9%84%d8%aa%d8%b9%d8%af%d9%8a%d9%84\/%d8%a3%d9%88%d9%82%d9%8a%d8%a7%d9%86%d9%88%d8%b3%d9%8a%d8%a7\/","name":"\u0623\u0648\u0642\u064a\u0627\u0646\u0648\u0633\u064a\u0627 - CRRM","isPartOf":{"@id":"https:\/\/www.mediaregulation.org\/ar\/#website"},"datePublished":"2022-01-05T11:10:59+00:00","dateModified":"2022-03-11T14:52:52+00:00","breadcrumb":{"@id":"https:\/\/www.mediaregulation.org\/ar\/%d9%87%d9%8a%d8%a6%d8%a7%d8%aa-%d8%a7%d9%84%d8%aa%d8%b9%d8%af%d9%8a%d9%84\/%d8%a3%d9%88%d9%82%d9%8a%d8%a7%d9%86%d9%88%d8%b3%d9%8a%d8%a7\/#breadcrumb"},"inLanguage":"ar","potentialAction":[{"@type":"ReadAction","target":["https:\/\/www.mediaregulation.org\/ar\/%d9%87%d9%8a%d8%a6%d8%a7%d8%aa-%d8%a7%d9%84%d8%aa%d8%b9%d8%af%d9%8a%d9%84\/%d8%a3%d9%88%d9%82%d9%8a%d8%a7%d9%86%d9%88%d8%b3%d9%8a%d8%a7\/"]}]},{"@type":"BreadcrumbList","@id":"https:\/\/www.mediaregulation.org\/ar\/%d9%87%d9%8a%d8%a6%d8%a7%d8%aa-%d8%a7%d9%84%d8%aa%d8%b9%d8%af%d9%8a%d9%84\/%d8%a3%d9%88%d9%82%d9%8a%d8%a7%d9%86%d9%88%d8%b3%d9%8a%d8%a7\/#breadcrumb","itemListElement":[{"@type":"ListItem","position":1,"name":"Accueil","item":"https:\/\/www.mediaregulation.org\/ar\/"},{"@type":"ListItem","position":2,"name":"\u0647\u064a\u0626\u0627\u062a \u0627\u0644\u062a\u0639\u062f\u064a\u0644","item":"https:\/\/www.mediaregulation.org\/ar\/%d9%87%d9%8a%d8%a6%d8%a7%d8%aa-%d8%a7%d9%84%d8%aa%d8%b9%d8%af%d9%8a%d9%84\/"},{"@type":"ListItem","position":3,"name":"\u0623\u0648\u0642\u064a\u0627\u0646\u0648\u0633\u064a\u0627"}]},{"@type":"WebSite","@id":"https:\/\/www.mediaregulation.org\/ar\/#website","url":"https:\/\/www.mediaregulation.org\/ar\/","name":"CRRM","description":"Centre de ressources sur la r\u00e9gulation des M\u00e9dias","publisher":{"@id":"https:\/\/www.mediaregulation.org\/ar\/#organization"},"potentialAction":[{"@type":"SearchAction","target":{"@type":"EntryPoint","urlTemplate":"https:\/\/www.mediaregulation.org\/ar\/?s={search_term_string}"},"query-input":"required name=search_term_string"}],"inLanguage":"ar"},{"@type":"Organization","@id":"https:\/\/www.mediaregulation.org\/ar\/#organization","name":"Centre de ressources en ligne sur la r\u00e9gulation des m\u00e9dias, l'autor\u00e9gulation et l'\u00e9ducation aux m\u00e9dias (CRRM)","url":"https:\/\/www.mediaregulation.org\/ar\/","logo":{"@type":"ImageObject","inLanguage":"ar","@id":"https:\/\/www.mediaregulation.org\/ar\/#\/schema\/logo\/image\/","url":"https:\/\/www.mediaregulation.org\/wp-content\/uploads\/2022\/05\/logo-fr-desctop-2.jpeg","contentUrl":"https:\/\/www.mediaregulation.org\/wp-content\/uploads\/2022\/05\/logo-fr-desctop-2.jpeg","width":560,"height":74,"caption":"Centre de ressources en ligne sur la r\u00e9gulation des m\u00e9dias, l'autor\u00e9gulation et l'\u00e9ducation aux m\u00e9dias (CRRM)"},"image":{"@id":"https:\/\/www.mediaregulation.org\/ar\/#\/schema\/logo\/image\/"},"sameAs":["https:\/\/www.facebook.com\/regulationmedia\/","https:\/\/twitter.com\/mediaregulatio1","https:\/\/www.youtube.com\/channel\/UC_PWIr_i5cWscxsu_Zno_Jg"]}]}},"_links":{"self":[{"href":"https:\/\/www.mediaregulation.org\/ar\/wp-json\/wp\/v2\/pages\/4226"}],"collection":[{"href":"https:\/\/www.mediaregulation.org\/ar\/wp-json\/wp\/v2\/pages"}],"about":[{"href":"https:\/\/www.mediaregulation.org\/ar\/wp-json\/wp\/v2\/types\/page"}],"author":[{"embeddable":true,"href":"https:\/\/www.mediaregulation.org\/ar\/wp-json\/wp\/v2\/users\/1"}],"replies":[{"embeddable":true,"href":"https:\/\/www.mediaregulation.org\/ar\/wp-json\/wp\/v2\/comments?post=4226"}],"version-history":[{"count":14,"href":"https:\/\/www.mediaregulation.org\/ar\/wp-json\/wp\/v2\/pages\/4226\/revisions"}],"predecessor-version":[{"id":5589,"href":"https:\/\/www.mediaregulation.org\/ar\/wp-json\/wp\/v2\/pages\/4226\/revisions\/5589"}],"up":[{"embeddable":true,"href":"https:\/\/www.mediaregulation.org\/ar\/wp-json\/wp\/v2\/pages\/2829"}],"wp:attachment":[{"href":"https:\/\/www.mediaregulation.org\/ar\/wp-json\/wp\/v2\/media?parent=4226"}],"curies":[{"name":"wp","href":"https:\/\/api.w.org\/{rel}","templated":true}]}}