{"id":4703,"date":"2022-01-17T12:24:44","date_gmt":"2022-01-17T11:24:44","guid":{"rendered":"https:\/\/www.mediaregulation.org\/?page_id=4703"},"modified":"2022-01-17T12:24:48","modified_gmt":"2022-01-17T11:24:48","slug":"%d8%b1%d9%8a%d9%86%d9%88-%d8%af%d9%8a-%d9%84%d8%a7-%d8%a8%d8%b1%d9%88%d8%b3","status":"publish","type":"page","link":"https:\/\/www.mediaregulation.org\/ar\/%d8%b1%d9%8a%d9%86%d9%88-%d8%af%d9%8a-%d9%84%d8%a7-%d8%a8%d8%b1%d9%88%d8%b3\/","title":{"rendered":"\u0631\u064a\u0646\u0648 \u062f\u064a \u0644\u0627 \u0628\u0631\u0648\u0633"},"content":{"rendered":"<p>[vc_row el_class=&#8221;about_company&#8221;][vc_column width=&#8221;1\/2&#8243;][vc_single_image image=&#8221;4839&#8243; img_size=&#8221;full&#8221;][\/vc_column][vc_column width=&#8221;1\/2&#8243;][vc_column_text el_class=&#8221;text-justif&#8221;]\u0627\u0644\u0645\u0633\u0645\u0649 \u0627\u0644\u0648\u0638\u064a\u0641\u064a: \u0641\u0646\u064a \u062f\u0639\u0645 \u062a\u0643\u0646\u0648\u0644\u0648\u062c\u064a\u0627 \u0627\u0644\u0645\u0639\u0644\u0648\u0645\u0627\u062a \u0627\u0644\u0625\u062f\u0627\u0631\u064a\u0629<\/p>\n<p><a href=\"mailto:lassadtroudi@yahoo.fr\">lassadtroudi@yahoo.fr<\/a><\/p>\n<p>\u0645\u062a\u062d\u0635\u0644 \u0639\u0644\u0649 \u0634\u0647\u0627\u062f\u0629 \u0628\u0631\u0627\u0621\u0629 \u0627\u062e\u062a\u0631\u0627\u0639 \u0641\u0646\u064a \u0641\u064a \u0625\u062f\u0627\u0631\u0629 \u062a\u0643\u0646\u0648\u0644\u0648\u062c\u064a\u0627 \u0627\u0644\u0645\u0639\u0644\u0648\u0645\u0627\u062a \u0641\u064a \u0627\u0644\u0645\u0631\u0643\u0632 \u0627\u0644\u0642\u0637\u0627\u0639\u064a \u0644\u0644\u062d\u0631\u0641 \u0627\u0644\u062b\u0627\u0644\u062b\u0629 \u0641\u064a \u0642\u0645\u0631\u062a. \u0627\u0644\u0627\u0633\u0639\u062f \u0647\u0648 \u0641\u0646\u064a \u062a\u0643\u0646\u0648\u0644\u0648\u062c\u064a\u0627 \u0627\u0644\u0645\u0639\u0644\u0648\u0645\u0627\u062a \u064a\u062a\u0645\u062a\u0639 \u0628\u062e\u0628\u0631\u0629 5 \u0633\u0646\u0648\u0627\u062a \u0641\u064a \u0627\u0644\u0645\u062c\u0627\u0644<\/p>\n<p>\u0648\u0642\u062f \u0639\u0645\u0644 \u0641\u064a \u0627\u0644\u0639\u062f\u064a\u062f \u0645\u0646 \u0627\u0644\u0634\u0631\u0643\u0627\u062a \u0628\u0645\u0627 \u0641\u064a \u0630\u0627\u0643 \u0628\u0631\u0646\u0627\u0645\u062c \u0627\u0644\u0623\u0645\u0645 \u0627\u0644\u0645\u062a\u062d\u062f\u0629 \u0627\u0644\u0625\u0646\u0645\u0627\u0626\u064a\u060c \u0645\u062c\u0644\u0633 \u0623\u0648\u0631\u0648\u0628\u0627\u060c \u0627\u0644\u0647\u064a\u0626\u0629 \u0627\u0644\u0639\u0644\u064a\u0627 \u0627\u0644\u0645\u0633\u062a\u0642\u0644\u0629 \u0644\u0644\u0627\u062a\u0635\u0627\u0644 \u0627\u0644\u0633\u0645\u0639\u064a \u0648\u0627\u0644\u0628\u0635\u0631\u064a\u060c<\/p>\n<p>, HAICA, try and buy (Samsung), NOVUS (ooredoo) .[\/vc_column_text][\/vc_column][\/vc_row]<\/p>\n<!-- AddThis Advanced Settings generic via filter on the_content --><!-- AddThis Share Buttons generic via filter on the_content -->","protected":false},"excerpt":{"rendered":"<p>[vc_row el_class=&#8221;about_company&#8221;][vc_column width=&#8221;1\/2&#8243;][vc_single_image image=&#8221;4839&#8243; img_size=&#8221;full&#8221;][\/vc_column][vc_column width=&#8221;1\/2&#8243;][vc_column_text el_class=&#8221;text-justif&#8221;]\u0627\u0644\u0645\u0633\u0645\u0649 \u0627\u0644\u0648\u0638\u064a\u0641\u064a: \u0641\u0646\u064a \u062f\u0639\u0645 \u062a\u0643\u0646\u0648\u0644\u0648\u062c\u064a\u0627 \u0627\u0644\u0645\u0639\u0644\u0648\u0645\u0627\u062a \u0627\u0644\u0625\u062f\u0627\u0631\u064a\u0629 lassadtroudi@yahoo.fr \u0645\u062a\u062d\u0635\u0644 \u0639\u0644\u0649 \u0634\u0647\u0627\u062f\u0629 \u0628\u0631\u0627\u0621\u0629 \u0627\u062e\u062a\u0631\u0627\u0639 \u0641\u0646\u064a \u0641\u064a \u0625\u062f\u0627\u0631\u0629 \u062a\u0643\u0646\u0648\u0644\u0648\u062c\u064a\u0627 \u0627\u0644\u0645\u0639\u0644\u0648\u0645\u0627\u062a \u0641\u064a \u0627\u0644\u0645\u0631\u0643\u0632 \u0627\u0644\u0642\u0637\u0627\u0639\u064a \u0644\u0644\u062d\u0631\u0641 \u0627\u0644\u062b\u0627\u0644\u062b\u0629 \u0641\u064a \u0642\u0645\u0631\u062a. \u0627\u0644\u0627\u0633\u0639\u062f \u0647\u0648 \u0641\u0646\u064a \u062a\u0643\u0646\u0648\u0644\u0648\u062c\u064a\u0627 \u0627\u0644\u0645\u0639\u0644\u0648\u0645\u0627\u062a \u064a\u062a\u0645\u062a\u0639 \u0628\u062e\u0628\u0631\u0629 5 \u0633\u0646\u0648\u0627\u062a \u0641\u064a \u0627\u0644\u0645\u062c\u0627\u0644 \u0648\u0642\u062f \u0639\u0645\u0644 \u0641\u064a \u0627\u0644\u0639\u062f\u064a\u062f \u0645\u0646 \u0627\u0644\u0634\u0631\u0643\u0627\u062a \u0628\u0645\u0627 \u0641\u064a \u0630\u0627\u0643 \u0628\u0631\u0646\u0627\u0645\u062c \u0627\u0644\u0623\u0645\u0645 \u0627\u0644\u0645\u062a\u062d\u062f\u0629 \u0627\u0644\u0625\u0646\u0645\u0627\u0626\u064a\u060c<!-- AddThis Advanced Settings generic via filter on get_the_excerpt --><!-- AddThis Share Buttons generic via filter on get_the_excerpt --><\/p>\n","protected":false},"author":2,"featured_media":0,"parent":0,"menu_order":0,"comment_status":"closed","ping_status":"closed","template":"","meta":{"inline_featured_image":false,"_links_to":"","_links_to_target":""},"yoast_head":"<!-- This site is optimized with the Yoast SEO plugin v21.1 - https:\/\/yoast.com\/wordpress\/plugins\/seo\/ -->\n<title>\u0631\u064a\u0646\u0648 \u062f\u064a \u0644\u0627 \u0628\u0631\u0648\u0633 - CRRM<\/title>\n<meta name=\"robots\" content=\"index, follow, max-snippet:-1, max-image-preview:large, max-video-preview:-1\" \/>\n<link rel=\"canonical\" href=\"https:\/\/www.mediaregulation.org\/ar\/\u0631\u064a\u0646\u0648-\u062f\u064a-\u0644\u0627-\u0628\u0631\u0648\u0633\/\" \/>\n<meta property=\"og:locale\" content=\"ar_AR\" \/>\n<meta property=\"og:type\" content=\"article\" \/>\n<meta property=\"og:title\" content=\"\u0631\u064a\u0646\u0648 \u062f\u064a \u0644\u0627 \u0628\u0631\u0648\u0633 - CRRM\" \/>\n<meta property=\"og:description\" content=\"[vc_row el_class=&#8221;about_company&#8221;][vc_column width=&#8221;1\/2&#8243;][vc_single_image image=&#8221;4839&#8243; img_size=&#8221;full&#8221;][\/vc_column][vc_column width=&#8221;1\/2&#8243;][vc_column_text el_class=&#8221;text-justif&#8221;]\u0627\u0644\u0645\u0633\u0645\u0649 \u0627\u0644\u0648\u0638\u064a\u0641\u064a: \u0641\u0646\u064a \u062f\u0639\u0645 \u062a\u0643\u0646\u0648\u0644\u0648\u062c\u064a\u0627 \u0627\u0644\u0645\u0639\u0644\u0648\u0645\u0627\u062a \u0627\u0644\u0625\u062f\u0627\u0631\u064a\u0629 lassadtroudi@yahoo.fr \u0645\u062a\u062d\u0635\u0644 \u0639\u0644\u0649 \u0634\u0647\u0627\u062f\u0629 \u0628\u0631\u0627\u0621\u0629 \u0627\u062e\u062a\u0631\u0627\u0639 \u0641\u0646\u064a \u0641\u064a \u0625\u062f\u0627\u0631\u0629 \u062a\u0643\u0646\u0648\u0644\u0648\u062c\u064a\u0627 \u0627\u0644\u0645\u0639\u0644\u0648\u0645\u0627\u062a \u0641\u064a \u0627\u0644\u0645\u0631\u0643\u0632 \u0627\u0644\u0642\u0637\u0627\u0639\u064a \u0644\u0644\u062d\u0631\u0641 \u0627\u0644\u062b\u0627\u0644\u062b\u0629 \u0641\u064a \u0642\u0645\u0631\u062a. \u0627\u0644\u0627\u0633\u0639\u062f \u0647\u0648 \u0641\u0646\u064a \u062a\u0643\u0646\u0648\u0644\u0648\u062c\u064a\u0627 \u0627\u0644\u0645\u0639\u0644\u0648\u0645\u0627\u062a \u064a\u062a\u0645\u062a\u0639 \u0628\u062e\u0628\u0631\u0629 5 \u0633\u0646\u0648\u0627\u062a \u0641\u064a \u0627\u0644\u0645\u062c\u0627\u0644 \u0648\u0642\u062f \u0639\u0645\u0644 \u0641\u064a \u0627\u0644\u0639\u062f\u064a\u062f \u0645\u0646 \u0627\u0644\u0634\u0631\u0643\u0627\u062a \u0628\u0645\u0627 \u0641\u064a \u0630\u0627\u0643 \u0628\u0631\u0646\u0627\u0645\u062c \u0627\u0644\u0623\u0645\u0645 \u0627\u0644\u0645\u062a\u062d\u062f\u0629 \u0627\u0644\u0625\u0646\u0645\u0627\u0626\u064a\u060c\" \/>\n<meta property=\"og:url\" content=\"https:\/\/www.mediaregulation.org\/ar\/\u0631\u064a\u0646\u0648-\u062f\u064a-\u0644\u0627-\u0628\u0631\u0648\u0633\/\" \/>\n<meta property=\"og:site_name\" content=\"CRRM\" \/>\n<meta property=\"article:publisher\" content=\"https:\/\/www.facebook.com\/regulationmedia\/\" \/>\n<meta property=\"article:modified_time\" content=\"2022-01-17T11:24:48+00:00\" \/>\n<meta name=\"twitter:card\" content=\"summary_large_image\" \/>\n<meta name=\"twitter:site\" content=\"@mediaregulatio1\" \/>\n<script type=\"application\/ld+json\" class=\"yoast-schema-graph\">{\"@context\":\"https:\/\/schema.org\",\"@graph\":[{\"@type\":\"WebPage\",\"@id\":\"https:\/\/www.mediaregulation.org\/ar\/%d8%b1%d9%8a%d9%86%d9%88-%d8%af%d9%8a-%d9%84%d8%a7-%d8%a8%d8%b1%d9%88%d8%b3\/\",\"url\":\"https:\/\/www.mediaregulation.org\/ar\/%d8%b1%d9%8a%d9%86%d9%88-%d8%af%d9%8a-%d9%84%d8%a7-%d8%a8%d8%b1%d9%88%d8%b3\/\",\"name\":\"\u0631\u064a\u0646\u0648 \u062f\u064a \u0644\u0627 \u0628\u0631\u0648\u0633 - CRRM\",\"isPartOf\":{\"@id\":\"https:\/\/www.mediaregulation.org\/ar\/#website\"},\"datePublished\":\"2022-01-17T11:24:44+00:00\",\"dateModified\":\"2022-01-17T11:24:48+00:00\",\"breadcrumb\":{\"@id\":\"https:\/\/www.mediaregulation.org\/ar\/%d8%b1%d9%8a%d9%86%d9%88-%d8%af%d9%8a-%d9%84%d8%a7-%d8%a8%d8%b1%d9%88%d8%b3\/#breadcrumb\"},\"inLanguage\":\"ar\",\"potentialAction\":[{\"@type\":\"ReadAction\",\"target\":[\"https:\/\/www.mediaregulation.org\/ar\/%d8%b1%d9%8a%d9%86%d9%88-%d8%af%d9%8a-%d9%84%d8%a7-%d8%a8%d8%b1%d9%88%d8%b3\/\"]}]},{\"@type\":\"BreadcrumbList\",\"@id\":\"https:\/\/www.mediaregulation.org\/ar\/%d8%b1%d9%8a%d9%86%d9%88-%d8%af%d9%8a-%d9%84%d8%a7-%d8%a8%d8%b1%d9%88%d8%b3\/#breadcrumb\",\"itemListElement\":[{\"@type\":\"ListItem\",\"position\":1,\"name\":\"Accueil\",\"item\":\"https:\/\/www.mediaregulation.org\/ar\/\"},{\"@type\":\"ListItem\",\"position\":2,\"name\":\"\u0631\u064a\u0646\u0648 \u062f\u064a \u0644\u0627 \u0628\u0631\u0648\u0633\"}]},{\"@type\":\"WebSite\",\"@id\":\"https:\/\/www.mediaregulation.org\/ar\/#website\",\"url\":\"https:\/\/www.mediaregulation.org\/ar\/\",\"name\":\"CRRM\",\"description\":\"Centre de ressources sur la r\u00e9gulation des M\u00e9dias\",\"publisher\":{\"@id\":\"https:\/\/www.mediaregulation.org\/ar\/#organization\"},\"potentialAction\":[{\"@type\":\"SearchAction\",\"target\":{\"@type\":\"EntryPoint\",\"urlTemplate\":\"https:\/\/www.mediaregulation.org\/ar\/?s={search_term_string}\"},\"query-input\":\"required name=search_term_string\"}],\"inLanguage\":\"ar\"},{\"@type\":\"Organization\",\"@id\":\"https:\/\/www.mediaregulation.org\/ar\/#organization\",\"name\":\"Centre de ressources en ligne sur la r\u00e9gulation des m\u00e9dias, l'autor\u00e9gulation et l'\u00e9ducation aux m\u00e9dias (CRRM)\",\"url\":\"https:\/\/www.mediaregulation.org\/ar\/\",\"logo\":{\"@type\":\"ImageObject\",\"inLanguage\":\"ar\",\"@id\":\"https:\/\/www.mediaregulation.org\/ar\/#\/schema\/logo\/image\/\",\"url\":\"https:\/\/www.mediaregulation.org\/wp-content\/uploads\/2022\/05\/logo-fr-desctop-2.jpeg\",\"contentUrl\":\"https:\/\/www.mediaregulation.org\/wp-content\/uploads\/2022\/05\/logo-fr-desctop-2.jpeg\",\"width\":560,\"height\":74,\"caption\":\"Centre de ressources en ligne sur la r\u00e9gulation des m\u00e9dias, l'autor\u00e9gulation et l'\u00e9ducation aux m\u00e9dias (CRRM)\"},\"image\":{\"@id\":\"https:\/\/www.mediaregulation.org\/ar\/#\/schema\/logo\/image\/\"},\"sameAs\":[\"https:\/\/www.facebook.com\/regulationmedia\/\",\"https:\/\/twitter.com\/mediaregulatio1\",\"https:\/\/www.youtube.com\/channel\/UC_PWIr_i5cWscxsu_Zno_Jg\"]}]}<\/script>\n<!-- \/ Yoast SEO plugin. -->","yoast_head_json":{"title":"\u0631\u064a\u0646\u0648 \u062f\u064a \u0644\u0627 \u0628\u0631\u0648\u0633 - CRRM","robots":{"index":"index","follow":"follow","max-snippet":"max-snippet:-1","max-image-preview":"max-image-preview:large","max-video-preview":"max-video-preview:-1"},"canonical":"https:\/\/www.mediaregulation.org\/ar\/\u0631\u064a\u0646\u0648-\u062f\u064a-\u0644\u0627-\u0628\u0631\u0648\u0633\/","og_locale":"ar_AR","og_type":"article","og_title":"\u0631\u064a\u0646\u0648 \u062f\u064a \u0644\u0627 \u0628\u0631\u0648\u0633 - CRRM","og_description":"[vc_row el_class=&#8221;about_company&#8221;][vc_column width=&#8221;1\/2&#8243;][vc_single_image image=&#8221;4839&#8243; img_size=&#8221;full&#8221;][\/vc_column][vc_column width=&#8221;1\/2&#8243;][vc_column_text el_class=&#8221;text-justif&#8221;]\u0627\u0644\u0645\u0633\u0645\u0649 \u0627\u0644\u0648\u0638\u064a\u0641\u064a: \u0641\u0646\u064a \u062f\u0639\u0645 \u062a\u0643\u0646\u0648\u0644\u0648\u062c\u064a\u0627 \u0627\u0644\u0645\u0639\u0644\u0648\u0645\u0627\u062a \u0627\u0644\u0625\u062f\u0627\u0631\u064a\u0629 lassadtroudi@yahoo.fr \u0645\u062a\u062d\u0635\u0644 \u0639\u0644\u0649 \u0634\u0647\u0627\u062f\u0629 \u0628\u0631\u0627\u0621\u0629 \u0627\u062e\u062a\u0631\u0627\u0639 \u0641\u0646\u064a \u0641\u064a \u0625\u062f\u0627\u0631\u0629 \u062a\u0643\u0646\u0648\u0644\u0648\u062c\u064a\u0627 \u0627\u0644\u0645\u0639\u0644\u0648\u0645\u0627\u062a \u0641\u064a \u0627\u0644\u0645\u0631\u0643\u0632 \u0627\u0644\u0642\u0637\u0627\u0639\u064a \u0644\u0644\u062d\u0631\u0641 \u0627\u0644\u062b\u0627\u0644\u062b\u0629 \u0641\u064a \u0642\u0645\u0631\u062a. \u0627\u0644\u0627\u0633\u0639\u062f \u0647\u0648 \u0641\u0646\u064a \u062a\u0643\u0646\u0648\u0644\u0648\u062c\u064a\u0627 \u0627\u0644\u0645\u0639\u0644\u0648\u0645\u0627\u062a \u064a\u062a\u0645\u062a\u0639 \u0628\u062e\u0628\u0631\u0629 5 \u0633\u0646\u0648\u0627\u062a \u0641\u064a \u0627\u0644\u0645\u062c\u0627\u0644 \u0648\u0642\u062f \u0639\u0645\u0644 \u0641\u064a \u0627\u0644\u0639\u062f\u064a\u062f \u0645\u0646 \u0627\u0644\u0634\u0631\u0643\u0627\u062a \u0628\u0645\u0627 \u0641\u064a \u0630\u0627\u0643 \u0628\u0631\u0646\u0627\u0645\u062c \u0627\u0644\u0623\u0645\u0645 \u0627\u0644\u0645\u062a\u062d\u062f\u0629 \u0627\u0644\u0625\u0646\u0645\u0627\u0626\u064a\u060c","og_url":"https:\/\/www.mediaregulation.org\/ar\/\u0631\u064a\u0646\u0648-\u062f\u064a-\u0644\u0627-\u0628\u0631\u0648\u0633\/","og_site_name":"CRRM","article_publisher":"https:\/\/www.facebook.com\/regulationmedia\/","article_modified_time":"2022-01-17T11:24:48+00:00","twitter_card":"summary_large_image","twitter_site":"@mediaregulatio1","schema":{"@context":"https:\/\/schema.org","@graph":[{"@type":"WebPage","@id":"https:\/\/www.mediaregulation.org\/ar\/%d8%b1%d9%8a%d9%86%d9%88-%d8%af%d9%8a-%d9%84%d8%a7-%d8%a8%d8%b1%d9%88%d8%b3\/","url":"https:\/\/www.mediaregulation.org\/ar\/%d8%b1%d9%8a%d9%86%d9%88-%d8%af%d9%8a-%d9%84%d8%a7-%d8%a8%d8%b1%d9%88%d8%b3\/","name":"\u0631\u064a\u0646\u0648 \u062f\u064a \u0644\u0627 \u0628\u0631\u0648\u0633 - CRRM","isPartOf":{"@id":"https:\/\/www.mediaregulation.org\/ar\/#website"},"datePublished":"2022-01-17T11:24:44+00:00","dateModified":"2022-01-17T11:24:48+00:00","breadcrumb":{"@id":"https:\/\/www.mediaregulation.org\/ar\/%d8%b1%d9%8a%d9%86%d9%88-%d8%af%d9%8a-%d9%84%d8%a7-%d8%a8%d8%b1%d9%88%d8%b3\/#breadcrumb"},"inLanguage":"ar","potentialAction":[{"@type":"ReadAction","target":["https:\/\/www.mediaregulation.org\/ar\/%d8%b1%d9%8a%d9%86%d9%88-%d8%af%d9%8a-%d9%84%d8%a7-%d8%a8%d8%b1%d9%88%d8%b3\/"]}]},{"@type":"BreadcrumbList","@id":"https:\/\/www.mediaregulation.org\/ar\/%d8%b1%d9%8a%d9%86%d9%88-%d8%af%d9%8a-%d9%84%d8%a7-%d8%a8%d8%b1%d9%88%d8%b3\/#breadcrumb","itemListElement":[{"@type":"ListItem","position":1,"name":"Accueil","item":"https:\/\/www.mediaregulation.org\/ar\/"},{"@type":"ListItem","position":2,"name":"\u0631\u064a\u0646\u0648 \u062f\u064a \u0644\u0627 \u0628\u0631\u0648\u0633"}]},{"@type":"WebSite","@id":"https:\/\/www.mediaregulation.org\/ar\/#website","url":"https:\/\/www.mediaregulation.org\/ar\/","name":"CRRM","description":"Centre de ressources sur la r\u00e9gulation des M\u00e9dias","publisher":{"@id":"https:\/\/www.mediaregulation.org\/ar\/#organization"},"potentialAction":[{"@type":"SearchAction","target":{"@type":"EntryPoint","urlTemplate":"https:\/\/www.mediaregulation.org\/ar\/?s={search_term_string}"},"query-input":"required name=search_term_string"}],"inLanguage":"ar"},{"@type":"Organization","@id":"https:\/\/www.mediaregulation.org\/ar\/#organization","name":"Centre de ressources en ligne sur la r\u00e9gulation des m\u00e9dias, l'autor\u00e9gulation et l'\u00e9ducation aux m\u00e9dias (CRRM)","url":"https:\/\/www.mediaregulation.org\/ar\/","logo":{"@type":"ImageObject","inLanguage":"ar","@id":"https:\/\/www.mediaregulation.org\/ar\/#\/schema\/logo\/image\/","url":"https:\/\/www.mediaregulation.org\/wp-content\/uploads\/2022\/05\/logo-fr-desctop-2.jpeg","contentUrl":"https:\/\/www.mediaregulation.org\/wp-content\/uploads\/2022\/05\/logo-fr-desctop-2.jpeg","width":560,"height":74,"caption":"Centre de ressources en ligne sur la r\u00e9gulation des m\u00e9dias, l'autor\u00e9gulation et l'\u00e9ducation aux m\u00e9dias (CRRM)"},"image":{"@id":"https:\/\/www.mediaregulation.org\/ar\/#\/schema\/logo\/image\/"},"sameAs":["https:\/\/www.facebook.com\/regulationmedia\/","https:\/\/twitter.com\/mediaregulatio1","https:\/\/www.youtube.com\/channel\/UC_PWIr_i5cWscxsu_Zno_Jg"]}]}},"_links":{"self":[{"href":"https:\/\/www.mediaregulation.org\/ar\/wp-json\/wp\/v2\/pages\/4703"}],"collection":[{"href":"https:\/\/www.mediaregulation.org\/ar\/wp-json\/wp\/v2\/pages"}],"about":[{"href":"https:\/\/www.mediaregulation.org\/ar\/wp-json\/wp\/v2\/types\/page"}],"author":[{"embeddable":true,"href":"https:\/\/www.mediaregulation.org\/ar\/wp-json\/wp\/v2\/users\/2"}],"replies":[{"embeddable":true,"href":"https:\/\/www.mediaregulation.org\/ar\/wp-json\/wp\/v2\/comments?post=4703"}],"version-history":[{"count":3,"href":"https:\/\/www.mediaregulation.org\/ar\/wp-json\/wp\/v2\/pages\/4703\/revisions"}],"predecessor-version":[{"id":4844,"href":"https:\/\/www.mediaregulation.org\/ar\/wp-json\/wp\/v2\/pages\/4703\/revisions\/4844"}],"wp:attachment":[{"href":"https:\/\/www.mediaregulation.org\/ar\/wp-json\/wp\/v2\/media?parent=4703"}],"curies":[{"name":"wp","href":"https:\/\/api.w.org\/{rel}","templated":true}]}}