{"id":1552,"date":"2022-03-14T12:54:08","date_gmt":"2022-03-14T11:54:08","guid":{"rendered":"https:\/\/www.mediaregulation.org\/?page_id=1552"},"modified":"2022-05-12T22:12:59","modified_gmt":"2022-05-12T20:12:59","slug":"accueil-2","status":"publish","type":"page","link":"https:\/\/www.mediaregulation.org\/en\/","title":{"rendered":"Home"},"content":{"rendered":"<p>[vc_row full_width=&#8221;stretch_row_content_no_spaces&#8221;][vc_column]\n\t\t\t<!-- START Slideshow REVOLUTION SLIDER 6.5.7 --><p class=\"rs-p-wp-fix\"><\/p>\n\t\t\t<rs-module-wrap id=\"rev_slider_4_1_wrapper\" data-source=\"gallery\" style=\"visibility:hidden;background:transparent;padding:0;margin:0px auto;margin-top:0;margin-bottom:0;\">\n\t\t\t\t<rs-module id=\"rev_slider_4_1\" style=\"\" data-version=\"6.5.7\">\n\t\t\t\t\t<rs-slides>\n\t\t\t\t\t\t<rs-slide style=\"position: absolute;\" data-key=\"rs-30\" data-title=\"Slide\" data-thumb=\"\/\/www.mediaregulation.org\/wp-content\/uploads\/2021\/10\/slider-1-100x50.jpg\" data-in=\"o:0;\" data-out=\"a:false;\">\n\t\t\t\t\t\t\t<img src=\"\/\/www.mediaregulation.org\/wp-content\/plugins\/revslider\/public\/assets\/assets\/dummy.png\" title=\"slider-1\" width=\"1920\" height=\"430\" class=\"rev-slidebg tp-rs-img rs-lazyload\" data-lazyload=\"\/\/www.mediaregulation.org\/wp-content\/uploads\/2021\/10\/slider-1.jpg\" data-bg=\"p:center top;\" data-no-retina>\n<!--\n\t\t\t\t\t\t\t--><rs-layer\n\t\t\t\t\t\t\t\tid=\"slider-4-slide-30-layer-1\" \n\t\t\t\t\t\t\t\tdata-type=\"text\"\n\t\t\t\t\t\t\t\tdata-rsp_ch=\"on\"\n\t\t\t\t\t\t\t\tdata-xy=\"x:l,c,c,c;xo:32px,0,0,3px;yo:98px,192px,123px,80px;\"\n\t\t\t\t\t\t\t\tdata-text=\"w:normal;s:55,55,55,35;l:60,60,60,40;fw:600;a:inherit,inherit,center,center;\"\n\t\t\t\t\t\t\t\tdata-dim=\"w:651px,651px,530px,365px;h:auto,auto,139px,auto;\"\n\t\t\t\t\t\t\t\tdata-frame_0=\"y:-100%;o:1;\"\n\t\t\t\t\t\t\t\tdata-frame_0_mask=\"u:t;\"\n\t\t\t\t\t\t\t\tdata-frame_1=\"sp:1500;sR:10;\"\n\t\t\t\t\t\t\t\tdata-frame_1_mask=\"u:t;\"\n\t\t\t\t\t\t\t\tdata-frame_999=\"o:0;st:w;sR:7490;\"\n\t\t\t\t\t\t\t\tstyle=\"z-index:5;font-family:'Montserrat', 'sans-serif';\"\n\t\t\t\t\t\t\t>At the service of regulators \n\t\t\t\t\t\t\t<\/rs-layer><!--\n\n\t\t\t\t\t\t\t--><rs-layer\n\t\t\t\t\t\t\t\tid=\"slider-4-slide-30-layer-3\" \n\t\t\t\t\t\t\t\tdata-type=\"text\"\n\t\t\t\t\t\t\t\tdata-rsp_ch=\"on\"\n\t\t\t\t\t\t\t\tdata-xy=\"x:l,c,c,c;xo:31px,-64px,0,-1px;yo:247px,337px,265px,177px;\"\n\t\t\t\t\t\t\t\tdata-text=\"w:normal;s:18;l:26;a:inherit,inherit,center,center;\"\n\t\t\t\t\t\t\t\tdata-dim=\"w:521px,521px,521px,373px;\"\n\t\t\t\t\t\t\t\tdata-frame_0=\"y:100%;\"\n\t\t\t\t\t\t\t\tdata-frame_0_mask=\"u:t;y:100%;\"\n\t\t\t\t\t\t\t\tdata-frame_1=\"e:power2.inOut;sp:2000;sR:10;\"\n\t\t\t\t\t\t\t\tdata-frame_1_mask=\"u:t;\"\n\t\t\t\t\t\t\t\tdata-frame_999=\"o:0;st:w;sR:6990;\"\n\t\t\t\t\t\t\t\tstyle=\"z-index:6;font-family:'Lato', 'sans-serif';\"\n\t\t\t\t\t\t\t>Reference documentary, economic and legal information on media regulation around the world. \n\t\t\t\t\t\t\t<\/rs-layer><!--\n\n\t\t\t\t\t\t\t--><rs-layer\n\t\t\t\t\t\t\t\tid=\"slider-4-slide-30-layer-6\" \n\t\t\t\t\t\t\t\tdata-type=\"text\"\n\t\t\t\t\t\t\t\tdata-rsp_ch=\"on\"\n\t\t\t\t\t\t\t\tdata-xy=\"x:l,c,c,c;xo:30px,-239px,-28px,0;yo:337px,433px,356px,277px;\"\n\t\t\t\t\t\t\t\tdata-text=\"l:22;a:inherit,inherit,inherit,center;\"\n\t\t\t\t\t\t\t\tdata-frame_0=\"y:100%;\"\n\t\t\t\t\t\t\t\tdata-frame_0_mask=\"u:t;y:100%;\"\n\t\t\t\t\t\t\t\tdata-frame_1=\"e:power2.inOut;sp:2000;\"\n\t\t\t\t\t\t\t\tdata-frame_1_mask=\"u:t;\"\n\t\t\t\t\t\t\t\tdata-frame_999=\"o:0;st:w;sR:7000;\"\n\t\t\t\t\t\t\t\tstyle=\"z-index:7;font-family:'Open Sans';\"\n\t\t\t\t\t\t\t><a class=\"main_btn\" href=\"\/en\/documentary-resources\/\">Documentary collection<\/a> \n\t\t\t\t\t\t\t<\/rs-layer><!--\n-->\t\t\t\t\t\t<\/rs-slide>\n\t\t\t\t\t\t<rs-slide style=\"position: absolute;\" data-key=\"rs-31\" data-title=\"Slide\" data-thumb=\"\/\/www.mediaregulation.org\/wp-content\/uploads\/2021\/10\/slider-2-100x50.jpg\" data-in=\"o:0;\" data-out=\"a:false;\">\n\t\t\t\t\t\t\t<img src=\"\/\/www.mediaregulation.org\/wp-content\/plugins\/revslider\/public\/assets\/assets\/dummy.png\" title=\"slider-2\" width=\"1920\" height=\"430\" class=\"rev-slidebg tp-rs-img rs-lazyload\" data-lazyload=\"\/\/www.mediaregulation.org\/wp-content\/uploads\/2021\/10\/slider-2.jpg\" data-no-retina>\n<!--\n\t\t\t\t\t\t\t--><rs-layer\n\t\t\t\t\t\t\t\tid=\"slider-4-slide-31-layer-1\" \n\t\t\t\t\t\t\t\tdata-type=\"text\"\n\t\t\t\t\t\t\t\tdata-rsp_ch=\"on\"\n\t\t\t\t\t\t\t\tdata-xy=\"x:l,c,c,c;xo:32px,0,0,3px;yo:100px,192px,124px,85px;\"\n\t\t\t\t\t\t\t\tdata-text=\"w:normal;s:55,55,55,35;l:60,60,60,40;fw:600;a:inherit,inherit,center,center;\"\n\t\t\t\t\t\t\t\tdata-dim=\"w:651px,651px,530px,365px;h:auto,auto,139px,auto;\"\n\t\t\t\t\t\t\t\tdata-frame_0=\"y:-100%;o:1;\"\n\t\t\t\t\t\t\t\tdata-frame_0_mask=\"u:t;\"\n\t\t\t\t\t\t\t\tdata-frame_1=\"sp:1500;sR:10;\"\n\t\t\t\t\t\t\t\tdata-frame_1_mask=\"u:t;\"\n\t\t\t\t\t\t\t\tdata-frame_999=\"o:0;st:w;sR:7490;\"\n\t\t\t\t\t\t\t\tstyle=\"z-index:5;font-family:'Montserrat', 'sans-serif';\"\n\t\t\t\t\t\t\t>A unique knowledge base \n\t\t\t\t\t\t\t<\/rs-layer><!--\n\n\t\t\t\t\t\t\t--><rs-layer\n\t\t\t\t\t\t\t\tid=\"slider-4-slide-31-layer-3\" \n\t\t\t\t\t\t\t\tdata-type=\"text\"\n\t\t\t\t\t\t\t\tdata-rsp_ch=\"on\"\n\t\t\t\t\t\t\t\tdata-xy=\"x:l,c,c,c;xo:31px,-64px,0,-1px;yo:249px,337px,266px,182px;\"\n\t\t\t\t\t\t\t\tdata-text=\"w:normal;s:18;l:26;a:inherit,inherit,center,center;\"\n\t\t\t\t\t\t\t\tdata-dim=\"w:521px,521px,521px,373px;\"\n\t\t\t\t\t\t\t\tdata-frame_0=\"y:100%;\"\n\t\t\t\t\t\t\t\tdata-frame_0_mask=\"u:t;y:100%;\"\n\t\t\t\t\t\t\t\tdata-frame_1=\"e:power2.inOut;sp:2000;sR:10;\"\n\t\t\t\t\t\t\t\tdata-frame_1_mask=\"u:t;\"\n\t\t\t\t\t\t\t\tdata-frame_999=\"o:0;st:w;sR:6990;\"\n\t\t\t\t\t\t\t\tstyle=\"z-index:6;font-family:'Lato', 'sans-serif';\"\n\t\t\t\t\t\t\t>A rich documentary collection and a reliable source of information on audiovisual regulation in the world \n\t\t\t\t\t\t\t<\/rs-layer><!--\n\n\t\t\t\t\t\t\t--><rs-layer\n\t\t\t\t\t\t\t\tid=\"slider-4-slide-31-layer-6\" \n\t\t\t\t\t\t\t\tdata-type=\"text\"\n\t\t\t\t\t\t\t\tdata-rsp_ch=\"on\"\n\t\t\t\t\t\t\t\tdata-xy=\"x:l,c,c,c;xo:30px,-239px,18px,0;yo:339px,433px,357px,282px;\"\n\t\t\t\t\t\t\t\tdata-text=\"l:22;a:inherit,inherit,inherit,center;\"\n\t\t\t\t\t\t\t\tdata-frame_0=\"y:100%;\"\n\t\t\t\t\t\t\t\tdata-frame_0_mask=\"u:t;y:100%;\"\n\t\t\t\t\t\t\t\tdata-frame_1=\"e:power2.inOut;sp:2000;\"\n\t\t\t\t\t\t\t\tdata-frame_1_mask=\"u:t;\"\n\t\t\t\t\t\t\t\tdata-frame_999=\"o:0;st:w;sR:7000;\"\n\t\t\t\t\t\t\t\tstyle=\"z-index:7;font-family:'Open Sans';\"\n\t\t\t\t\t\t\t><a class=\"main_btn\" href=\"\/en\/regulatory-authorities\/\">Regulatory authorities<\/a> \n\t\t\t\t\t\t\t<\/rs-layer><!--\n-->\t\t\t\t\t\t<\/rs-slide>\n\t\t\t\t\t\t<rs-slide style=\"position: absolute;\" data-key=\"rs-32\" data-title=\"Slide\" data-thumb=\"\/\/www.mediaregulation.org\/wp-content\/uploads\/2021\/10\/slider-3-100x50.jpg\" data-in=\"o:0;\" data-out=\"a:false;\">\n\t\t\t\t\t\t\t<img src=\"\/\/www.mediaregulation.org\/wp-content\/plugins\/revslider\/public\/assets\/assets\/dummy.png\" title=\"slider-3\" width=\"1920\" height=\"430\" class=\"rev-slidebg tp-rs-img rs-lazyload\" data-lazyload=\"\/\/www.mediaregulation.org\/wp-content\/uploads\/2021\/10\/slider-3.jpg\" data-no-retina>\n<!--\n\t\t\t\t\t\t\t--><rs-layer\n\t\t\t\t\t\t\t\tid=\"slider-4-slide-32-layer-1\" \n\t\t\t\t\t\t\t\tdata-type=\"text\"\n\t\t\t\t\t\t\t\tdata-rsp_ch=\"on\"\n\t\t\t\t\t\t\t\tdata-xy=\"x:l,c,c,c;xo:31px,0,0,3px;yo:97px,192px,125px,81px;\"\n\t\t\t\t\t\t\t\tdata-text=\"w:normal;s:55,55,55,35;l:60,60,60,40;fw:600;a:inherit,inherit,center,center;\"\n\t\t\t\t\t\t\t\tdata-dim=\"w:651px,651px,530px,365px;h:auto,auto,139px,auto;\"\n\t\t\t\t\t\t\t\tdata-frame_0=\"y:-100%;o:1;\"\n\t\t\t\t\t\t\t\tdata-frame_0_mask=\"u:t;\"\n\t\t\t\t\t\t\t\tdata-frame_1=\"sp:1500;sR:10;\"\n\t\t\t\t\t\t\t\tdata-frame_1_mask=\"u:t;\"\n\t\t\t\t\t\t\t\tdata-frame_999=\"o:0;st:w;sR:7490;\"\n\t\t\t\t\t\t\t\tstyle=\"z-index:5;font-family:'Montserrat', 'sans-serif';\"\n\t\t\t\t\t\t\t>Multimedia<br>\n resources \n\t\t\t\t\t\t\t<\/rs-layer><!--\n\n\t\t\t\t\t\t\t--><rs-layer\n\t\t\t\t\t\t\t\tid=\"slider-4-slide-32-layer-3\" \n\t\t\t\t\t\t\t\tdata-type=\"text\"\n\t\t\t\t\t\t\t\tdata-rsp_ch=\"on\"\n\t\t\t\t\t\t\t\tdata-xy=\"x:l,c,c,c;xo:31px,-64px,0,-1px;yo:247px,337px,267px,178px;\"\n\t\t\t\t\t\t\t\tdata-text=\"w:normal;s:18;l:26;a:inherit,inherit,center,center;\"\n\t\t\t\t\t\t\t\tdata-dim=\"w:521px,521px,521px,373px;\"\n\t\t\t\t\t\t\t\tdata-frame_0=\"y:100%;\"\n\t\t\t\t\t\t\t\tdata-frame_0_mask=\"u:t;y:100%;\"\n\t\t\t\t\t\t\t\tdata-frame_1=\"e:power2.inOut;sp:2000;sR:10;\"\n\t\t\t\t\t\t\t\tdata-frame_1_mask=\"u:t;\"\n\t\t\t\t\t\t\t\tdata-frame_999=\"o:0;st:w;sR:6990;\"\n\t\t\t\t\t\t\t\tstyle=\"z-index:6;font-family:'Lato', 'sans-serif';\"\n\t\t\t\t\t\t\t>Training modules, conference proceedings, video reports, testimonials, podcasts and many more. \n\t\t\t\t\t\t\t<\/rs-layer><!--\n\n\t\t\t\t\t\t\t--><rs-layer\n\t\t\t\t\t\t\t\tid=\"slider-4-slide-32-layer-6\" \n\t\t\t\t\t\t\t\tdata-type=\"text\"\n\t\t\t\t\t\t\t\tdata-rsp_ch=\"on\"\n\t\t\t\t\t\t\t\tdata-xy=\"x:l,c,c,c;xo:30px,-239px,-3px,0;yo:337px,433px,360px,278px;\"\n\t\t\t\t\t\t\t\tdata-text=\"l:22;a:inherit,inherit,inherit,center;\"\n\t\t\t\t\t\t\t\tdata-frame_0=\"y:100%;\"\n\t\t\t\t\t\t\t\tdata-frame_0_mask=\"u:t;y:100%;\"\n\t\t\t\t\t\t\t\tdata-frame_1=\"e:power2.inOut;sp:2000;\"\n\t\t\t\t\t\t\t\tdata-frame_1_mask=\"u:t;\"\n\t\t\t\t\t\t\t\tdata-frame_999=\"o:0;st:w;sR:7000;\"\n\t\t\t\t\t\t\t\tstyle=\"z-index:7;font-family:'Open Sans';\"\n\t\t\t\t\t\t\t><a class=\"main_btn\" href=\"\/en\/videos\/\">Audiovisual collection<\/a> \n\t\t\t\t\t\t\t<\/rs-layer><!--\n-->\t\t\t\t\t\t<\/rs-slide>\n\t\t\t\t\t<\/rs-slides>\n\t\t\t\t\t<rs-static-layers><!--\n\t\t\t\t\t--><\/rs-static-layers>\n\t\t\t\t<\/rs-module>\n\t\t\t\t<script type=\"text\/javascript\">\n\t\t\t\t\tsetREVStartSize({c: 'rev_slider_4_1',rl:[1240,1024,778,480],el:[430,430,430,360],gw:[1240,1024,778,480],gh:[430,430,430,360],type:'standard',justify:'',layout:'fullwidth',mh:\"0\"});if (window.RS_MODULES!==undefined && window.RS_MODULES.modules!==undefined && window.RS_MODULES.modules[\"revslider41\"]!==undefined) {window.RS_MODULES.modules[\"revslider41\"].once = false;window.revapi4 = undefined;if (window.RS_MODULES.checkMinimal!==undefined) window.RS_MODULES.checkMinimal()}\n\t\t\t\t<\/script>\n\t\t\t<\/rs-module-wrap>\n\t\t\t<!-- END REVOLUTION SLIDER -->\n[\/vc_column][\/vc_row][vc_row el_class=&#8221;business_box_area&#8221;][vc_column][consultplus_single_section layout=&#8221;middle_title&#8221; single_title=&#8221;Media Regulation&#8221; single_title_two=&#8221;Resource Center&#8221;]<\/p>\n<h3>Welcome to the website of the Media Regulation, self-regulation and media literacy online training and Resource Center (MRRC).<\/h3>\n<p>Our main ambition is to make available to the public a vast catalogue of documentary resources on subjects as varied as the governance of regulatory authorities, the regulation of audiovisual content, media pluralism and concentration, media and information literacy, and many other topics relating to audiovisual policy that we propose you to <a href=\"https:\/\/www.mediaregulation.org\/en\/documentary-resources\/\">discover here<\/a>.[\/consultplus_single_section][consultplus_our_services layout=&#8221;all_kind_businesses&#8221; categoriesname=&#8221;Default&#8221; order=&#8221;ASC&#8221; column=&#8221;3&#8243; number=&#8221;3&#8243;][\/vc_column][\/vc_row][vc_row full_width=&#8221;stretch_row&#8221; el_class=&#8221;manager_area&#8221; css=&#8221;.vc_custom_1630588204176{background-color: #f4f4f4 !important;}&#8221;][vc_column css=&#8221;.vc_custom_1511097683348{padding-top: 0px !important;}&#8221;][vc_row_inner el_class=&#8221;section_title&#8221;][vc_column_inner][vc_custom_heading text=&#8221;Welcome messages&#8221; font_container=&#8221;tag:h2|text_align:center&#8221; google_fonts=&#8221;&#8221;][\/vc_column_inner][\/vc_row_inner][vc_row_inner el_class=&#8221;section_title&#8221;][vc_column_inner width=&#8221;1\/2&#8243;][vc_column_text css=&#8221;.vc_custom_1652386341723{padding-right: 5px !important;}&#8221;]<\/p>\n<p style=\"text-align: center;\"><strong><img decoding=\"async\" loading=\"lazy\" class=\"alignnone size-full wp-image-3232\" src=\"https:\/\/www.mediaregulation.org\/wp-content\/uploads\/2021\/11\/nouri-lajmi-haica-1-150x150-1.png\" alt=\"\" width=\"150\" height=\"150\" \/><\/strong><\/p>\n<h3 style=\"text-align: center; color: #0e3d8a;\">Mr. Nouri Lajmi<\/h3>\n<h4 style=\"text-align: center; color: #41acec;\"><a href=\"https:\/\/haica.tn\/fr\/team\/nouri-lajmi\/\" target=\"_blank\" rel=\"noopener\"><em>President of the Independent High Authority for Audiovisual Communication &#8211; HAICA<\/em><\/a><\/h4>\n<p style=\"text-align: center;\">&#8220;This center, which is presented exclusively in the form of a dedicated website, was born from a reflection carefully shared between the institutional partners who contributed to the implementation of this project, namely the Council of Europe and the HAICA&#8230;&#8221;<\/p>\n<p style=\"text-align: center;\"><a href=\"\/en\/the-mrrc\/welcome-notes\/#1635949682777-15a2db73-66c6\">Read more<\/a><\/p>\n<p>[\/vc_column_text][\/vc_column_inner][vc_column_inner width=&#8221;1\/2&#8243;][vc_column_text css=&#8221;.vc_custom_1652386258405{padding-left: 5px !important;}&#8221;]<\/p>\n<p style=\"text-align: center;\"><strong><img decoding=\"async\" loading=\"lazy\" class=\"alignnone size-full wp-image-3226\" src=\"https:\/\/www.mediaregulation.org\/wp-content\/uploads\/2021\/11\/patrick-penninckx-coe-1-150x150-1.png\" alt=\"\" width=\"150\" height=\"150\" \/><\/strong><\/p>\n<h3 style=\"text-align: center; color: #0e3d8a;\">Mr. Patrick Penninckx<\/h3>\n<h4 style=\"text-align: center; color: #41acec;\"><a href=\"https:\/\/www.coe.int\/en\/web\/freedom-expression\/patrick-penninckx\" target=\"_blank\" rel=\"noopener\"><em><span style=\"color: #41acec;\">Head of the Information Society Service<br \/>\n&#8211; DGI Council of Europe<\/span><\/em><\/a><\/h4>\n<p style=\"text-align: center;\">&#8220;When the idea of \u200b\u200ban online resource center on regulation, self-regulation and media education was launched by Mr Lajmi, President of HAICA, the Council of Europe wished to be on its side. sides because this platform represents a formidable relay&#8230;.&#8221;<\/p>\n<p style=\"text-align: center;\"><a href=\"\/en\/the-mrrc\/welcome-notes\/#1635949682765-440799bc-6cee\">Read more<\/a><\/p>\n<p>[\/vc_column_text][\/vc_column_inner][\/vc_row_inner][\/vc_column][\/vc_row][vc_row full_width=&#8221;stretch_row&#8221; el_class=&#8221;video_business_area&#8221;][vc_column css=&#8221;.vc_custom_1511097108947{padding-top: 0px !important;}&#8221;][consultplus_multi_section layout=&#8221;stabilish_your_business&#8221; vd_url=&#8221;https:\/\/www.youtube.com\/watch?v=fR9ToWxdkCg&#8221; multi_title=&#8221;Expert&#8217;s Word&#8221; multi_title_two=&#8221;Renaud de la Brosse, member of the Scientific Committee, briefly presents the CRRM&#8221; multi_image=&#8221;5624&#8243; link=&#8221;url:https%3A%2F%2Fwww.mediaregulation.org%2Fen%2Fvideos%2F|title:More%20videos&#8221;]<span class=\"Y2IQFc\" lang=\"en\">Brief presentation of the Online Resource Center on Media Regulation, Self-Regulation and Media Literacy \u201cCRRM\u201d by Renaud de la Brosse, Professor at Linn\u00e9 University (Kalmar, Sweden) and member of the CRRM Scientific Committee .<\/span>[\/consultplus_multi_section][\/vc_column][\/vc_row][vc_row el_class=&#8221;latest_news_area&#8221;][vc_column][vc_row_inner el_class=&#8221;section_title&#8221;][vc_column_inner][vc_custom_heading text=&#8221;Latest News&#8221; google_fonts=&#8221;&#8221;][\/vc_column_inner][\/vc_row_inner][consultplus_latest_news posttype=&#8221;post&#8221;][\/vc_column][\/vc_row]<\/p>\n<!-- AddThis Advanced Settings generic via filter on the_content --><!-- AddThis Share Buttons generic via filter on the_content -->","protected":false},"excerpt":{"rendered":"<p>[vc_row full_width=&#8221;stretch_row_content_no_spaces&#8221;][vc_column][\/vc_column][\/vc_row][vc_row el_class=&#8221;business_box_area&#8221;][vc_column][consultplus_single_section layout=&#8221;middle_title&#8221; single_title=&#8221;Media Regulation&#8221; single_title_two=&#8221;Resource Center&#8221;] Welcome to the website of the Media Regulation, self-regulation and media literacy online training and Resource Center (MRRC). Our main ambition is to make available to the public a vast catalogue of documentary resources on subjects as varied as the governance of regulatory authorities, the regulation of<!-- AddThis Advanced Settings generic via filter on get_the_excerpt --><!-- AddThis Share Buttons generic via filter on get_the_excerpt --><\/p>\n","protected":false},"author":1,"featured_media":6021,"parent":0,"menu_order":0,"comment_status":"closed","ping_status":"closed","template":"","meta":{"inline_featured_image":false,"_links_to":"","_links_to_target":""},"yoast_head":"<!-- This site is optimized with the Yoast SEO plugin v21.1 - https:\/\/yoast.com\/wordpress\/plugins\/seo\/ -->\n<title>Media Regulation Resource Center - MRRC<\/title>\n<meta name=\"description\" content=\"Welcome to the online platform of the Media Regulation, self-regulation and media literacy online training and Resource Center &quot;MRRC&quot;.\" \/>\n<meta name=\"robots\" content=\"index, follow, max-snippet:-1, max-image-preview:large, max-video-preview:-1\" \/>\n<link rel=\"canonical\" href=\"https:\/\/www.mediaregulation.org\/en\/\" \/>\n<meta property=\"og:locale\" content=\"en_US\" \/>\n<meta property=\"og:type\" content=\"article\" \/>\n<meta property=\"og:title\" content=\"Media Regulation Resource Center - MRRC\" \/>\n<meta property=\"og:description\" content=\"Welcome to the online platform of the Media Regulation, self-regulation and media literacy online training and Resource Center &quot;MRRC&quot;.\" \/>\n<meta property=\"og:url\" content=\"https:\/\/www.mediaregulation.org\/en\/\" \/>\n<meta property=\"og:site_name\" content=\"CRRM\" \/>\n<meta property=\"article:publisher\" content=\"https:\/\/www.facebook.com\/regulationmedia\/\" \/>\n<meta property=\"article:modified_time\" content=\"2022-05-12T20:12:59+00:00\" \/>\n<meta property=\"og:image\" content=\"https:\/\/www.mediaregulation.org\/wp-content\/uploads\/2021\/11\/nouri-lajmi-haica-1-150x150-1.png\" \/>\n<meta name=\"twitter:card\" content=\"summary_large_image\" \/>\n<meta name=\"twitter:site\" content=\"@mediaregulatio1\" \/>\n<meta name=\"twitter:label1\" content=\"Est. reading time\" \/>\n\t<meta name=\"twitter:data1\" content=\"3 minutes\" \/>\n<script type=\"application\/ld+json\" class=\"yoast-schema-graph\">{\"@context\":\"https:\/\/schema.org\",\"@graph\":[{\"@type\":\"WebPage\",\"@id\":\"https:\/\/www.mediaregulation.org\/en\/\",\"url\":\"https:\/\/www.mediaregulation.org\/en\/\",\"name\":\"Media Regulation Resource Center - MRRC\",\"isPartOf\":{\"@id\":\"https:\/\/www.mediaregulation.org\/ar\/#website\"},\"datePublished\":\"2022-03-14T11:54:08+00:00\",\"dateModified\":\"2022-05-12T20:12:59+00:00\",\"description\":\"Welcome to the online platform of the Media Regulation, self-regulation and media literacy online training and Resource Center \\\"MRRC\\\".\",\"breadcrumb\":{\"@id\":\"https:\/\/www.mediaregulation.org\/en\/#breadcrumb\"},\"inLanguage\":\"en-US\",\"potentialAction\":[{\"@type\":\"ReadAction\",\"target\":[\"https:\/\/www.mediaregulation.org\/en\/\"]}]},{\"@type\":\"BreadcrumbList\",\"@id\":\"https:\/\/www.mediaregulation.org\/en\/#breadcrumb\",\"itemListElement\":[{\"@type\":\"ListItem\",\"position\":1,\"name\":\"Accueil\",\"item\":\"https:\/\/www.mediaregulation.org\/en\/\"},{\"@type\":\"ListItem\",\"position\":2,\"name\":\"Home\"}]},{\"@type\":\"WebSite\",\"@id\":\"https:\/\/www.mediaregulation.org\/ar\/#website\",\"url\":\"https:\/\/www.mediaregulation.org\/ar\/\",\"name\":\"CRRM\",\"description\":\"Centre de ressources sur la r\u00e9gulation des M\u00e9dias\",\"publisher\":{\"@id\":\"https:\/\/www.mediaregulation.org\/ar\/#organization\"},\"potentialAction\":[{\"@type\":\"SearchAction\",\"target\":{\"@type\":\"EntryPoint\",\"urlTemplate\":\"https:\/\/www.mediaregulation.org\/ar\/?s={search_term_string}\"},\"query-input\":\"required name=search_term_string\"}],\"inLanguage\":\"en-US\"},{\"@type\":\"Organization\",\"@id\":\"https:\/\/www.mediaregulation.org\/ar\/#organization\",\"name\":\"Centre de ressources en ligne sur la r\u00e9gulation des m\u00e9dias, l'autor\u00e9gulation et l'\u00e9ducation aux m\u00e9dias (CRRM)\",\"url\":\"https:\/\/www.mediaregulation.org\/ar\/\",\"logo\":{\"@type\":\"ImageObject\",\"inLanguage\":\"en-US\",\"@id\":\"https:\/\/www.mediaregulation.org\/ar\/#\/schema\/logo\/image\/\",\"url\":\"https:\/\/www.mediaregulation.org\/wp-content\/uploads\/2022\/05\/logo-fr-desctop-2.jpeg\",\"contentUrl\":\"https:\/\/www.mediaregulation.org\/wp-content\/uploads\/2022\/05\/logo-fr-desctop-2.jpeg\",\"width\":560,\"height\":74,\"caption\":\"Centre de ressources en ligne sur la r\u00e9gulation des m\u00e9dias, l'autor\u00e9gulation et l'\u00e9ducation aux m\u00e9dias (CRRM)\"},\"image\":{\"@id\":\"https:\/\/www.mediaregulation.org\/ar\/#\/schema\/logo\/image\/\"},\"sameAs\":[\"https:\/\/www.facebook.com\/regulationmedia\/\",\"https:\/\/twitter.com\/mediaregulatio1\",\"https:\/\/www.youtube.com\/channel\/UC_PWIr_i5cWscxsu_Zno_Jg\"]}]}<\/script>\n<!-- \/ Yoast SEO plugin. -->","yoast_head_json":{"title":"Media Regulation Resource Center - MRRC","description":"Welcome to the online platform of the Media Regulation, self-regulation and media literacy online training and Resource Center \"MRRC\".","robots":{"index":"index","follow":"follow","max-snippet":"max-snippet:-1","max-image-preview":"max-image-preview:large","max-video-preview":"max-video-preview:-1"},"canonical":"https:\/\/www.mediaregulation.org\/en\/","og_locale":"en_US","og_type":"article","og_title":"Media Regulation Resource Center - MRRC","og_description":"Welcome to the online platform of the Media Regulation, self-regulation and media literacy online training and Resource Center \"MRRC\".","og_url":"https:\/\/www.mediaregulation.org\/en\/","og_site_name":"CRRM","article_publisher":"https:\/\/www.facebook.com\/regulationmedia\/","article_modified_time":"2022-05-12T20:12:59+00:00","og_image":[{"url":"https:\/\/www.mediaregulation.org\/wp-content\/uploads\/2021\/11\/nouri-lajmi-haica-1-150x150-1.png"}],"twitter_card":"summary_large_image","twitter_site":"@mediaregulatio1","twitter_misc":{"Est. reading time":"3 minutes"},"schema":{"@context":"https:\/\/schema.org","@graph":[{"@type":"WebPage","@id":"https:\/\/www.mediaregulation.org\/en\/","url":"https:\/\/www.mediaregulation.org\/en\/","name":"Media Regulation Resource Center - MRRC","isPartOf":{"@id":"https:\/\/www.mediaregulation.org\/ar\/#website"},"datePublished":"2022-03-14T11:54:08+00:00","dateModified":"2022-05-12T20:12:59+00:00","description":"Welcome to the online platform of the Media Regulation, self-regulation and media literacy online training and Resource Center \"MRRC\".","breadcrumb":{"@id":"https:\/\/www.mediaregulation.org\/en\/#breadcrumb"},"inLanguage":"en-US","potentialAction":[{"@type":"ReadAction","target":["https:\/\/www.mediaregulation.org\/en\/"]}]},{"@type":"BreadcrumbList","@id":"https:\/\/www.mediaregulation.org\/en\/#breadcrumb","itemListElement":[{"@type":"ListItem","position":1,"name":"Accueil","item":"https:\/\/www.mediaregulation.org\/en\/"},{"@type":"ListItem","position":2,"name":"Home"}]},{"@type":"WebSite","@id":"https:\/\/www.mediaregulation.org\/ar\/#website","url":"https:\/\/www.mediaregulation.org\/ar\/","name":"CRRM","description":"Centre de ressources sur la r\u00e9gulation des M\u00e9dias","publisher":{"@id":"https:\/\/www.mediaregulation.org\/ar\/#organization"},"potentialAction":[{"@type":"SearchAction","target":{"@type":"EntryPoint","urlTemplate":"https:\/\/www.mediaregulation.org\/ar\/?s={search_term_string}"},"query-input":"required name=search_term_string"}],"inLanguage":"en-US"},{"@type":"Organization","@id":"https:\/\/www.mediaregulation.org\/ar\/#organization","name":"Centre de ressources en ligne sur la r\u00e9gulation des m\u00e9dias, l'autor\u00e9gulation et l'\u00e9ducation aux m\u00e9dias (CRRM)","url":"https:\/\/www.mediaregulation.org\/ar\/","logo":{"@type":"ImageObject","inLanguage":"en-US","@id":"https:\/\/www.mediaregulation.org\/ar\/#\/schema\/logo\/image\/","url":"https:\/\/www.mediaregulation.org\/wp-content\/uploads\/2022\/05\/logo-fr-desctop-2.jpeg","contentUrl":"https:\/\/www.mediaregulation.org\/wp-content\/uploads\/2022\/05\/logo-fr-desctop-2.jpeg","width":560,"height":74,"caption":"Centre de ressources en ligne sur la r\u00e9gulation des m\u00e9dias, l'autor\u00e9gulation et l'\u00e9ducation aux m\u00e9dias (CRRM)"},"image":{"@id":"https:\/\/www.mediaregulation.org\/ar\/#\/schema\/logo\/image\/"},"sameAs":["https:\/\/www.facebook.com\/regulationmedia\/","https:\/\/twitter.com\/mediaregulatio1","https:\/\/www.youtube.com\/channel\/UC_PWIr_i5cWscxsu_Zno_Jg"]}]}},"_links":{"self":[{"href":"https:\/\/www.mediaregulation.org\/en\/wp-json\/wp\/v2\/pages\/1552"}],"collection":[{"href":"https:\/\/www.mediaregulation.org\/en\/wp-json\/wp\/v2\/pages"}],"about":[{"href":"https:\/\/www.mediaregulation.org\/en\/wp-json\/wp\/v2\/types\/page"}],"author":[{"embeddable":true,"href":"https:\/\/www.mediaregulation.org\/en\/wp-json\/wp\/v2\/users\/1"}],"replies":[{"embeddable":true,"href":"https:\/\/www.mediaregulation.org\/en\/wp-json\/wp\/v2\/comments?post=1552"}],"version-history":[{"count":26,"href":"https:\/\/www.mediaregulation.org\/en\/wp-json\/wp\/v2\/pages\/1552\/revisions"}],"predecessor-version":[{"id":5852,"href":"https:\/\/www.mediaregulation.org\/en\/wp-json\/wp\/v2\/pages\/1552\/revisions\/5852"}],"wp:featuredmedia":[{"embeddable":true,"href":"https:\/\/www.mediaregulation.org\/en\/wp-json\/wp\/v2\/media\/6021"}],"wp:attachment":[{"href":"https:\/\/www.mediaregulation.org\/en\/wp-json\/wp\/v2\/media?parent=1552"}],"curies":[{"name":"wp","href":"https:\/\/api.w.org\/{rel}","templated":true}]}}