{"id":1928,"date":"2021-09-23T14:42:00","date_gmt":"2021-09-23T12:42:00","guid":{"rendered":"https:\/\/www.mediaregulation.org\/comite-scientifique\/"},"modified":"2022-02-04T10:32:06","modified_gmt":"2022-02-04T09:32:06","slug":"scientific-committee","status":"publish","type":"page","link":"https:\/\/www.mediaregulation.org\/en\/the-mrrc\/scientific-committee\/","title":{"rendered":"Scientific Committee"},"content":{"rendered":"<p>[vc_row el_class=&#8221;carrers_area&#8221;][vc_column width=&#8221;1\/4&#8243; el_class=&#8221;carrers_left width_100&#8243;][vc_column_text]<\/p>\n<ul class=\"nav nav-tabs\" role=\"tablist\">\n<li role=\"presentation\"><a role=\"tab\" href=\"https:\/\/www.mediaregulation.org\/en\/the-mrrc\/\" aria-controls=\"carrers1\">The MRRC<\/a><\/li>\n<li role=\"presentation\"><a href=\"https:\/\/www.mediaregulation.org\/en\/the-mrrc\/welcome-notes\/\">Welcome notes<\/a><\/li>\n<li class=\"active\" role=\"presentation\"><a role=\"tab\" href=\"https:\/\/www.mediaregulation.org\/en\/the-mrrc\/scientific-committee\/\" aria-controls=\"carrers2\">SCIENTIFIC COMMITTEE<\/a><\/li>\n<li role=\"presentation\"><a role=\"tab\" href=\"https:\/\/www.mediaregulation.org\/en\/the-mrrc\/editorial-team\/\" aria-controls=\"carrers3\">Editorial team<\/a><\/li>\n<li role=\"presentation\"><a role=\"tab\" href=\"https:\/\/www.mediaregulation.org\/en\/the-mrrc\/it-department\/\" aria-controls=\"carrers4\">THE IT DEPARTMENT<\/a><\/li>\n<\/ul>\n<p>[\/vc_column_text][vc_column_text]<\/p>\n<div class=\"contact_info\">\n<h2>Contact<\/h2>\n<p>Mr. Jean-Fran\u00e7ois Furn\u00e9mont,<br \/>\nEditor in Chief<\/p>\n<p>Phone :<br \/>\n+216 71 656 507<br \/>\n+32 477 307 160<\/p>\n<p>E-mail :<br \/>\n<a href=\"mailto:info@mediaregulation.org\">info@mediaregulation.org<\/a><\/p>\n<h5><\/h5>\n<\/div>\n<p>[\/vc_column_text][\/vc_column][vc_column width=&#8221;3\/4&#8243; el_class=&#8221;carrers_right_content width_100&#8243;][vc_single_image image=&#8221;5312&#8243; img_size=&#8221;full&#8221;][vc_column_text el_class=&#8221;text-justif&#8221;]<\/p>\n<div class=\"requirements_text\">\n<div class=\"section_title\">\n<h2>Scientific committee<\/h2>\n<\/div>\n<p style=\"font-weight: 400;\">The Scientific Committee, a strategic orientation body of the MRRC, comprises renowned and accomplished experts in the fields of communication, journalism, media law, media regulation, media literacy, including experts who have a solid academic background, as well as a representative of the Council of Europe.<\/p>\n<p style=\"font-weight: 400;\">The main roles and objectives of the Scientific Committee are to strategically position the MRRC and to ensure the notoriety of the MRRC, as well as to contribute to the wealth of the offer and the sustainability of the MRRC.<\/p>\n<p>The Comitee is composed of:<\/p>\n<ul class=\"test1\">\n<li><i class=\"fa fa-check-square-o\" aria-hidden=\"true\"><\/i> <a href=\"https:\/\/www.mediaregulation.org\/en\/nouri-lajmi\/\">Nouri Lajmi<\/a>, President of HAICA and President of the Scientific Committee (Tunis, Tunisia)<\/li>\n<li><i class=\"fa fa-check-square-o\" aria-hidden=\"true\"><\/i> <a href=\"https:\/\/www.mediaregulation.org\/en\/neila-chaabane\/\">Neila Chaabane<\/a>, Dean of the Faculty of legal, political and social sciences\u00a0 &#8211; University of Carthage (Tunis, Tunisia)<\/li>\n<li><i class=\"fa fa-check-square-o\" aria-hidden=\"true\"><\/i> <a href=\"https:\/\/www.mediaregulation.org\/en\/renaud-de-la-brosse\/\">Renaud de la Brosse<\/a>, Professor at Linnaeus University (Kalmar, Sweden)<\/li>\n<li><i class=\"fa fa-check-square-o\" aria-hidden=\"true\"><\/i> <a href=\"https:\/\/www.mediaregulation.org\/en\/francois-demers\/\">Fran\u00e7ois Demers<\/a>, Professor at Laval University (Quebec, Canada)<\/li>\n<li><i class=\"fa fa-check-square-o\" aria-hidden=\"true\"><\/i><a href=\"https:\/\/www.mediaregulation.org\/en\/divina-frau-meigs\/\">Divina Frau-Meigs<\/a>, Professor at Sorbonne Nouvelle &#8211; Paris 3 University (Paris-France)<\/li>\n<li><i class=\"fa fa-check-square-o\" aria-hidden=\"true\"><\/i><a href=\"https:\/\/www.mediaregulation.org\/en\/manoubi-marouki\/\">Mannoubi Marrouki<\/a>, Professor at IPSI and member of the Press Council (Tunis, Tunisie)<\/li>\n<li><i class=\"fa fa-check-square-o\" aria-hidden=\"true\"><\/i><a href=\"https:\/\/www.mediaregulation.org\/en\/patrick-penninckx\/\">Patrick Penninckx<\/a>, Chef du Service de la Soci\u00e9t\u00e9 de l\u2019Information du Conseil de l\u2019Europe (Strasbourg, France).<\/li>\n<\/ul>\n<\/div>\n<p>[\/vc_column_text][\/vc_column][\/vc_row]<\/p>\n<!-- AddThis Advanced Settings generic via filter on the_content --><!-- AddThis Share Buttons generic via filter on the_content -->","protected":false},"excerpt":{"rendered":"<p>[vc_row el_class=&#8221;carrers_area&#8221;][vc_column width=&#8221;1\/4&#8243; el_class=&#8221;carrers_left width_100&#8243;][vc_column_text] The MRRC Welcome notes SCIENTIFIC COMMITTEE Editorial team THE IT DEPARTMENT [\/vc_column_text][vc_column_text] Contact Mr. Jean-Fran\u00e7ois Furn\u00e9mont, Editor in Chief Phone : +216 71 656 507 +32 477 307 160 E-mail : info@mediaregulation.org [\/vc_column_text][\/vc_column][vc_column width=&#8221;3\/4&#8243; el_class=&#8221;carrers_right_content width_100&#8243;][vc_single_image image=&#8221;5312&#8243; img_size=&#8221;full&#8221;][vc_column_text el_class=&#8221;text-justif&#8221;] Scientific committee The Scientific Committee, a strategic orientation body of the<!-- AddThis Advanced Settings generic via filter on get_the_excerpt --><!-- AddThis Share Buttons generic via filter on get_the_excerpt --><\/p>\n","protected":false},"author":1,"featured_media":0,"parent":1867,"menu_order":0,"comment_status":"closed","ping_status":"closed","template":"","meta":{"inline_featured_image":false,"_links_to":"","_links_to_target":""},"yoast_head":"<!-- This site is optimized with the Yoast SEO plugin v21.1 - https:\/\/yoast.com\/wordpress\/plugins\/seo\/ -->\n<title>Scientific Committee - CRRM<\/title>\n<meta name=\"robots\" content=\"index, follow, max-snippet:-1, max-image-preview:large, max-video-preview:-1\" \/>\n<link rel=\"canonical\" href=\"https:\/\/www.mediaregulation.org\/en\/the-mrrc\/scientific-committee\/\" \/>\n<meta property=\"og:locale\" content=\"en_US\" \/>\n<meta property=\"og:type\" content=\"article\" \/>\n<meta property=\"og:title\" content=\"Scientific Committee - CRRM\" \/>\n<meta property=\"og:description\" content=\"[vc_row el_class=&#8221;carrers_area&#8221;][vc_column width=&#8221;1\/4&#8243; el_class=&#8221;carrers_left width_100&#8243;][vc_column_text] The MRRC Welcome notes SCIENTIFIC COMMITTEE Editorial team THE IT DEPARTMENT [\/vc_column_text][vc_column_text] Contact Mr. Jean-Fran\u00e7ois Furn\u00e9mont, Editor in Chief Phone : +216 71 656 507 +32 477 307 160 E-mail : info@mediaregulation.org [\/vc_column_text][\/vc_column][vc_column width=&#8221;3\/4&#8243; el_class=&#8221;carrers_right_content width_100&#8243;][vc_single_image image=&#8221;5312&#8243; img_size=&#8221;full&#8221;][vc_column_text el_class=&#8221;text-justif&#8221;] Scientific committee The Scientific Committee, a strategic orientation body of the\" \/>\n<meta property=\"og:url\" content=\"https:\/\/www.mediaregulation.org\/en\/the-mrrc\/scientific-committee\/\" \/>\n<meta property=\"og:site_name\" content=\"CRRM\" \/>\n<meta property=\"article:publisher\" content=\"https:\/\/www.facebook.com\/regulationmedia\/\" \/>\n<meta property=\"article:modified_time\" content=\"2022-02-04T09:32:06+00:00\" \/>\n<meta name=\"twitter:card\" content=\"summary_large_image\" \/>\n<meta name=\"twitter:site\" content=\"@mediaregulatio1\" \/>\n<meta name=\"twitter:label1\" content=\"Est. reading time\" \/>\n\t<meta name=\"twitter:data1\" content=\"1 minute\" \/>\n<script type=\"application\/ld+json\" class=\"yoast-schema-graph\">{\"@context\":\"https:\/\/schema.org\",\"@graph\":[{\"@type\":\"WebPage\",\"@id\":\"https:\/\/www.mediaregulation.org\/en\/the-mrrc\/scientific-committee\/\",\"url\":\"https:\/\/www.mediaregulation.org\/en\/the-mrrc\/scientific-committee\/\",\"name\":\"Scientific Committee - CRRM\",\"isPartOf\":{\"@id\":\"https:\/\/www.mediaregulation.org\/ar\/#website\"},\"datePublished\":\"2021-09-23T12:42:00+00:00\",\"dateModified\":\"2022-02-04T09:32:06+00:00\",\"breadcrumb\":{\"@id\":\"https:\/\/www.mediaregulation.org\/en\/the-mrrc\/scientific-committee\/#breadcrumb\"},\"inLanguage\":\"en-US\",\"potentialAction\":[{\"@type\":\"ReadAction\",\"target\":[\"https:\/\/www.mediaregulation.org\/en\/the-mrrc\/scientific-committee\/\"]}]},{\"@type\":\"BreadcrumbList\",\"@id\":\"https:\/\/www.mediaregulation.org\/en\/the-mrrc\/scientific-committee\/#breadcrumb\",\"itemListElement\":[{\"@type\":\"ListItem\",\"position\":1,\"name\":\"Accueil\",\"item\":\"https:\/\/www.mediaregulation.org\/en\/\"},{\"@type\":\"ListItem\",\"position\":2,\"name\":\"The MRRC\",\"item\":\"https:\/\/www.mediaregulation.org\/en\/the-mrrc\/\"},{\"@type\":\"ListItem\",\"position\":3,\"name\":\"Scientific Committee\"}]},{\"@type\":\"WebSite\",\"@id\":\"https:\/\/www.mediaregulation.org\/ar\/#website\",\"url\":\"https:\/\/www.mediaregulation.org\/ar\/\",\"name\":\"CRRM\",\"description\":\"Centre de ressources sur la r\u00e9gulation des M\u00e9dias\",\"publisher\":{\"@id\":\"https:\/\/www.mediaregulation.org\/ar\/#organization\"},\"potentialAction\":[{\"@type\":\"SearchAction\",\"target\":{\"@type\":\"EntryPoint\",\"urlTemplate\":\"https:\/\/www.mediaregulation.org\/ar\/?s={search_term_string}\"},\"query-input\":\"required name=search_term_string\"}],\"inLanguage\":\"en-US\"},{\"@type\":\"Organization\",\"@id\":\"https:\/\/www.mediaregulation.org\/ar\/#organization\",\"name\":\"Centre de ressources en ligne sur la r\u00e9gulation des m\u00e9dias, l'autor\u00e9gulation et l'\u00e9ducation aux m\u00e9dias (CRRM)\",\"url\":\"https:\/\/www.mediaregulation.org\/ar\/\",\"logo\":{\"@type\":\"ImageObject\",\"inLanguage\":\"en-US\",\"@id\":\"https:\/\/www.mediaregulation.org\/ar\/#\/schema\/logo\/image\/\",\"url\":\"https:\/\/www.mediaregulation.org\/wp-content\/uploads\/2022\/05\/logo-fr-desctop-2.jpeg\",\"contentUrl\":\"https:\/\/www.mediaregulation.org\/wp-content\/uploads\/2022\/05\/logo-fr-desctop-2.jpeg\",\"width\":560,\"height\":74,\"caption\":\"Centre de ressources en ligne sur la r\u00e9gulation des m\u00e9dias, l'autor\u00e9gulation et l'\u00e9ducation aux m\u00e9dias (CRRM)\"},\"image\":{\"@id\":\"https:\/\/www.mediaregulation.org\/ar\/#\/schema\/logo\/image\/\"},\"sameAs\":[\"https:\/\/www.facebook.com\/regulationmedia\/\",\"https:\/\/twitter.com\/mediaregulatio1\",\"https:\/\/www.youtube.com\/channel\/UC_PWIr_i5cWscxsu_Zno_Jg\"]}]}<\/script>\n<!-- \/ Yoast SEO plugin. -->","yoast_head_json":{"title":"Scientific Committee - CRRM","robots":{"index":"index","follow":"follow","max-snippet":"max-snippet:-1","max-image-preview":"max-image-preview:large","max-video-preview":"max-video-preview:-1"},"canonical":"https:\/\/www.mediaregulation.org\/en\/the-mrrc\/scientific-committee\/","og_locale":"en_US","og_type":"article","og_title":"Scientific Committee - CRRM","og_description":"[vc_row el_class=&#8221;carrers_area&#8221;][vc_column width=&#8221;1\/4&#8243; el_class=&#8221;carrers_left width_100&#8243;][vc_column_text] The MRRC Welcome notes SCIENTIFIC COMMITTEE Editorial team THE IT DEPARTMENT [\/vc_column_text][vc_column_text] Contact Mr. Jean-Fran\u00e7ois Furn\u00e9mont, Editor in Chief Phone : +216 71 656 507 +32 477 307 160 E-mail : info@mediaregulation.org [\/vc_column_text][\/vc_column][vc_column width=&#8221;3\/4&#8243; el_class=&#8221;carrers_right_content width_100&#8243;][vc_single_image image=&#8221;5312&#8243; img_size=&#8221;full&#8221;][vc_column_text el_class=&#8221;text-justif&#8221;] Scientific committee The Scientific Committee, a strategic orientation body of the","og_url":"https:\/\/www.mediaregulation.org\/en\/the-mrrc\/scientific-committee\/","og_site_name":"CRRM","article_publisher":"https:\/\/www.facebook.com\/regulationmedia\/","article_modified_time":"2022-02-04T09:32:06+00:00","twitter_card":"summary_large_image","twitter_site":"@mediaregulatio1","twitter_misc":{"Est. reading time":"1 minute"},"schema":{"@context":"https:\/\/schema.org","@graph":[{"@type":"WebPage","@id":"https:\/\/www.mediaregulation.org\/en\/the-mrrc\/scientific-committee\/","url":"https:\/\/www.mediaregulation.org\/en\/the-mrrc\/scientific-committee\/","name":"Scientific Committee - CRRM","isPartOf":{"@id":"https:\/\/www.mediaregulation.org\/ar\/#website"},"datePublished":"2021-09-23T12:42:00+00:00","dateModified":"2022-02-04T09:32:06+00:00","breadcrumb":{"@id":"https:\/\/www.mediaregulation.org\/en\/the-mrrc\/scientific-committee\/#breadcrumb"},"inLanguage":"en-US","potentialAction":[{"@type":"ReadAction","target":["https:\/\/www.mediaregulation.org\/en\/the-mrrc\/scientific-committee\/"]}]},{"@type":"BreadcrumbList","@id":"https:\/\/www.mediaregulation.org\/en\/the-mrrc\/scientific-committee\/#breadcrumb","itemListElement":[{"@type":"ListItem","position":1,"name":"Accueil","item":"https:\/\/www.mediaregulation.org\/en\/"},{"@type":"ListItem","position":2,"name":"The MRRC","item":"https:\/\/www.mediaregulation.org\/en\/the-mrrc\/"},{"@type":"ListItem","position":3,"name":"Scientific Committee"}]},{"@type":"WebSite","@id":"https:\/\/www.mediaregulation.org\/ar\/#website","url":"https:\/\/www.mediaregulation.org\/ar\/","name":"CRRM","description":"Centre de ressources sur la r\u00e9gulation des M\u00e9dias","publisher":{"@id":"https:\/\/www.mediaregulation.org\/ar\/#organization"},"potentialAction":[{"@type":"SearchAction","target":{"@type":"EntryPoint","urlTemplate":"https:\/\/www.mediaregulation.org\/ar\/?s={search_term_string}"},"query-input":"required name=search_term_string"}],"inLanguage":"en-US"},{"@type":"Organization","@id":"https:\/\/www.mediaregulation.org\/ar\/#organization","name":"Centre de ressources en ligne sur la r\u00e9gulation des m\u00e9dias, l'autor\u00e9gulation et l'\u00e9ducation aux m\u00e9dias (CRRM)","url":"https:\/\/www.mediaregulation.org\/ar\/","logo":{"@type":"ImageObject","inLanguage":"en-US","@id":"https:\/\/www.mediaregulation.org\/ar\/#\/schema\/logo\/image\/","url":"https:\/\/www.mediaregulation.org\/wp-content\/uploads\/2022\/05\/logo-fr-desctop-2.jpeg","contentUrl":"https:\/\/www.mediaregulation.org\/wp-content\/uploads\/2022\/05\/logo-fr-desctop-2.jpeg","width":560,"height":74,"caption":"Centre de ressources en ligne sur la r\u00e9gulation des m\u00e9dias, l'autor\u00e9gulation et l'\u00e9ducation aux m\u00e9dias (CRRM)"},"image":{"@id":"https:\/\/www.mediaregulation.org\/ar\/#\/schema\/logo\/image\/"},"sameAs":["https:\/\/www.facebook.com\/regulationmedia\/","https:\/\/twitter.com\/mediaregulatio1","https:\/\/www.youtube.com\/channel\/UC_PWIr_i5cWscxsu_Zno_Jg"]}]}},"_links":{"self":[{"href":"https:\/\/www.mediaregulation.org\/en\/wp-json\/wp\/v2\/pages\/1928"}],"collection":[{"href":"https:\/\/www.mediaregulation.org\/en\/wp-json\/wp\/v2\/pages"}],"about":[{"href":"https:\/\/www.mediaregulation.org\/en\/wp-json\/wp\/v2\/types\/page"}],"author":[{"embeddable":true,"href":"https:\/\/www.mediaregulation.org\/en\/wp-json\/wp\/v2\/users\/1"}],"replies":[{"embeddable":true,"href":"https:\/\/www.mediaregulation.org\/en\/wp-json\/wp\/v2\/comments?post=1928"}],"version-history":[{"count":30,"href":"https:\/\/www.mediaregulation.org\/en\/wp-json\/wp\/v2\/pages\/1928\/revisions"}],"predecessor-version":[{"id":1931,"href":"https:\/\/www.mediaregulation.org\/en\/wp-json\/wp\/v2\/pages\/1928\/revisions\/1931"}],"up":[{"embeddable":true,"href":"https:\/\/www.mediaregulation.org\/en\/wp-json\/wp\/v2\/pages\/1867"}],"wp:attachment":[{"href":"https:\/\/www.mediaregulation.org\/en\/wp-json\/wp\/v2\/media?parent=1928"}],"curies":[{"name":"wp","href":"https:\/\/api.w.org\/{rel}","templated":true}]}}