{"id":1944,"date":"2021-09-28T11:26:01","date_gmt":"2021-09-28T09:26:01","guid":{"rendered":"https:\/\/www.mediaregulation.org\/departement-it\/"},"modified":"2022-01-17T11:58:29","modified_gmt":"2022-01-17T10:58:29","slug":"it-department","status":"publish","type":"page","link":"https:\/\/www.mediaregulation.org\/en\/the-mrrc\/it-department\/","title":{"rendered":"The IT Department"},"content":{"rendered":"<p>[vc_row el_class=&#8221;carrers_area&#8221;][vc_column width=&#8221;1\/4&#8243; el_class=&#8221;carrers_left width_100&#8243;][vc_column_text]<\/p>\n<ul class=\"nav nav-tabs\" role=\"tablist\">\n<li role=\"presentation\"><a role=\"tab\" href=\"https:\/\/www.mediaregulation.org\/en\/the-mrrc\/\" aria-controls=\"carrers1\">The MRRC<\/a><\/li>\n<li role=\"presentation\"><a href=\"https:\/\/www.mediaregulation.org\/en\/the-mrrc\/welcome-notes\/\">Welcome notes<\/a><\/li>\n<li role=\"presentation\"><a role=\"tab\" href=\"https:\/\/www.mediaregulation.org\/en\/the-mrrc\/scientific-committee\/\" aria-controls=\"carrers2\">SCIENTIFIC COMMITTEE<\/a><\/li>\n<li role=\"presentation\"><a role=\"tab\" href=\"https:\/\/www.mediaregulation.org\/en\/the-mrrc\/editorial-team\/\" aria-controls=\"carrers3\">Editorial team<\/a><\/li>\n<li class=\"active\" role=\"presentation\"><a role=\"tab\" href=\"https:\/\/www.mediaregulation.org\/en\/the-mrrc\/it-department\/\" aria-controls=\"carrers4\">THE IT DEPARTMENT\u00a0<\/a><\/li>\n<\/ul>\n<p>[\/vc_column_text][vc_column_text]<\/p>\n<div class=\"contact_info\">\n<h2>Contact Info<\/h2>\n<p>Mr. Jean-Fran\u00e7ois Furn\u00e9mont,<br \/>\nEditor in Chief<\/p>\n<h5>Phone :<\/h5>\n<h5>+216 71 656 507<\/h5>\n<p>+32 477 307 160<\/p>\n<h5>Email :<\/h5>\n<h5><a href=\"mailto:info@mediaregulation.org\">info@mediaregulation.org<\/a><\/h5>\n<h5><\/h5>\n<\/div>\n<p>[\/vc_column_text][\/vc_column][vc_column width=&#8221;3\/4&#8243; el_class=&#8221;carrers_right_content width_100&#8243;][vc_single_image image=&#8221;1660&#8243; img_size=&#8221;full&#8221;][vc_column_text el_class=&#8221;text-justif&#8221;]<\/p>\n<div class=\"requirements_text\">\n<div class=\"section_title\">\n<h2>The IT Department<\/h2>\n<\/div>\n<p style=\"font-weight: 400;\">The IT department is managed by the computer science department of the Tunisian High Authority for Audiovisual Communication (HAICA), under the direction of <strong>Amine Chebbi<\/strong>, assisted by the consultant <strong>Riadh Bouhouchi<\/strong> and the consultant <strong>Lassad Troudi<\/strong>.<\/p>\n<\/div>\n<p>[\/vc_column_text][vc_row_inner][vc_column_inner width=&#8221;1\/3&#8243;][vc_single_image image=&#8221;4780&#8243; img_size=&#8221;&#8221; alignment=&#8221;center&#8221;][vc_column_text]<\/p>\n<h4 style=\"text-align: center;\"><a href=\"https:\/\/www.mediaregulation.org\/en\/the-mrrc\/it-department\/#\">\u00a0Amine Chebbi<\/a><\/h4>\n<p>[\/vc_column_text][\/vc_column_inner][vc_column_inner width=&#8221;1\/3&#8243;][vc_single_image image=&#8221;3459&#8243; img_size=&#8221;&#8221; alignment=&#8221;center&#8221; onclick=&#8221;custom_link&#8221; link=&#8221;\/en\/riadh-bouhouchi\/&#8221;][vc_column_text]<\/p>\n<h4 style=\"text-align: center;\"><a href=\"https:\/\/www.mediaregulation.org\/en\/riadh-bouhouchi\/\">Riadh Bouhouchi<\/a><\/h4>\n<p>[\/vc_column_text][\/vc_column_inner][vc_column_inner width=&#8221;1\/3&#8243;][vc_single_image image=&#8221;4523&#8243; img_size=&#8221;&#8221; alignment=&#8221;center&#8221;][vc_column_text]<\/p>\n<h4 style=\"text-align: center;\"><a href=\"https:\/\/www.mediaregulation.org\/en\/lassad-troudi\/\">Lassad Troudi<\/a><\/h4>\n<p>[\/vc_column_text][\/vc_column_inner][\/vc_row_inner][\/vc_column][\/vc_row]<\/p>\n<!-- AddThis Advanced Settings generic via filter on the_content --><!-- AddThis Share Buttons generic via filter on the_content -->","protected":false},"excerpt":{"rendered":"<p>[vc_row el_class=&#8221;carrers_area&#8221;][vc_column width=&#8221;1\/4&#8243; el_class=&#8221;carrers_left width_100&#8243;][vc_column_text] The MRRC Welcome notes SCIENTIFIC COMMITTEE Editorial team THE IT DEPARTMENT\u00a0 [\/vc_column_text][vc_column_text] Contact Info Mr. Jean-Fran\u00e7ois Furn\u00e9mont, Editor in Chief Phone : +216 71 656 507 +32 477 307 160 Email : info@mediaregulation.org [\/vc_column_text][\/vc_column][vc_column width=&#8221;3\/4&#8243; el_class=&#8221;carrers_right_content width_100&#8243;][vc_single_image image=&#8221;1660&#8243; img_size=&#8221;full&#8221;][vc_column_text el_class=&#8221;text-justif&#8221;] The IT Department The IT department is managed by the<!-- AddThis Advanced Settings generic via filter on get_the_excerpt --><!-- AddThis Share Buttons generic via filter on get_the_excerpt --><\/p>\n","protected":false},"author":1,"featured_media":0,"parent":1867,"menu_order":0,"comment_status":"closed","ping_status":"closed","template":"","meta":{"inline_featured_image":false,"_links_to":"","_links_to_target":""},"yoast_head":"<!-- This site is optimized with the Yoast SEO plugin v21.1 - https:\/\/yoast.com\/wordpress\/plugins\/seo\/ -->\n<title>The IT Department - CRRM<\/title>\n<meta name=\"robots\" content=\"index, follow, max-snippet:-1, max-image-preview:large, max-video-preview:-1\" \/>\n<link rel=\"canonical\" href=\"https:\/\/www.mediaregulation.org\/en\/the-mrrc\/it-department\/\" \/>\n<meta property=\"og:locale\" content=\"en_US\" \/>\n<meta property=\"og:type\" content=\"article\" \/>\n<meta property=\"og:title\" content=\"The IT Department - CRRM\" \/>\n<meta property=\"og:description\" content=\"[vc_row el_class=&#8221;carrers_area&#8221;][vc_column width=&#8221;1\/4&#8243; el_class=&#8221;carrers_left width_100&#8243;][vc_column_text] The MRRC Welcome notes SCIENTIFIC COMMITTEE Editorial team THE IT DEPARTMENT\u00a0 [\/vc_column_text][vc_column_text] Contact Info Mr. Jean-Fran\u00e7ois Furn\u00e9mont, Editor in Chief Phone : +216 71 656 507 +32 477 307 160 Email : info@mediaregulation.org [\/vc_column_text][\/vc_column][vc_column width=&#8221;3\/4&#8243; el_class=&#8221;carrers_right_content width_100&#8243;][vc_single_image image=&#8221;1660&#8243; img_size=&#8221;full&#8221;][vc_column_text el_class=&#8221;text-justif&#8221;] The IT Department The IT department is managed by the\" \/>\n<meta property=\"og:url\" content=\"https:\/\/www.mediaregulation.org\/en\/the-mrrc\/it-department\/\" \/>\n<meta property=\"og:site_name\" content=\"CRRM\" \/>\n<meta property=\"article:publisher\" content=\"https:\/\/www.facebook.com\/regulationmedia\/\" \/>\n<meta property=\"article:modified_time\" content=\"2022-01-17T10:58:29+00:00\" \/>\n<meta name=\"twitter:card\" content=\"summary_large_image\" \/>\n<meta name=\"twitter:site\" content=\"@mediaregulatio1\" \/>\n<meta name=\"twitter:label1\" content=\"Est. reading time\" \/>\n\t<meta name=\"twitter:data1\" content=\"1 minute\" \/>\n<script type=\"application\/ld+json\" class=\"yoast-schema-graph\">{\"@context\":\"https:\/\/schema.org\",\"@graph\":[{\"@type\":\"WebPage\",\"@id\":\"https:\/\/www.mediaregulation.org\/en\/the-mrrc\/it-department\/\",\"url\":\"https:\/\/www.mediaregulation.org\/en\/the-mrrc\/it-department\/\",\"name\":\"The IT Department - CRRM\",\"isPartOf\":{\"@id\":\"https:\/\/www.mediaregulation.org\/ar\/#website\"},\"datePublished\":\"2021-09-28T09:26:01+00:00\",\"dateModified\":\"2022-01-17T10:58:29+00:00\",\"breadcrumb\":{\"@id\":\"https:\/\/www.mediaregulation.org\/en\/the-mrrc\/it-department\/#breadcrumb\"},\"inLanguage\":\"en-US\",\"potentialAction\":[{\"@type\":\"ReadAction\",\"target\":[\"https:\/\/www.mediaregulation.org\/en\/the-mrrc\/it-department\/\"]}]},{\"@type\":\"BreadcrumbList\",\"@id\":\"https:\/\/www.mediaregulation.org\/en\/the-mrrc\/it-department\/#breadcrumb\",\"itemListElement\":[{\"@type\":\"ListItem\",\"position\":1,\"name\":\"Accueil\",\"item\":\"https:\/\/www.mediaregulation.org\/en\/\"},{\"@type\":\"ListItem\",\"position\":2,\"name\":\"The MRRC\",\"item\":\"https:\/\/www.mediaregulation.org\/en\/the-mrrc\/\"},{\"@type\":\"ListItem\",\"position\":3,\"name\":\"The IT Department\"}]},{\"@type\":\"WebSite\",\"@id\":\"https:\/\/www.mediaregulation.org\/ar\/#website\",\"url\":\"https:\/\/www.mediaregulation.org\/ar\/\",\"name\":\"CRRM\",\"description\":\"Centre de ressources sur la r\u00e9gulation des M\u00e9dias\",\"publisher\":{\"@id\":\"https:\/\/www.mediaregulation.org\/ar\/#organization\"},\"potentialAction\":[{\"@type\":\"SearchAction\",\"target\":{\"@type\":\"EntryPoint\",\"urlTemplate\":\"https:\/\/www.mediaregulation.org\/ar\/?s={search_term_string}\"},\"query-input\":\"required name=search_term_string\"}],\"inLanguage\":\"en-US\"},{\"@type\":\"Organization\",\"@id\":\"https:\/\/www.mediaregulation.org\/ar\/#organization\",\"name\":\"Centre de ressources en ligne sur la r\u00e9gulation des m\u00e9dias, l'autor\u00e9gulation et l'\u00e9ducation aux m\u00e9dias (CRRM)\",\"url\":\"https:\/\/www.mediaregulation.org\/ar\/\",\"logo\":{\"@type\":\"ImageObject\",\"inLanguage\":\"en-US\",\"@id\":\"https:\/\/www.mediaregulation.org\/ar\/#\/schema\/logo\/image\/\",\"url\":\"https:\/\/www.mediaregulation.org\/wp-content\/uploads\/2022\/05\/logo-fr-desctop-2.jpeg\",\"contentUrl\":\"https:\/\/www.mediaregulation.org\/wp-content\/uploads\/2022\/05\/logo-fr-desctop-2.jpeg\",\"width\":560,\"height\":74,\"caption\":\"Centre de ressources en ligne sur la r\u00e9gulation des m\u00e9dias, l'autor\u00e9gulation et l'\u00e9ducation aux m\u00e9dias (CRRM)\"},\"image\":{\"@id\":\"https:\/\/www.mediaregulation.org\/ar\/#\/schema\/logo\/image\/\"},\"sameAs\":[\"https:\/\/www.facebook.com\/regulationmedia\/\",\"https:\/\/twitter.com\/mediaregulatio1\",\"https:\/\/www.youtube.com\/channel\/UC_PWIr_i5cWscxsu_Zno_Jg\"]}]}<\/script>\n<!-- \/ Yoast SEO plugin. -->","yoast_head_json":{"title":"The IT Department - CRRM","robots":{"index":"index","follow":"follow","max-snippet":"max-snippet:-1","max-image-preview":"max-image-preview:large","max-video-preview":"max-video-preview:-1"},"canonical":"https:\/\/www.mediaregulation.org\/en\/the-mrrc\/it-department\/","og_locale":"en_US","og_type":"article","og_title":"The IT Department - CRRM","og_description":"[vc_row el_class=&#8221;carrers_area&#8221;][vc_column width=&#8221;1\/4&#8243; el_class=&#8221;carrers_left width_100&#8243;][vc_column_text] The MRRC Welcome notes SCIENTIFIC COMMITTEE Editorial team THE IT DEPARTMENT\u00a0 [\/vc_column_text][vc_column_text] Contact Info Mr. Jean-Fran\u00e7ois Furn\u00e9mont, Editor in Chief Phone : +216 71 656 507 +32 477 307 160 Email : info@mediaregulation.org [\/vc_column_text][\/vc_column][vc_column width=&#8221;3\/4&#8243; el_class=&#8221;carrers_right_content width_100&#8243;][vc_single_image image=&#8221;1660&#8243; img_size=&#8221;full&#8221;][vc_column_text el_class=&#8221;text-justif&#8221;] The IT Department The IT department is managed by the","og_url":"https:\/\/www.mediaregulation.org\/en\/the-mrrc\/it-department\/","og_site_name":"CRRM","article_publisher":"https:\/\/www.facebook.com\/regulationmedia\/","article_modified_time":"2022-01-17T10:58:29+00:00","twitter_card":"summary_large_image","twitter_site":"@mediaregulatio1","twitter_misc":{"Est. reading time":"1 minute"},"schema":{"@context":"https:\/\/schema.org","@graph":[{"@type":"WebPage","@id":"https:\/\/www.mediaregulation.org\/en\/the-mrrc\/it-department\/","url":"https:\/\/www.mediaregulation.org\/en\/the-mrrc\/it-department\/","name":"The IT Department - CRRM","isPartOf":{"@id":"https:\/\/www.mediaregulation.org\/ar\/#website"},"datePublished":"2021-09-28T09:26:01+00:00","dateModified":"2022-01-17T10:58:29+00:00","breadcrumb":{"@id":"https:\/\/www.mediaregulation.org\/en\/the-mrrc\/it-department\/#breadcrumb"},"inLanguage":"en-US","potentialAction":[{"@type":"ReadAction","target":["https:\/\/www.mediaregulation.org\/en\/the-mrrc\/it-department\/"]}]},{"@type":"BreadcrumbList","@id":"https:\/\/www.mediaregulation.org\/en\/the-mrrc\/it-department\/#breadcrumb","itemListElement":[{"@type":"ListItem","position":1,"name":"Accueil","item":"https:\/\/www.mediaregulation.org\/en\/"},{"@type":"ListItem","position":2,"name":"The MRRC","item":"https:\/\/www.mediaregulation.org\/en\/the-mrrc\/"},{"@type":"ListItem","position":3,"name":"The IT Department"}]},{"@type":"WebSite","@id":"https:\/\/www.mediaregulation.org\/ar\/#website","url":"https:\/\/www.mediaregulation.org\/ar\/","name":"CRRM","description":"Centre de ressources sur la r\u00e9gulation des M\u00e9dias","publisher":{"@id":"https:\/\/www.mediaregulation.org\/ar\/#organization"},"potentialAction":[{"@type":"SearchAction","target":{"@type":"EntryPoint","urlTemplate":"https:\/\/www.mediaregulation.org\/ar\/?s={search_term_string}"},"query-input":"required name=search_term_string"}],"inLanguage":"en-US"},{"@type":"Organization","@id":"https:\/\/www.mediaregulation.org\/ar\/#organization","name":"Centre de ressources en ligne sur la r\u00e9gulation des m\u00e9dias, l'autor\u00e9gulation et l'\u00e9ducation aux m\u00e9dias (CRRM)","url":"https:\/\/www.mediaregulation.org\/ar\/","logo":{"@type":"ImageObject","inLanguage":"en-US","@id":"https:\/\/www.mediaregulation.org\/ar\/#\/schema\/logo\/image\/","url":"https:\/\/www.mediaregulation.org\/wp-content\/uploads\/2022\/05\/logo-fr-desctop-2.jpeg","contentUrl":"https:\/\/www.mediaregulation.org\/wp-content\/uploads\/2022\/05\/logo-fr-desctop-2.jpeg","width":560,"height":74,"caption":"Centre de ressources en ligne sur la r\u00e9gulation des m\u00e9dias, l'autor\u00e9gulation et l'\u00e9ducation aux m\u00e9dias (CRRM)"},"image":{"@id":"https:\/\/www.mediaregulation.org\/ar\/#\/schema\/logo\/image\/"},"sameAs":["https:\/\/www.facebook.com\/regulationmedia\/","https:\/\/twitter.com\/mediaregulatio1","https:\/\/www.youtube.com\/channel\/UC_PWIr_i5cWscxsu_Zno_Jg"]}]}},"_links":{"self":[{"href":"https:\/\/www.mediaregulation.org\/en\/wp-json\/wp\/v2\/pages\/1944"}],"collection":[{"href":"https:\/\/www.mediaregulation.org\/en\/wp-json\/wp\/v2\/pages"}],"about":[{"href":"https:\/\/www.mediaregulation.org\/en\/wp-json\/wp\/v2\/types\/page"}],"author":[{"embeddable":true,"href":"https:\/\/www.mediaregulation.org\/en\/wp-json\/wp\/v2\/users\/1"}],"replies":[{"embeddable":true,"href":"https:\/\/www.mediaregulation.org\/en\/wp-json\/wp\/v2\/comments?post=1944"}],"version-history":[{"count":24,"href":"https:\/\/www.mediaregulation.org\/en\/wp-json\/wp\/v2\/pages\/1944\/revisions"}],"predecessor-version":[{"id":4822,"href":"https:\/\/www.mediaregulation.org\/en\/wp-json\/wp\/v2\/pages\/1944\/revisions\/4822"}],"up":[{"embeddable":true,"href":"https:\/\/www.mediaregulation.org\/en\/wp-json\/wp\/v2\/pages\/1867"}],"wp:attachment":[{"href":"https:\/\/www.mediaregulation.org\/en\/wp-json\/wp\/v2\/media?parent=1944"}],"curies":[{"name":"wp","href":"https:\/\/api.w.org\/{rel}","templated":true}]}}