{"id":2513,"date":"2021-10-19T12:06:53","date_gmt":"2021-10-19T10:06:53","guid":{"rendered":"https:\/\/www.mediaregulation.org\/?page_id=2513"},"modified":"2022-03-11T08:52:20","modified_gmt":"2022-03-11T07:52:20","slug":"useful-links","status":"publish","type":"page","link":"https:\/\/www.mediaregulation.org\/en\/useful-links\/","title":{"rendered":"Useful links"},"content":{"rendered":"<p>[vc_row style=&#8221;classic&#8221; shape=&#8221;rounded&#8221; color=&#8221;grey&#8221; no_fill=&#8221;&#8221; spacing=&#8221;20&#8243; c_align=&#8221;left&#8221; autoplay=&#8221;none&#8221; collapsible_all=&#8221;&#8221; c_icon=&#8221;triangle&#8221; c_position=&#8221;right&#8221; active_section=&#8221;1&#8243; el_class=&#8221;faq_page carrers_area&#8221; title=&#8221;&#8221;][vc_column][vc_tta_accordion spacing=&#8221;20&#8243; c_icon=&#8221;triangle&#8221; c_position=&#8221;right&#8221; active_section=&#8221;1&#8243; el_class=&#8221;faq_page&#8221;][vc_tta_section title=&#8221;Networks of regulatory authorities&#8221; tab_id=&#8221;1641552000185-e7e034e4-6604&#8243;][vc_column_text]<\/p>\n<ul>\n<li><a href=\"http:\/\/acran.org\/ang\/index.jsp\" target=\"_blank\" rel=\"noopener\">ACRAN &#8211; African Communication Regulatory Authorities Network<\/a><\/li>\n<li><a href=\"https:\/\/www.epra.org\/\" target=\"_blank\" rel=\"noopener\">EPRA &#8211; European Platform of Regulatory Authorities<\/a><\/li>\n<li><a href=\"https:\/\/erga-online.eu\/\" target=\"_blank\" rel=\"noopener\">ERGA &#8211; European Regulators Group for Audiovisual Media Services<\/a><\/li>\n<li><a href=\"https:\/\/www.oic-ibraf.org\/index.php\" target=\"_blank\" rel=\"noopener\">IBRAF &#8211; Organisation of Islamic Cooperation Broadcasting Regulatory Authorities Forum<\/a><\/li>\n<li><a href=\"https:\/\/www.refram.org\/\" target=\"_blank\" rel=\"noopener\">REFRAM &#8211; R\u00e9seau Francophone des R\u00e9gulateurs des M\u00e9dias<\/a><\/li>\n<li><a href=\"https:\/\/www.rirm.org\/en\/accueil-2\/\" target=\"_blank\" rel=\"noopener\">MNRA &#8211; Mediterranean Network of Regulatory Authorities<\/a><\/li>\n<\/ul>\n<p>[\/vc_column_text][\/vc_tta_section][vc_tta_section title=&#8221;European Union&#8221; tab_id=&#8221;1634638100907-0d7ec91a-851a&#8221;][vc_column_text]<\/p>\n<ul>\n<li><a href=\"https:\/\/ec.europa.eu\/info\/departments\/communications-networks-content-and-technology_en\">European Commission &#8211; DG Connect<\/a><\/li>\n<li><a href=\"https:\/\/ec.europa.eu\/info\/departments\/competition_en\">European Commission &#8211; DG competition<\/a><\/li>\n<li><a href=\"https:\/\/ec.europa.eu\/info\/departments\/education-youth-sport-and-culture_en\">European Commission &#8211; DG Education, Youth, Sport and Culture<\/a><\/li>\n<li><a href=\"https:\/\/www.europarl.europa.eu\/portal\/en\">European Parliament<\/a><\/li>\n<li><a href=\"https:\/\/www.consilium.europa.eu\/en\/european-council\/\">The Council of the European Union<\/a><\/li>\n<li><a href=\"https:\/\/curia.europa.eu\/jcms\/jcms\/j_6\/en\/\">The Court of Justice of the European Union<\/a><\/li>\n<\/ul>\n<p>[\/vc_column_text][\/vc_tta_section][vc_tta_section title=&#8221;Other international institutions&#8221; tab_id=&#8221;1634638100922-813c6aa5-54ef&#8221;][vc_column_text]<\/p>\n<ul>\n<li><a href=\"https:\/\/au.int\/\">African Union<\/a><\/li>\n<li><a href=\"https:\/\/www.coe.int\/en\/web\/portal\/home\">Council of Europe<\/a><\/li>\n<li><a href=\"https:\/\/www.coe.int\/en\/web\/freedom-expression\">Council of Europe Media and Information Society Division<\/a><\/li>\n<li><a href=\"https:\/\/www.echr.coe.int\/Pages\/home.aspx?p=home\">European Court of Human Rights<\/a><\/li>\n<li><a href=\"https:\/\/www.obs.coe.int\/en\/web\/observatoire\/\">European Audiovisual Observatory<\/a><\/li>\n<li><a href=\"https:\/\/www.francophonie.org\/\">Francophonie &#8211; OIF<\/a><\/li>\n<li><a href=\"https:\/\/www.oecd.org\/innovation\/\">Organization for Economic Co-operation and Development &#8211; OECD<\/a><\/li>\n<li><a href=\"https:\/\/oas.org\/en\/\">Organisation of American States &#8211; OAS<\/a><\/li>\n<li><a href=\"https:\/\/www.osce.org\/representative-on-freedom-of-media\">OSCE Representative on Freedom of the Media<\/a><\/li>\n<li><a href=\"https:\/\/www.un.org\/en\/\">United Nations &#8211; UN<\/a><\/li>\n<li><a href=\"https:\/\/www.ohchr.org\/en\/issues\/freedomopinion\/pages\/opinionindex.aspx#:~:text=Irene%20Khan%20was%20appointed%20as,woman%20to%20hold%20this%20mandate.\">UN Special Rapporteur for Freedom of Opinion and Expression<\/a><\/li>\n<li><a href=\"http:\/\/www.unesco.org\/new\/en\/communication-and-information\/\">UNESCO &#8211; Communication and Information<\/a><\/li>\n<\/ul>\n<p>[\/vc_column_text][\/vc_tta_section][vc_tta_section title=&#8221;Research Institutions&#8221; tab_id=&#8221;1634638216604-d1be2ecd-cb77&#8243;][vc_column_text]<\/p>\n<ul>\n<li><a href=\"https:\/\/www.turing.ac.uk\/\">Alan Turing Institute<\/a><\/li>\n<li><a href=\"https:\/\/www.cerre.eu\/media\">Centre on Regulation in Europe &#8211; CERRE<\/a><\/li>\n<li><a href=\"https:\/\/cmds.ceu.edu\/\">Centre for Media, Data and Society &#8211; CMDS<\/a><\/li>\n<li><a href=\"https:\/\/cmpf.eui.eu\/\">Centre for Media Pluralism and Media Freedom &#8211; CMPF<\/a><\/li>\n<li><a href=\"https:\/\/edmo.eu\/edmo-at-a-glance\/\">European Digital Media Observatory &#8211; EDMO<\/a><\/li>\n<li><a href=\"https:\/\/fsr.eui.eu\/\">Florence school of regulation &#8211; FSR<\/a><\/li>\n<li><a href=\"https:\/\/www.hans-bredow-institut.de\/en\/institute\">Hans-Bredow-Institut\u00a0<\/a><\/li>\n<li><a href=\"http:\/\/www.emr-sb.de\/\">Institute of European Media Law &#8211; EMR<\/a><\/li>\n<li><a href=\"https:\/\/www.ivir.nl\/\">Institute for International Law &#8211; IVIR<\/a><\/li>\n<li><a href=\"https:\/\/blogs.lse.ac.uk\/medialse\/\">London School of Economics &#8211; Media and Communications blog<\/a><\/li>\n<\/ul>\n<p>[\/vc_column_text][\/vc_tta_section][vc_tta_section title=&#8221;NGOs&#8221; tab_id=&#8221;1634638229181-1dac223e-81b2&#8243;][vc_column_text]<\/p>\n<ul>\n<li><a href=\"http:\/\/www.article19.org\/\">Article 19<\/a><\/li>\n<li><a href=\"https:\/\/www.acte.be\/\">Association of Commercial Television and VoD Services in Europe &#8211; ACT<\/a><\/li>\n<li><a href=\"https:\/\/www.bbc.co.uk\/mediaaction\">BBC Media Action<\/a><\/li>\n<li><a href=\"https:\/\/cfi.fr\/en\">Canal France International &#8211; CFI <\/a><\/li>\n<li><a href=\"https:\/\/www.cmfe.eu\/\">Community Media Forum Europe &#8211; CMFE<\/a><\/li>\n<li><a href=\"https:\/\/www.dw.com\/en\/dw-akademie\/s-8120\">Deutsche Welle Akademie<\/a><\/li>\n<li><a href=\"https:\/\/europeanjournalists.org\/\">European Federation of Journalists &#8211; EFJ<\/a><\/li>\n<li><a href=\"https:\/\/ethicaljournalismnetwork.org\/\">Ethical Journalism Network &#8211; EJN<\/a><\/li>\n<li><a href=\"https:\/\/www.ebu.ch\/home\">European Broadcasting Union &#8211; EBU<\/a><\/li>\n<li><a href=\"https:\/\/rsf.org\/en\">Reporters Without Borders &#8211; RSF<\/a><\/li>\n<li><a href=\"https:\/\/www.thomsonfoundation.org\/thomson-media\">Thompson Media<\/a><\/li>\n<\/ul>\n<p>[\/vc_column_text][\/vc_tta_section][\/vc_tta_accordion][\/vc_column][\/vc_row]<\/p>\n<!-- AddThis Advanced Settings generic via filter on the_content --><!-- AddThis Share Buttons generic via filter on the_content -->","protected":false},"excerpt":{"rendered":"<p>[vc_row style=&#8221;classic&#8221; shape=&#8221;rounded&#8221; color=&#8221;grey&#8221; no_fill=&#8221;&#8221; spacing=&#8221;20&#8243; c_align=&#8221;left&#8221; autoplay=&#8221;none&#8221; collapsible_all=&#8221;&#8221; c_icon=&#8221;triangle&#8221; c_position=&#8221;right&#8221; active_section=&#8221;1&#8243; el_class=&#8221;faq_page carrers_area&#8221; title=&#8221;&#8221;][vc_column][vc_tta_accordion spacing=&#8221;20&#8243; c_icon=&#8221;triangle&#8221; c_position=&#8221;right&#8221; active_section=&#8221;1&#8243; el_class=&#8221;faq_page&#8221;][vc_tta_section title=&#8221;Networks of regulatory authorities&#8221; tab_id=&#8221;1641552000185-e7e034e4-6604&#8243;][vc_column_text] ACRAN &#8211; African Communication Regulatory Authorities Network EPRA &#8211; European Platform of Regulatory Authorities ERGA &#8211; European Regulators Group for Audiovisual Media Services IBRAF &#8211; Organisation of Islamic Cooperation Broadcasting<!-- AddThis Advanced Settings generic via filter on get_the_excerpt --><!-- AddThis Share Buttons generic via filter on get_the_excerpt --><\/p>\n","protected":false},"author":1,"featured_media":0,"parent":0,"menu_order":0,"comment_status":"closed","ping_status":"closed","template":"","meta":{"inline_featured_image":false,"_links_to":"","_links_to_target":""},"yoast_head":"<!-- This site is optimized with the Yoast SEO plugin v21.1 - https:\/\/yoast.com\/wordpress\/plugins\/seo\/ -->\n<title>Useful links - CRRM<\/title>\n<meta name=\"robots\" content=\"index, follow, max-snippet:-1, max-image-preview:large, max-video-preview:-1\" \/>\n<link rel=\"canonical\" href=\"https:\/\/www.mediaregulation.org\/en\/useful-links\/\" \/>\n<meta property=\"og:locale\" content=\"en_US\" \/>\n<meta property=\"og:type\" content=\"article\" \/>\n<meta property=\"og:title\" content=\"Useful links - CRRM\" \/>\n<meta property=\"og:description\" content=\"[vc_row style=&#8221;classic&#8221; shape=&#8221;rounded&#8221; color=&#8221;grey&#8221; no_fill=&#8221;&#8221; spacing=&#8221;20&#8243; c_align=&#8221;left&#8221; autoplay=&#8221;none&#8221; collapsible_all=&#8221;&#8221; c_icon=&#8221;triangle&#8221; c_position=&#8221;right&#8221; active_section=&#8221;1&#8243; el_class=&#8221;faq_page carrers_area&#8221; title=&#8221;&#8221;][vc_column][vc_tta_accordion spacing=&#8221;20&#8243; c_icon=&#8221;triangle&#8221; c_position=&#8221;right&#8221; active_section=&#8221;1&#8243; el_class=&#8221;faq_page&#8221;][vc_tta_section title=&#8221;Networks of regulatory authorities&#8221; tab_id=&#8221;1641552000185-e7e034e4-6604&#8243;][vc_column_text] ACRAN &#8211; African Communication Regulatory Authorities Network EPRA &#8211; European Platform of Regulatory Authorities ERGA &#8211; European Regulators Group for Audiovisual Media Services IBRAF &#8211; Organisation of Islamic Cooperation Broadcasting\" \/>\n<meta property=\"og:url\" content=\"https:\/\/www.mediaregulation.org\/en\/useful-links\/\" \/>\n<meta property=\"og:site_name\" content=\"CRRM\" \/>\n<meta property=\"article:publisher\" content=\"https:\/\/www.facebook.com\/regulationmedia\/\" \/>\n<meta property=\"article:modified_time\" content=\"2022-03-11T07:52:20+00:00\" \/>\n<meta name=\"twitter:card\" content=\"summary_large_image\" \/>\n<meta name=\"twitter:site\" content=\"@mediaregulatio1\" \/>\n<meta name=\"twitter:label1\" content=\"Est. reading time\" \/>\n\t<meta name=\"twitter:data1\" content=\"2 minutes\" \/>\n<script type=\"application\/ld+json\" class=\"yoast-schema-graph\">{\"@context\":\"https:\/\/schema.org\",\"@graph\":[{\"@type\":\"WebPage\",\"@id\":\"https:\/\/www.mediaregulation.org\/en\/useful-links\/\",\"url\":\"https:\/\/www.mediaregulation.org\/en\/useful-links\/\",\"name\":\"Useful links - CRRM\",\"isPartOf\":{\"@id\":\"https:\/\/www.mediaregulation.org\/ar\/#website\"},\"datePublished\":\"2021-10-19T10:06:53+00:00\",\"dateModified\":\"2022-03-11T07:52:20+00:00\",\"breadcrumb\":{\"@id\":\"https:\/\/www.mediaregulation.org\/en\/useful-links\/#breadcrumb\"},\"inLanguage\":\"en-US\",\"potentialAction\":[{\"@type\":\"ReadAction\",\"target\":[\"https:\/\/www.mediaregulation.org\/en\/useful-links\/\"]}]},{\"@type\":\"BreadcrumbList\",\"@id\":\"https:\/\/www.mediaregulation.org\/en\/useful-links\/#breadcrumb\",\"itemListElement\":[{\"@type\":\"ListItem\",\"position\":1,\"name\":\"Accueil\",\"item\":\"https:\/\/www.mediaregulation.org\/en\/\"},{\"@type\":\"ListItem\",\"position\":2,\"name\":\"Useful links\"}]},{\"@type\":\"WebSite\",\"@id\":\"https:\/\/www.mediaregulation.org\/ar\/#website\",\"url\":\"https:\/\/www.mediaregulation.org\/ar\/\",\"name\":\"CRRM\",\"description\":\"Centre de ressources sur la r\u00e9gulation des M\u00e9dias\",\"publisher\":{\"@id\":\"https:\/\/www.mediaregulation.org\/ar\/#organization\"},\"potentialAction\":[{\"@type\":\"SearchAction\",\"target\":{\"@type\":\"EntryPoint\",\"urlTemplate\":\"https:\/\/www.mediaregulation.org\/ar\/?s={search_term_string}\"},\"query-input\":\"required name=search_term_string\"}],\"inLanguage\":\"en-US\"},{\"@type\":\"Organization\",\"@id\":\"https:\/\/www.mediaregulation.org\/ar\/#organization\",\"name\":\"Centre de ressources en ligne sur la r\u00e9gulation des m\u00e9dias, l'autor\u00e9gulation et l'\u00e9ducation aux m\u00e9dias (CRRM)\",\"url\":\"https:\/\/www.mediaregulation.org\/ar\/\",\"logo\":{\"@type\":\"ImageObject\",\"inLanguage\":\"en-US\",\"@id\":\"https:\/\/www.mediaregulation.org\/ar\/#\/schema\/logo\/image\/\",\"url\":\"https:\/\/www.mediaregulation.org\/wp-content\/uploads\/2022\/05\/logo-fr-desctop-2.jpeg\",\"contentUrl\":\"https:\/\/www.mediaregulation.org\/wp-content\/uploads\/2022\/05\/logo-fr-desctop-2.jpeg\",\"width\":560,\"height\":74,\"caption\":\"Centre de ressources en ligne sur la r\u00e9gulation des m\u00e9dias, l'autor\u00e9gulation et l'\u00e9ducation aux m\u00e9dias (CRRM)\"},\"image\":{\"@id\":\"https:\/\/www.mediaregulation.org\/ar\/#\/schema\/logo\/image\/\"},\"sameAs\":[\"https:\/\/www.facebook.com\/regulationmedia\/\",\"https:\/\/twitter.com\/mediaregulatio1\",\"https:\/\/www.youtube.com\/channel\/UC_PWIr_i5cWscxsu_Zno_Jg\"]}]}<\/script>\n<!-- \/ Yoast SEO plugin. -->","yoast_head_json":{"title":"Useful links - CRRM","robots":{"index":"index","follow":"follow","max-snippet":"max-snippet:-1","max-image-preview":"max-image-preview:large","max-video-preview":"max-video-preview:-1"},"canonical":"https:\/\/www.mediaregulation.org\/en\/useful-links\/","og_locale":"en_US","og_type":"article","og_title":"Useful links - CRRM","og_description":"[vc_row style=&#8221;classic&#8221; shape=&#8221;rounded&#8221; color=&#8221;grey&#8221; no_fill=&#8221;&#8221; spacing=&#8221;20&#8243; c_align=&#8221;left&#8221; autoplay=&#8221;none&#8221; collapsible_all=&#8221;&#8221; c_icon=&#8221;triangle&#8221; c_position=&#8221;right&#8221; active_section=&#8221;1&#8243; el_class=&#8221;faq_page carrers_area&#8221; title=&#8221;&#8221;][vc_column][vc_tta_accordion spacing=&#8221;20&#8243; c_icon=&#8221;triangle&#8221; c_position=&#8221;right&#8221; active_section=&#8221;1&#8243; el_class=&#8221;faq_page&#8221;][vc_tta_section title=&#8221;Networks of regulatory authorities&#8221; tab_id=&#8221;1641552000185-e7e034e4-6604&#8243;][vc_column_text] ACRAN &#8211; African Communication Regulatory Authorities Network EPRA &#8211; European Platform of Regulatory Authorities ERGA &#8211; European Regulators Group for Audiovisual Media Services IBRAF &#8211; Organisation of Islamic Cooperation Broadcasting","og_url":"https:\/\/www.mediaregulation.org\/en\/useful-links\/","og_site_name":"CRRM","article_publisher":"https:\/\/www.facebook.com\/regulationmedia\/","article_modified_time":"2022-03-11T07:52:20+00:00","twitter_card":"summary_large_image","twitter_site":"@mediaregulatio1","twitter_misc":{"Est. reading time":"2 minutes"},"schema":{"@context":"https:\/\/schema.org","@graph":[{"@type":"WebPage","@id":"https:\/\/www.mediaregulation.org\/en\/useful-links\/","url":"https:\/\/www.mediaregulation.org\/en\/useful-links\/","name":"Useful links - CRRM","isPartOf":{"@id":"https:\/\/www.mediaregulation.org\/ar\/#website"},"datePublished":"2021-10-19T10:06:53+00:00","dateModified":"2022-03-11T07:52:20+00:00","breadcrumb":{"@id":"https:\/\/www.mediaregulation.org\/en\/useful-links\/#breadcrumb"},"inLanguage":"en-US","potentialAction":[{"@type":"ReadAction","target":["https:\/\/www.mediaregulation.org\/en\/useful-links\/"]}]},{"@type":"BreadcrumbList","@id":"https:\/\/www.mediaregulation.org\/en\/useful-links\/#breadcrumb","itemListElement":[{"@type":"ListItem","position":1,"name":"Accueil","item":"https:\/\/www.mediaregulation.org\/en\/"},{"@type":"ListItem","position":2,"name":"Useful links"}]},{"@type":"WebSite","@id":"https:\/\/www.mediaregulation.org\/ar\/#website","url":"https:\/\/www.mediaregulation.org\/ar\/","name":"CRRM","description":"Centre de ressources sur la r\u00e9gulation des M\u00e9dias","publisher":{"@id":"https:\/\/www.mediaregulation.org\/ar\/#organization"},"potentialAction":[{"@type":"SearchAction","target":{"@type":"EntryPoint","urlTemplate":"https:\/\/www.mediaregulation.org\/ar\/?s={search_term_string}"},"query-input":"required name=search_term_string"}],"inLanguage":"en-US"},{"@type":"Organization","@id":"https:\/\/www.mediaregulation.org\/ar\/#organization","name":"Centre de ressources en ligne sur la r\u00e9gulation des m\u00e9dias, l'autor\u00e9gulation et l'\u00e9ducation aux m\u00e9dias (CRRM)","url":"https:\/\/www.mediaregulation.org\/ar\/","logo":{"@type":"ImageObject","inLanguage":"en-US","@id":"https:\/\/www.mediaregulation.org\/ar\/#\/schema\/logo\/image\/","url":"https:\/\/www.mediaregulation.org\/wp-content\/uploads\/2022\/05\/logo-fr-desctop-2.jpeg","contentUrl":"https:\/\/www.mediaregulation.org\/wp-content\/uploads\/2022\/05\/logo-fr-desctop-2.jpeg","width":560,"height":74,"caption":"Centre de ressources en ligne sur la r\u00e9gulation des m\u00e9dias, l'autor\u00e9gulation et l'\u00e9ducation aux m\u00e9dias (CRRM)"},"image":{"@id":"https:\/\/www.mediaregulation.org\/ar\/#\/schema\/logo\/image\/"},"sameAs":["https:\/\/www.facebook.com\/regulationmedia\/","https:\/\/twitter.com\/mediaregulatio1","https:\/\/www.youtube.com\/channel\/UC_PWIr_i5cWscxsu_Zno_Jg"]}]}},"_links":{"self":[{"href":"https:\/\/www.mediaregulation.org\/en\/wp-json\/wp\/v2\/pages\/2513"}],"collection":[{"href":"https:\/\/www.mediaregulation.org\/en\/wp-json\/wp\/v2\/pages"}],"about":[{"href":"https:\/\/www.mediaregulation.org\/en\/wp-json\/wp\/v2\/types\/page"}],"author":[{"embeddable":true,"href":"https:\/\/www.mediaregulation.org\/en\/wp-json\/wp\/v2\/users\/1"}],"replies":[{"embeddable":true,"href":"https:\/\/www.mediaregulation.org\/en\/wp-json\/wp\/v2\/comments?post=2513"}],"version-history":[{"count":51,"href":"https:\/\/www.mediaregulation.org\/en\/wp-json\/wp\/v2\/pages\/2513\/revisions"}],"predecessor-version":[{"id":5299,"href":"https:\/\/www.mediaregulation.org\/en\/wp-json\/wp\/v2\/pages\/2513\/revisions\/5299"}],"wp:attachment":[{"href":"https:\/\/www.mediaregulation.org\/en\/wp-json\/wp\/v2\/media?parent=2513"}],"curies":[{"name":"wp","href":"https:\/\/api.w.org\/{rel}","templated":true}]}}