{"id":3119,"date":"2021-11-02T14:41:26","date_gmt":"2021-11-02T13:41:26","guid":{"rendered":"https:\/\/www.mediaregulation.org\/?page_id=3119"},"modified":"2022-09-23T10:38:20","modified_gmt":"2022-09-23T08:38:20","slug":"videos","status":"publish","type":"page","link":"https:\/\/www.mediaregulation.org\/en\/videos\/","title":{"rendered":"Videos"},"content":{"rendered":"<p>[vc_row][vc_column][vc_empty_space][\/vc_column][\/vc_row][vc_row][vc_column width=&#8221;1\/2&#8243; el_class=&#8221;video1&#8243;][vc_raw_html]PGlmcmFtZSB3aWR0aD0iNTYwIiBoZWlnaHQ9IjMxNSIgc3JjPSJodHRwczovL3d3dy55b3V0dWJlLmNvbS9lbWJlZC91bFk1TWotSTZHZyIgdGl0bGU9IllvdVR1YmUgdmlkZW8gcGxheWVyIiBmcmFtZWJvcmRlcj0iMCIgYWxsb3c9ImFjY2VsZXJvbWV0ZXI7IGF1dG9wbGF5OyBjbGlwYm9hcmQtd3JpdGU7IGVuY3J5cHRlZC1tZWRpYTsgZ3lyb3Njb3BlOyBwaWN0dXJlLWluLXBpY3R1cmUiIGFsbG93ZnVsbHNjcmVlbj48L2lmcmFtZT4=[\/vc_raw_html][vc_column_text css=&#8221;.vc_custom_1647006251620{margin-top: -20px !important;}&#8221;]La Haute Autorit\u00e9 ind\u00e9pendante de la communication audiovisuelle HAICA est une garantie pour la libert\u00e9 d&#8217;expression en tunisie[\/vc_column_text][\/vc_column][vc_column width=&#8221;1\/2&#8243;][vc_raw_html]PGlmcmFtZSB3aWR0aD0iNTYwIiBoZWlnaHQ9IjMxNSIgc3JjPSJodHRwczovL3d3dy55b3V0dWJlLmNvbS9lbWJlZC9jbVdUbldaY1g1byIgdGl0bGU9IllvdVR1YmUgdmlkZW8gcGxheWVyIiBmcmFtZWJvcmRlcj0iMCIgYWxsb3c9ImFjY2VsZXJvbWV0ZXI7IGF1dG9wbGF5OyBjbGlwYm9hcmQtd3JpdGU7IGVuY3J5cHRlZC1tZWRpYTsgZ3lyb3Njb3BlOyBwaWN0dXJlLWluLXBpY3R1cmUiIGFsbG93ZnVsbHNjcmVlbj48L2lmcmFtZT4=[\/vc_raw_html][vc_column_text css=&#8221;.vc_custom_1647006303197{margin-top: -20px !important;}&#8221;]Pr\u00e9sentation de la Haute Autorit\u00e9 ind\u00e9pendante de la communication audiovisuelle et de ses missions[\/vc_column_text][\/vc_column][\/vc_row][vc_row][vc_column][vc_empty_space height=&#8221;40px&#8221;][\/vc_column][\/vc_row][vc_row][vc_column width=&#8221;1\/2&#8243; el_class=&#8221;video1&#8243;][vc_raw_html]PGlmcmFtZSB3aWR0aD0iNTYwIiBoZWlnaHQ9IjMxNSIgc3JjPSJodHRwczovL3d3dy55b3V0dWJlLmNvbS9lbWJlZC9vME11a01KX0I0OCIgdGl0bGU9IllvdVR1YmUgdmlkZW8gcGxheWVyIiBmcmFtZWJvcmRlcj0iMCIgYWxsb3c9ImFjY2VsZXJvbWV0ZXI7IGF1dG9wbGF5OyBjbGlwYm9hcmQtd3JpdGU7IGVuY3J5cHRlZC1tZWRpYTsgZ3lyb3Njb3BlOyBwaWN0dXJlLWluLXBpY3R1cmUiIGFsbG93ZnVsbHNjcmVlbj48L2lmcmFtZT4=[\/vc_raw_html][vc_column_text css=&#8221;.vc_custom_1647006368036{margin-top: -20px !important;}&#8221;]REFRAM : MEDIAS DE SERVICE PUBLIC[\/vc_column_text][\/vc_column][vc_column width=&#8221;1\/2&#8243;][vc_raw_html]PGlmcmFtZSB3aWR0aD0iNTYwIiBoZWlnaHQ9IjMxNSIgc3JjPSJodHRwczovL3d3dy55b3V0dWJlLmNvbS9lbWJlZC9EZmFDRExyOF9vVSIgdGl0bGU9IllvdVR1YmUgdmlkZW8gcGxheWVyIiBmcmFtZWJvcmRlcj0iMCIgYWxsb3c9ImFjY2VsZXJvbWV0ZXI7IGF1dG9wbGF5OyBjbGlwYm9hcmQtd3JpdGU7IGVuY3J5cHRlZC1tZWRpYTsgZ3lyb3Njb3BlOyBwaWN0dXJlLWluLXBpY3R1cmUiIGFsbG93ZnVsbHNjcmVlbj48L2lmcmFtZT4=[\/vc_raw_html][vc_column_text css=&#8221;.vc_custom_1647006401731{margin-top: -20px !important;}&#8221;]REFRAM Vid\u00e9o OFCOM[\/vc_column_text][\/vc_column][\/vc_row][vc_row][vc_column][vc_empty_space height=&#8221;40px&#8221;][\/vc_column][\/vc_row][vc_row][vc_column width=&#8221;1\/2&#8243; el_class=&#8221;video1&#8243;][vc_raw_html]PGlmcmFtZSB3aWR0aD0iNTYwIiBoZWlnaHQ9IjMxNSIgc3JjPSJodHRwczovL3d3dy55b3V0dWJlLmNvbS9lbWJlZC9IZ3VkRkZxLTRqOCIgdGl0bGU9IllvdVR1YmUgdmlkZW8gcGxheWVyIiBmcmFtZWJvcmRlcj0iMCIgYWxsb3c9ImFjY2VsZXJvbWV0ZXI7IGF1dG9wbGF5OyBjbGlwYm9hcmQtd3JpdGU7IGVuY3J5cHRlZC1tZWRpYTsgZ3lyb3Njb3BlOyBwaWN0dXJlLWluLXBpY3R1cmUiIGFsbG93ZnVsbHNjcmVlbj48L2lmcmFtZT4=[\/vc_raw_html][vc_column_text css=&#8221;.vc_custom_1647006409065{margin-top: -20px !important;}&#8221;]Atelier de formation \u00e0 Hammamet sur la couverture m\u00e9diatique des \u00e9lections[\/vc_column_text][\/vc_column][vc_column width=&#8221;1\/2&#8243;][vc_raw_html]PGlmcmFtZSB3aWR0aD0iNTYwIiBoZWlnaHQ9IjMxNSIgc3JjPSJodHRwczovL3d3dy55b3V0dWJlLmNvbS9lbWJlZC9FckFKUG5XbVgwdyIgdGl0bGU9IllvdVR1YmUgdmlkZW8gcGxheWVyIiBmcmFtZWJvcmRlcj0iMCIgYWxsb3c9ImFjY2VsZXJvbWV0ZXI7IGF1dG9wbGF5OyBjbGlwYm9hcmQtd3JpdGU7IGVuY3J5cHRlZC1tZWRpYTsgZ3lyb3Njb3BlOyBwaWN0dXJlLWluLXBpY3R1cmUiIGFsbG93ZnVsbHNjcmVlbj48L2lmcmFtZT4=[\/vc_raw_html][vc_column_text css=&#8221;.vc_custom_1647006418618{margin-top: -20px !important;}&#8221;]Intervention de M. Nouri Al-Lajmi \u00e0 l&#8217;occasion du Sixi\u00e8me Symposium international des pr\u00e9sidents du R\u00e9seau francophone des organes d&#8217;\u00e9dition[\/vc_column_text][\/vc_column][\/vc_row][vc_row][vc_column][vc_empty_space height=&#8221;40px&#8221;][\/vc_column][\/vc_row][vc_row][vc_column width=&#8221;1\/2&#8243; el_class=&#8221;video1&#8243;][vc_raw_html]PGlmcmFtZSB3aWR0aD0iNTYwIiBoZWlnaHQ9IjMxNSIgc3JjPSJodHRwczovL3d3dy55b3V0dWJlLmNvbS9lbWJlZC9YNXFYS3ZIX0o5WSIgdGl0bGU9IllvdVR1YmUgdmlkZW8gcGxheWVyIiBmcmFtZWJvcmRlcj0iMCIgYWxsb3c9ImFjY2VsZXJvbWV0ZXI7IGF1dG9wbGF5OyBjbGlwYm9hcmQtd3JpdGU7IGVuY3J5cHRlZC1tZWRpYTsgZ3lyb3Njb3BlOyBwaWN0dXJlLWluLXBpY3R1cmUiIGFsbG93ZnVsbHNjcmVlbj48L2lmcmFtZT4=[\/vc_raw_html][vc_column_text css=&#8221;.vc_custom_1647006425922{margin-top: -20px !important;}&#8221;]capsule Joelle lancement service recherche ST[\/vc_column_text][\/vc_column][vc_column width=&#8221;1\/2&#8243;][vc_raw_html]PGlmcmFtZSB3aWR0aD0iNTYwIiBoZWlnaHQ9IjMxNSIgc3JjPSJodHRwczovL3d3dy55b3V0dWJlLmNvbS9lbWJlZC9oQnlaelQxMFMzQSIgdGl0bGU9IllvdVR1YmUgdmlkZW8gcGxheWVyIiBmcmFtZWJvcmRlcj0iMCIgYWxsb3c9ImFjY2VsZXJvbWV0ZXI7IGF1dG9wbGF5OyBjbGlwYm9hcmQtd3JpdGU7IGVuY3J5cHRlZC1tZWRpYTsgZ3lyb3Njb3BlOyBwaWN0dXJlLWluLXBpY3R1cmUiIGFsbG93ZnVsbHNjcmVlbj48L2lmcmFtZT4=[\/vc_raw_html][vc_column_text css=&#8221;.vc_custom_1647006433201{margin-top: -20px !important;}&#8221;]Un colloque international sur la r\u00e9gulation des m\u00e9dias face au d\u00e9veloppement de l&#8217;usage des r\u00e9seaux sociaux[\/vc_column_text][\/vc_column][\/vc_row][vc_row][vc_column][vc_empty_space height=&#8221;40px&#8221;][\/vc_column][\/vc_row][vc_row][vc_column width=&#8221;1\/2&#8243; el_class=&#8221;video1&#8243;][vc_raw_html]PGlmcmFtZSB3aWR0aD0iNTYwIiBoZWlnaHQ9IjMxNSIgc3JjPSJodHRwczovL3d3dy55b3V0dWJlLmNvbS9lbWJlZC9MM1hfUF9OTU9ydyIgdGl0bGU9IllvdVR1YmUgdmlkZW8gcGxheWVyIiBmcmFtZWJvcmRlcj0iMCIgYWxsb3c9ImFjY2VsZXJvbWV0ZXI7IGF1dG9wbGF5OyBjbGlwYm9hcmQtd3JpdGU7IGVuY3J5cHRlZC1tZWRpYTsgZ3lyb3Njb3BlOyBwaWN0dXJlLWluLXBpY3R1cmUiIGFsbG93ZnVsbHNjcmVlbj48L2lmcmFtZT4=[\/vc_raw_html][vc_column_text css=&#8221;.vc_custom_1647006440329{margin-top: -20px !important;}&#8221;]Intervention de M. Nouri Al-Lajmi \u00e0 l&#8217;occasion du Sixi\u00e8me Symposium international des pr\u00e9sidents du R\u00e9seau francophone des organes d&#8217;\u00e9dition[\/vc_column_text][\/vc_column][vc_column width=&#8221;1\/2&#8243;][vc_raw_html]PGlmcmFtZSB3aWR0aD0iNTYwIiBoZWlnaHQ9IjMxNSIgc3JjPSJodHRwczovL3d3dy55b3V0dWJlLmNvbS9lbWJlZC9jUHBncmd0TElvbyIgdGl0bGU9IllvdVR1YmUgdmlkZW8gcGxheWVyIiBmcmFtZWJvcmRlcj0iMCIgYWxsb3c9ImFjY2VsZXJvbWV0ZXI7IGF1dG9wbGF5OyBjbGlwYm9hcmQtd3JpdGU7IGVuY3J5cHRlZC1tZWRpYTsgZ3lyb3Njb3BlOyBwaWN0dXJlLWluLXBpY3R1cmUiIGFsbG93ZnVsbHNjcmVlbj48L2lmcmFtZT4=[\/vc_raw_html][vc_column_text css=&#8221;.vc_custom_1647006447577{margin-top: -20px !important;}&#8221;]M. Nouri Al-Lajmi : L&#8217;importance de la Haute Autorit\u00e9 ind\u00e9pendante de la communication audiovisuelle dans le soutien \u00e0 la d\u00e9mocratie[\/vc_column_text][\/vc_column][\/vc_row][vc_row][vc_column][vc_empty_space height=&#8221;40px&#8221;][\/vc_column][\/vc_row][vc_row][vc_column width=&#8221;1\/2&#8243; el_class=&#8221;video1&#8243;][vc_raw_html]PGlmcmFtZSB3aWR0aD0iNTYwIiBoZWlnaHQ9IjMxNSIgc3JjPSJodHRwczovL3d3dy55b3V0dWJlLmNvbS9lbWJlZC9HNTNSRXEtdC1TQSIgdGl0bGU9IllvdVR1YmUgdmlkZW8gcGxheWVyIiBmcmFtZWJvcmRlcj0iMCIgYWxsb3c9ImFjY2VsZXJvbWV0ZXI7IGF1dG9wbGF5OyBjbGlwYm9hcmQtd3JpdGU7IGVuY3J5cHRlZC1tZWRpYTsgZ3lyb3Njb3BlOyBwaWN0dXJlLWluLXBpY3R1cmUiIGFsbG93ZnVsbHNjcmVlbj48L2lmcmFtZT4=[\/vc_raw_html][vc_column_text css=&#8221;.vc_custom_1647006455665{margin-top: -20px !important;}&#8221;]Lydie ERR : Les processus de nomination des membres des instances ind\u00e9pendantes[\/vc_column_text][\/vc_column][vc_column width=&#8221;1\/2&#8243;][vc_raw_html]PGlmcmFtZSB3aWR0aD0iNTYwIiBoZWlnaHQ9IjMxNSIgc3JjPSJodHRwczovL3d3dy55b3V0dWJlLmNvbS9lbWJlZC9jQkNRTWpIODc4ZyIgdGl0bGU9IllvdVR1YmUgdmlkZW8gcGxheWVyIiBmcmFtZWJvcmRlcj0iMCIgYWxsb3c9ImFjY2VsZXJvbWV0ZXI7IGF1dG9wbGF5OyBjbGlwYm9hcmQtd3JpdGU7IGVuY3J5cHRlZC1tZWRpYTsgZ3lyb3Njb3BlOyBwaWN0dXJlLWluLXBpY3R1cmUiIGFsbG93ZnVsbHNjcmVlbj48L2lmcmFtZT4=[\/vc_raw_html][vc_column_text css=&#8221;.vc_custom_1647006463513{margin-top: -20px !important;}&#8221;]Pourquoi le financement ind\u00e9pendant des instances comme la HAICA est fondamental ?[\/vc_column_text][\/vc_column][\/vc_row][vc_row][vc_column][vc_empty_space height=&#8221;40px&#8221;][\/vc_column][\/vc_row][vc_row][vc_column width=&#8221;1\/2&#8243; el_class=&#8221;video1&#8243;][vc_raw_html]PGlmcmFtZSB3aWR0aD0iNTYwIiBoZWlnaHQ9IjMxNSIgc3JjPSJodHRwczovL3d3dy55b3V0dWJlLmNvbS9lbWJlZC9pMjhCR0ZQcEtkYyIgdGl0bGU9IllvdVR1YmUgdmlkZW8gcGxheWVyIiBmcmFtZWJvcmRlcj0iMCIgYWxsb3c9ImFjY2VsZXJvbWV0ZXI7IGF1dG9wbGF5OyBjbGlwYm9hcmQtd3JpdGU7IGVuY3J5cHRlZC1tZWRpYTsgZ3lyb3Njb3BlOyBwaWN0dXJlLWluLXBpY3R1cmUiIGFsbG93ZnVsbHNjcmVlbj48L2lmcmFtZT4=[\/vc_raw_html][vc_column_text css=&#8221;.vc_custom_1647006471088{margin-top: -20px !important;}&#8221;]Haca Maroc[\/vc_column_text][\/vc_column][vc_column width=&#8221;1\/2&#8243;][vc_raw_html]JTNDaWZyYW1lJTIwd2lkdGglM0QlMjI1NjAlMjIlMjBoZWlnaHQlM0QlMjIzMTUlMjIlMjBzcmMlM0QlMjJodHRwcyUzQSUyRiUyRnd3dy55b3V0dWJlLmNvbSUyRmVtYmVkJTJGVzlUV21YWXB6VUklMjIlMjB0aXRsZSUzRCUyMllvdVR1YmUlMjB2aWRlbyUyMHBsYXllciUyMiUyMGZyYW1lYm9yZGVyJTNEJTIyMCUyMiUyMGFsbG93JTNEJTIyYWNjZWxlcm9tZXRlciUzQiUyMGF1dG9wbGF5JTNCJTIwY2xpcGJvYXJkLXdyaXRlJTNCJTIwZW5jcnlwdGVkLW1lZGlhJTNCJTIwZ3lyb3Njb3BlJTNCJTIwcGljdHVyZS1pbi1waWN0dXJlJTIyJTIwYWxsb3dmdWxsc2NyZWVuJTNFJTNDJTJGaWZyYW1lJTNF[\/vc_raw_html][vc_column_text]Le president du Conseil National de la Communication \u00e1 Marrakech[\/vc_column_text][\/vc_column][\/vc_row][vc_row][vc_column][vc_empty_space][\/vc_column][\/vc_row]<\/p>\n<!-- AddThis Advanced Settings generic via filter on the_content --><!-- AddThis Share Buttons generic via filter on the_content -->","protected":false},"excerpt":{"rendered":"<p>[vc_row][vc_column][vc_empty_space][\/vc_column][\/vc_row][vc_row][vc_column width=&#8221;1\/2&#8243; el_class=&#8221;video1&#8243;][vc_raw_html]PGlmcmFtZSB3aWR0aD0iNTYwIiBoZWlnaHQ9IjMxNSIgc3JjPSJodHRwczovL3d3dy55b3V0dWJlLmNvbS9lbWJlZC91bFk1TWotSTZHZyIgdGl0bGU9IllvdVR1YmUgdmlkZW8gcGxheWVyIiBmcmFtZWJvcmRlcj0iMCIgYWxsb3c9ImFjY2VsZXJvbWV0ZXI7IGF1dG9wbGF5OyBjbGlwYm9hcmQtd3JpdGU7IGVuY3J5cHRlZC1tZWRpYTsgZ3lyb3Njb3BlOyBwaWN0dXJlLWluLXBpY3R1cmUiIGFsbG93ZnVsbHNjcmVlbj48L2lmcmFtZT4=[\/vc_raw_html][vc_column_text css=&#8221;.vc_custom_1647006251620{margin-top: -20px !important;}&#8221;]La Haute Autorit\u00e9 ind\u00e9pendante de la communication audiovisuelle HAICA est une garantie pour la libert\u00e9 d&#8217;expression en tunisie[\/vc_column_text][\/vc_column][vc_column width=&#8221;1\/2&#8243;][vc_raw_html]PGlmcmFtZSB3aWR0aD0iNTYwIiBoZWlnaHQ9IjMxNSIgc3JjPSJodHRwczovL3d3dy55b3V0dWJlLmNvbS9lbWJlZC9jbVdUbldaY1g1byIgdGl0bGU9IllvdVR1YmUgdmlkZW8gcGxheWVyIiBmcmFtZWJvcmRlcj0iMCIgYWxsb3c9ImFjY2VsZXJvbWV0ZXI7IGF1dG9wbGF5OyBjbGlwYm9hcmQtd3JpdGU7IGVuY3J5cHRlZC1tZWRpYTsgZ3lyb3Njb3BlOyBwaWN0dXJlLWluLXBpY3R1cmUiIGFsbG93ZnVsbHNjcmVlbj48L2lmcmFtZT4=[\/vc_raw_html][vc_column_text css=&#8221;.vc_custom_1647006303197{margin-top: -20px !important;}&#8221;]Pr\u00e9sentation de la Haute Autorit\u00e9 ind\u00e9pendante de la communication audiovisuelle et de ses missions[\/vc_column_text][\/vc_column][\/vc_row][vc_row][vc_column][vc_empty_space height=&#8221;40px&#8221;][\/vc_column][\/vc_row][vc_row][vc_column width=&#8221;1\/2&#8243; el_class=&#8221;video1&#8243;][vc_raw_html]PGlmcmFtZSB3aWR0aD0iNTYwIiBoZWlnaHQ9IjMxNSIgc3JjPSJodHRwczovL3d3dy55b3V0dWJlLmNvbS9lbWJlZC9vME11a01KX0I0OCIgdGl0bGU9IllvdVR1YmUgdmlkZW8gcGxheWVyIiBmcmFtZWJvcmRlcj0iMCIgYWxsb3c9ImFjY2VsZXJvbWV0ZXI7IGF1dG9wbGF5OyBjbGlwYm9hcmQtd3JpdGU7IGVuY3J5cHRlZC1tZWRpYTsgZ3lyb3Njb3BlOyBwaWN0dXJlLWluLXBpY3R1cmUiIGFsbG93ZnVsbHNjcmVlbj48L2lmcmFtZT4=[\/vc_raw_html][vc_column_text css=&#8221;.vc_custom_1647006368036{margin-top: -20px !important;}&#8221;]REFRAM : MEDIAS DE SERVICE PUBLIC[\/vc_column_text][\/vc_column][vc_column width=&#8221;1\/2&#8243;][vc_raw_html]PGlmcmFtZSB3aWR0aD0iNTYwIiBoZWlnaHQ9IjMxNSIgc3JjPSJodHRwczovL3d3dy55b3V0dWJlLmNvbS9lbWJlZC9EZmFDRExyOF9vVSIgdGl0bGU9IllvdVR1YmUgdmlkZW8gcGxheWVyIiBmcmFtZWJvcmRlcj0iMCIgYWxsb3c9ImFjY2VsZXJvbWV0ZXI7IGF1dG9wbGF5OyBjbGlwYm9hcmQtd3JpdGU7IGVuY3J5cHRlZC1tZWRpYTsgZ3lyb3Njb3BlOyBwaWN0dXJlLWluLXBpY3R1cmUiIGFsbG93ZnVsbHNjcmVlbj48L2lmcmFtZT4=[\/vc_raw_html][vc_column_text css=&#8221;.vc_custom_1647006401731{margin-top: -20px !important;}&#8221;]REFRAM<!-- AddThis Advanced Settings generic via filter on get_the_excerpt --><!-- AddThis Share Buttons generic via filter on get_the_excerpt --><\/p>\n","protected":false},"author":1,"featured_media":0,"parent":0,"menu_order":0,"comment_status":"closed","ping_status":"closed","template":"","meta":{"inline_featured_image":false,"_links_to":"","_links_to_target":""},"yoast_head":"<!-- This site is optimized with the Yoast SEO plugin v21.1 - https:\/\/yoast.com\/wordpress\/plugins\/seo\/ -->\n<title>Videos - CRRM<\/title>\n<meta name=\"robots\" content=\"index, follow, max-snippet:-1, max-image-preview:large, max-video-preview:-1\" \/>\n<link rel=\"canonical\" href=\"https:\/\/www.mediaregulation.org\/en\/videos\/\" \/>\n<meta property=\"og:locale\" content=\"en_US\" \/>\n<meta property=\"og:type\" content=\"article\" \/>\n<meta property=\"og:title\" content=\"Videos - CRRM\" \/>\n<meta property=\"og:description\" content=\"[vc_row][vc_column][vc_empty_space][\/vc_column][\/vc_row][vc_row][vc_column width=&#8221;1\/2&#8243; el_class=&#8221;video1&#8243;][vc_raw_html]PGlmcmFtZSB3aWR0aD0iNTYwIiBoZWlnaHQ9IjMxNSIgc3JjPSJodHRwczovL3d3dy55b3V0dWJlLmNvbS9lbWJlZC91bFk1TWotSTZHZyIgdGl0bGU9IllvdVR1YmUgdmlkZW8gcGxheWVyIiBmcmFtZWJvcmRlcj0iMCIgYWxsb3c9ImFjY2VsZXJvbWV0ZXI7IGF1dG9wbGF5OyBjbGlwYm9hcmQtd3JpdGU7IGVuY3J5cHRlZC1tZWRpYTsgZ3lyb3Njb3BlOyBwaWN0dXJlLWluLXBpY3R1cmUiIGFsbG93ZnVsbHNjcmVlbj48L2lmcmFtZT4=[\/vc_raw_html][vc_column_text css=&#8221;.vc_custom_1647006251620{margin-top: -20px !important;}&#8221;]La Haute Autorit\u00e9 ind\u00e9pendante de la communication audiovisuelle HAICA est une garantie pour la libert\u00e9 d&#8217;expression en tunisie[\/vc_column_text][\/vc_column][vc_column width=&#8221;1\/2&#8243;][vc_raw_html]PGlmcmFtZSB3aWR0aD0iNTYwIiBoZWlnaHQ9IjMxNSIgc3JjPSJodHRwczovL3d3dy55b3V0dWJlLmNvbS9lbWJlZC9jbVdUbldaY1g1byIgdGl0bGU9IllvdVR1YmUgdmlkZW8gcGxheWVyIiBmcmFtZWJvcmRlcj0iMCIgYWxsb3c9ImFjY2VsZXJvbWV0ZXI7IGF1dG9wbGF5OyBjbGlwYm9hcmQtd3JpdGU7IGVuY3J5cHRlZC1tZWRpYTsgZ3lyb3Njb3BlOyBwaWN0dXJlLWluLXBpY3R1cmUiIGFsbG93ZnVsbHNjcmVlbj48L2lmcmFtZT4=[\/vc_raw_html][vc_column_text css=&#8221;.vc_custom_1647006303197{margin-top: -20px !important;}&#8221;]Pr\u00e9sentation de la Haute Autorit\u00e9 ind\u00e9pendante de la communication audiovisuelle et de ses missions[\/vc_column_text][\/vc_column][\/vc_row][vc_row][vc_column][vc_empty_space height=&#8221;40px&#8221;][\/vc_column][\/vc_row][vc_row][vc_column width=&#8221;1\/2&#8243; el_class=&#8221;video1&#8243;][vc_raw_html]PGlmcmFtZSB3aWR0aD0iNTYwIiBoZWlnaHQ9IjMxNSIgc3JjPSJodHRwczovL3d3dy55b3V0dWJlLmNvbS9lbWJlZC9vME11a01KX0I0OCIgdGl0bGU9IllvdVR1YmUgdmlkZW8gcGxheWVyIiBmcmFtZWJvcmRlcj0iMCIgYWxsb3c9ImFjY2VsZXJvbWV0ZXI7IGF1dG9wbGF5OyBjbGlwYm9hcmQtd3JpdGU7IGVuY3J5cHRlZC1tZWRpYTsgZ3lyb3Njb3BlOyBwaWN0dXJlLWluLXBpY3R1cmUiIGFsbG93ZnVsbHNjcmVlbj48L2lmcmFtZT4=[\/vc_raw_html][vc_column_text css=&#8221;.vc_custom_1647006368036{margin-top: -20px !important;}&#8221;]REFRAM : MEDIAS DE SERVICE PUBLIC[\/vc_column_text][\/vc_column][vc_column width=&#8221;1\/2&#8243;][vc_raw_html]PGlmcmFtZSB3aWR0aD0iNTYwIiBoZWlnaHQ9IjMxNSIgc3JjPSJodHRwczovL3d3dy55b3V0dWJlLmNvbS9lbWJlZC9EZmFDRExyOF9vVSIgdGl0bGU9IllvdVR1YmUgdmlkZW8gcGxheWVyIiBmcmFtZWJvcmRlcj0iMCIgYWxsb3c9ImFjY2VsZXJvbWV0ZXI7IGF1dG9wbGF5OyBjbGlwYm9hcmQtd3JpdGU7IGVuY3J5cHRlZC1tZWRpYTsgZ3lyb3Njb3BlOyBwaWN0dXJlLWluLXBpY3R1cmUiIGFsbG93ZnVsbHNjcmVlbj48L2lmcmFtZT4=[\/vc_raw_html][vc_column_text css=&#8221;.vc_custom_1647006401731{margin-top: -20px !important;}&#8221;]REFRAM\" \/>\n<meta property=\"og:url\" content=\"https:\/\/www.mediaregulation.org\/en\/videos\/\" \/>\n<meta property=\"og:site_name\" content=\"CRRM\" \/>\n<meta property=\"article:publisher\" content=\"https:\/\/www.facebook.com\/regulationmedia\/\" \/>\n<meta property=\"article:modified_time\" content=\"2022-09-23T08:38:20+00:00\" \/>\n<meta name=\"twitter:card\" content=\"summary_large_image\" \/>\n<meta name=\"twitter:site\" content=\"@mediaregulatio1\" \/>\n<meta name=\"twitter:label1\" content=\"Est. reading time\" \/>\n\t<meta name=\"twitter:data1\" content=\"6 minutes\" \/>\n<script type=\"application\/ld+json\" class=\"yoast-schema-graph\">{\"@context\":\"https:\/\/schema.org\",\"@graph\":[{\"@type\":\"WebPage\",\"@id\":\"https:\/\/www.mediaregulation.org\/en\/videos\/\",\"url\":\"https:\/\/www.mediaregulation.org\/en\/videos\/\",\"name\":\"Videos - CRRM\",\"isPartOf\":{\"@id\":\"https:\/\/www.mediaregulation.org\/ar\/#website\"},\"datePublished\":\"2021-11-02T13:41:26+00:00\",\"dateModified\":\"2022-09-23T08:38:20+00:00\",\"breadcrumb\":{\"@id\":\"https:\/\/www.mediaregulation.org\/en\/videos\/#breadcrumb\"},\"inLanguage\":\"en-US\",\"potentialAction\":[{\"@type\":\"ReadAction\",\"target\":[\"https:\/\/www.mediaregulation.org\/en\/videos\/\"]}]},{\"@type\":\"BreadcrumbList\",\"@id\":\"https:\/\/www.mediaregulation.org\/en\/videos\/#breadcrumb\",\"itemListElement\":[{\"@type\":\"ListItem\",\"position\":1,\"name\":\"Accueil\",\"item\":\"https:\/\/www.mediaregulation.org\/en\/\"},{\"@type\":\"ListItem\",\"position\":2,\"name\":\"Videos\"}]},{\"@type\":\"WebSite\",\"@id\":\"https:\/\/www.mediaregulation.org\/ar\/#website\",\"url\":\"https:\/\/www.mediaregulation.org\/ar\/\",\"name\":\"CRRM\",\"description\":\"Centre de ressources sur la r\u00e9gulation des M\u00e9dias\",\"publisher\":{\"@id\":\"https:\/\/www.mediaregulation.org\/ar\/#organization\"},\"potentialAction\":[{\"@type\":\"SearchAction\",\"target\":{\"@type\":\"EntryPoint\",\"urlTemplate\":\"https:\/\/www.mediaregulation.org\/ar\/?s={search_term_string}\"},\"query-input\":\"required name=search_term_string\"}],\"inLanguage\":\"en-US\"},{\"@type\":\"Organization\",\"@id\":\"https:\/\/www.mediaregulation.org\/ar\/#organization\",\"name\":\"Centre de ressources en ligne sur la r\u00e9gulation des m\u00e9dias, l'autor\u00e9gulation et l'\u00e9ducation aux m\u00e9dias (CRRM)\",\"url\":\"https:\/\/www.mediaregulation.org\/ar\/\",\"logo\":{\"@type\":\"ImageObject\",\"inLanguage\":\"en-US\",\"@id\":\"https:\/\/www.mediaregulation.org\/ar\/#\/schema\/logo\/image\/\",\"url\":\"https:\/\/www.mediaregulation.org\/wp-content\/uploads\/2022\/05\/logo-fr-desctop-2.jpeg\",\"contentUrl\":\"https:\/\/www.mediaregulation.org\/wp-content\/uploads\/2022\/05\/logo-fr-desctop-2.jpeg\",\"width\":560,\"height\":74,\"caption\":\"Centre de ressources en ligne sur la r\u00e9gulation des m\u00e9dias, l'autor\u00e9gulation et l'\u00e9ducation aux m\u00e9dias (CRRM)\"},\"image\":{\"@id\":\"https:\/\/www.mediaregulation.org\/ar\/#\/schema\/logo\/image\/\"},\"sameAs\":[\"https:\/\/www.facebook.com\/regulationmedia\/\",\"https:\/\/twitter.com\/mediaregulatio1\",\"https:\/\/www.youtube.com\/channel\/UC_PWIr_i5cWscxsu_Zno_Jg\"]}]}<\/script>\n<!-- \/ Yoast SEO plugin. -->","yoast_head_json":{"title":"Videos - CRRM","robots":{"index":"index","follow":"follow","max-snippet":"max-snippet:-1","max-image-preview":"max-image-preview:large","max-video-preview":"max-video-preview:-1"},"canonical":"https:\/\/www.mediaregulation.org\/en\/videos\/","og_locale":"en_US","og_type":"article","og_title":"Videos - CRRM","og_description":"[vc_row][vc_column][vc_empty_space][\/vc_column][\/vc_row][vc_row][vc_column width=&#8221;1\/2&#8243; el_class=&#8221;video1&#8243;][vc_raw_html]PGlmcmFtZSB3aWR0aD0iNTYwIiBoZWlnaHQ9IjMxNSIgc3JjPSJodHRwczovL3d3dy55b3V0dWJlLmNvbS9lbWJlZC91bFk1TWotSTZHZyIgdGl0bGU9IllvdVR1YmUgdmlkZW8gcGxheWVyIiBmcmFtZWJvcmRlcj0iMCIgYWxsb3c9ImFjY2VsZXJvbWV0ZXI7IGF1dG9wbGF5OyBjbGlwYm9hcmQtd3JpdGU7IGVuY3J5cHRlZC1tZWRpYTsgZ3lyb3Njb3BlOyBwaWN0dXJlLWluLXBpY3R1cmUiIGFsbG93ZnVsbHNjcmVlbj48L2lmcmFtZT4=[\/vc_raw_html][vc_column_text css=&#8221;.vc_custom_1647006251620{margin-top: -20px !important;}&#8221;]La Haute Autorit\u00e9 ind\u00e9pendante de la communication audiovisuelle HAICA est une garantie pour la libert\u00e9 d&#8217;expression en tunisie[\/vc_column_text][\/vc_column][vc_column width=&#8221;1\/2&#8243;][vc_raw_html]PGlmcmFtZSB3aWR0aD0iNTYwIiBoZWlnaHQ9IjMxNSIgc3JjPSJodHRwczovL3d3dy55b3V0dWJlLmNvbS9lbWJlZC9jbVdUbldaY1g1byIgdGl0bGU9IllvdVR1YmUgdmlkZW8gcGxheWVyIiBmcmFtZWJvcmRlcj0iMCIgYWxsb3c9ImFjY2VsZXJvbWV0ZXI7IGF1dG9wbGF5OyBjbGlwYm9hcmQtd3JpdGU7IGVuY3J5cHRlZC1tZWRpYTsgZ3lyb3Njb3BlOyBwaWN0dXJlLWluLXBpY3R1cmUiIGFsbG93ZnVsbHNjcmVlbj48L2lmcmFtZT4=[\/vc_raw_html][vc_column_text css=&#8221;.vc_custom_1647006303197{margin-top: -20px !important;}&#8221;]Pr\u00e9sentation de la Haute Autorit\u00e9 ind\u00e9pendante de la communication audiovisuelle et de ses missions[\/vc_column_text][\/vc_column][\/vc_row][vc_row][vc_column][vc_empty_space height=&#8221;40px&#8221;][\/vc_column][\/vc_row][vc_row][vc_column width=&#8221;1\/2&#8243; el_class=&#8221;video1&#8243;][vc_raw_html]PGlmcmFtZSB3aWR0aD0iNTYwIiBoZWlnaHQ9IjMxNSIgc3JjPSJodHRwczovL3d3dy55b3V0dWJlLmNvbS9lbWJlZC9vME11a01KX0I0OCIgdGl0bGU9IllvdVR1YmUgdmlkZW8gcGxheWVyIiBmcmFtZWJvcmRlcj0iMCIgYWxsb3c9ImFjY2VsZXJvbWV0ZXI7IGF1dG9wbGF5OyBjbGlwYm9hcmQtd3JpdGU7IGVuY3J5cHRlZC1tZWRpYTsgZ3lyb3Njb3BlOyBwaWN0dXJlLWluLXBpY3R1cmUiIGFsbG93ZnVsbHNjcmVlbj48L2lmcmFtZT4=[\/vc_raw_html][vc_column_text css=&#8221;.vc_custom_1647006368036{margin-top: -20px !important;}&#8221;]REFRAM : MEDIAS DE SERVICE PUBLIC[\/vc_column_text][\/vc_column][vc_column width=&#8221;1\/2&#8243;][vc_raw_html]PGlmcmFtZSB3aWR0aD0iNTYwIiBoZWlnaHQ9IjMxNSIgc3JjPSJodHRwczovL3d3dy55b3V0dWJlLmNvbS9lbWJlZC9EZmFDRExyOF9vVSIgdGl0bGU9IllvdVR1YmUgdmlkZW8gcGxheWVyIiBmcmFtZWJvcmRlcj0iMCIgYWxsb3c9ImFjY2VsZXJvbWV0ZXI7IGF1dG9wbGF5OyBjbGlwYm9hcmQtd3JpdGU7IGVuY3J5cHRlZC1tZWRpYTsgZ3lyb3Njb3BlOyBwaWN0dXJlLWluLXBpY3R1cmUiIGFsbG93ZnVsbHNjcmVlbj48L2lmcmFtZT4=[\/vc_raw_html][vc_column_text css=&#8221;.vc_custom_1647006401731{margin-top: -20px !important;}&#8221;]REFRAM","og_url":"https:\/\/www.mediaregulation.org\/en\/videos\/","og_site_name":"CRRM","article_publisher":"https:\/\/www.facebook.com\/regulationmedia\/","article_modified_time":"2022-09-23T08:38:20+00:00","twitter_card":"summary_large_image","twitter_site":"@mediaregulatio1","twitter_misc":{"Est. reading time":"6 minutes"},"schema":{"@context":"https:\/\/schema.org","@graph":[{"@type":"WebPage","@id":"https:\/\/www.mediaregulation.org\/en\/videos\/","url":"https:\/\/www.mediaregulation.org\/en\/videos\/","name":"Videos - CRRM","isPartOf":{"@id":"https:\/\/www.mediaregulation.org\/ar\/#website"},"datePublished":"2021-11-02T13:41:26+00:00","dateModified":"2022-09-23T08:38:20+00:00","breadcrumb":{"@id":"https:\/\/www.mediaregulation.org\/en\/videos\/#breadcrumb"},"inLanguage":"en-US","potentialAction":[{"@type":"ReadAction","target":["https:\/\/www.mediaregulation.org\/en\/videos\/"]}]},{"@type":"BreadcrumbList","@id":"https:\/\/www.mediaregulation.org\/en\/videos\/#breadcrumb","itemListElement":[{"@type":"ListItem","position":1,"name":"Accueil","item":"https:\/\/www.mediaregulation.org\/en\/"},{"@type":"ListItem","position":2,"name":"Videos"}]},{"@type":"WebSite","@id":"https:\/\/www.mediaregulation.org\/ar\/#website","url":"https:\/\/www.mediaregulation.org\/ar\/","name":"CRRM","description":"Centre de ressources sur la r\u00e9gulation des M\u00e9dias","publisher":{"@id":"https:\/\/www.mediaregulation.org\/ar\/#organization"},"potentialAction":[{"@type":"SearchAction","target":{"@type":"EntryPoint","urlTemplate":"https:\/\/www.mediaregulation.org\/ar\/?s={search_term_string}"},"query-input":"required name=search_term_string"}],"inLanguage":"en-US"},{"@type":"Organization","@id":"https:\/\/www.mediaregulation.org\/ar\/#organization","name":"Centre de ressources en ligne sur la r\u00e9gulation des m\u00e9dias, l'autor\u00e9gulation et l'\u00e9ducation aux m\u00e9dias (CRRM)","url":"https:\/\/www.mediaregulation.org\/ar\/","logo":{"@type":"ImageObject","inLanguage":"en-US","@id":"https:\/\/www.mediaregulation.org\/ar\/#\/schema\/logo\/image\/","url":"https:\/\/www.mediaregulation.org\/wp-content\/uploads\/2022\/05\/logo-fr-desctop-2.jpeg","contentUrl":"https:\/\/www.mediaregulation.org\/wp-content\/uploads\/2022\/05\/logo-fr-desctop-2.jpeg","width":560,"height":74,"caption":"Centre de ressources en ligne sur la r\u00e9gulation des m\u00e9dias, l'autor\u00e9gulation et l'\u00e9ducation aux m\u00e9dias (CRRM)"},"image":{"@id":"https:\/\/www.mediaregulation.org\/ar\/#\/schema\/logo\/image\/"},"sameAs":["https:\/\/www.facebook.com\/regulationmedia\/","https:\/\/twitter.com\/mediaregulatio1","https:\/\/www.youtube.com\/channel\/UC_PWIr_i5cWscxsu_Zno_Jg"]}]}},"_links":{"self":[{"href":"https:\/\/www.mediaregulation.org\/en\/wp-json\/wp\/v2\/pages\/3119"}],"collection":[{"href":"https:\/\/www.mediaregulation.org\/en\/wp-json\/wp\/v2\/pages"}],"about":[{"href":"https:\/\/www.mediaregulation.org\/en\/wp-json\/wp\/v2\/types\/page"}],"author":[{"embeddable":true,"href":"https:\/\/www.mediaregulation.org\/en\/wp-json\/wp\/v2\/users\/1"}],"replies":[{"embeddable":true,"href":"https:\/\/www.mediaregulation.org\/en\/wp-json\/wp\/v2\/comments?post=3119"}],"version-history":[{"count":12,"href":"https:\/\/www.mediaregulation.org\/en\/wp-json\/wp\/v2\/pages\/3119\/revisions"}],"predecessor-version":[{"id":6244,"href":"https:\/\/www.mediaregulation.org\/en\/wp-json\/wp\/v2\/pages\/3119\/revisions\/6244"}],"wp:attachment":[{"href":"https:\/\/www.mediaregulation.org\/en\/wp-json\/wp\/v2\/media?parent=3119"}],"curies":[{"name":"wp","href":"https:\/\/api.w.org\/{rel}","templated":true}]}}