{"id":3194,"date":"2021-11-03T15:12:05","date_gmt":"2021-11-03T14:12:05","guid":{"rendered":"https:\/\/www.mediaregulation.org\/?page_id=3194"},"modified":"2022-01-12T17:28:40","modified_gmt":"2022-01-12T16:28:40","slug":"welcome-notes","status":"publish","type":"page","link":"https:\/\/www.mediaregulation.org\/en\/the-mrrc\/welcome-notes\/","title":{"rendered":"Welcome notes"},"content":{"rendered":"<p>[vc_row el_class=&#8221;carrers_area&#8221;][vc_column width=&#8221;1\/4&#8243; el_class=&#8221;carrers_left width_100&#8243;][vc_column_text]<\/p>\n<ul class=\"nav nav-tabs\" role=\"tablist\">\n<li role=\"presentation\"><a role=\"tab\" href=\"\/en\/the-mrrc\/\" aria-controls=\"carrers1\">The MRRC<\/a><\/li>\n<li class=\"active\" role=\"presentation\"><a href=\"\/en\/the-mrrc\/welcome-notes\/\">Welcome notes<\/a><\/li>\n<li role=\"presentation\"><a role=\"tab\" href=\"\/en\/scientific-committee\/\" aria-controls=\"carrers2\">SCIENTIFIC COMMITTEE<\/a><\/li>\n<li role=\"presentation\"><a role=\"tab\" href=\"\/en\/the-mrrc\/editorial-team\/\" aria-controls=\"carrers3\">Editorial team<\/a><\/li>\n<li role=\"presentation\"><a role=\"tab\" href=\"\/en\/it-department\/\" aria-controls=\"carrers4\">THE IT DEPARTMENT<\/a><\/li>\n<\/ul>\n<p>[\/vc_column_text][vc_column_text]<\/p>\n<div class=\"contact_info\">\n<h2>Contact<\/h2>\n<p>Mr. Jean-Fran\u00e7ois Furn\u00e9mont,<br \/>\nEditor in Chief<\/p>\n<p>Phone :<br \/>\n+216 71 656 507<br \/>\n+32 477 307 160<\/p>\n<p>E-mail :<br \/>\n<a href=\"mailto:info@mediaregulation.org\">info@mediaregulation.org<\/a><\/p>\n<\/div>\n<p>[\/vc_column_text][\/vc_column][vc_column width=&#8221;3\/4&#8243; el_class=&#8221;carrers_right_content width_100&#8243;][vc_row_inner el_class=&#8221;about_company&#8221;][vc_column_inner el_class=&#8221;width_100&#8243;][vc_tta_accordion spacing=&#8221;20&#8243; c_icon=&#8221;triangle&#8221; c_position=&#8221;right&#8221; active_section=&#8221;1&#8243; el_class=&#8221;faq_page&#8221;][vc_tta_section title=&#8221;Mr. Patrick Penninckx, Head of the Information Society Service, DGI Council of Europe&#8221; tab_id=&#8221;1635949682765-440799bc-6cee&#8221;][vc_column_text]<img decoding=\"async\" loading=\"lazy\" class=\"size-full wp-image-3178 alignright\" src=\"https:\/\/www.mediaregulation.org\/wp-content\/uploads\/2017\/09\/patrick-penninckx-coe.png\" alt=\"\" width=\"250\" height=\"250\" srcset=\"https:\/\/www.mediaregulation.org\/wp-content\/uploads\/2017\/09\/patrick-penninckx-coe.png 250w, https:\/\/www.mediaregulation.org\/wp-content\/uploads\/2017\/09\/patrick-penninckx-coe-150x150.png 150w\" sizes=\"(max-width: 250px) 100vw, 250px\" \/>When the idea of \u200b\u200ban online resource center on regulation, self-regulation and media education was launched by Mr Lajmi, President of HAICA, the Council of Europe wanted to be on his side. because this platform represents a formidable relay of the standards and principles that the Council of Europe promotes in this area in the southern Mediterranean and beyond.\u00a0Media regulation, often considered a subject for specialists, has come back to the fore in the digital age.<\/p>\n<p>The role of audiovisual regulatory authorities in relation to the media content produced by online platforms, the impact of platforms in electoral processes, the extent of monitoring applied to the production of media content by the platforms are as many challenges facing the media world today and the answers to which can only be found through research and dialogue between academia and media professionals, States, regulators but also the private sector.\u00a0The Online Resource Center has the ambitious vocation of wanting to fuel debate and scientific thinking through better access to resources in this area.<\/p>\n<p>Given the extent of the phenomenon of disinformation and the constant presence of information in our daily lives, media education has become a pressing subject from a human rights perspective because it is an indispensable instrument for citizenship. active and full participation in contemporary societies.<\/p>\n<p>Recommendation\u00a0<a href=\"https:\/\/search.coe.int\/cm\/Pages\/result_details.aspx?ObjectId=0900001680790e36\"><strong>CM \/ Rec (2018) 1<\/strong><\/a>\u00a0on media pluralism and transparency of their ownership invites member states to develop a comprehensive approach to the issue of media education, and also identifies obligations on the part of regulatory authorities media as well as media organizations regarding MIL.\u00a0The Resource Center for Media Regulation is a key instrument in promoting this knowledge essential to the exercise of democratic debate.<\/p>\n<p>We therefore hope that access to the resources provided by the Resource Center for Media Regulation, a regional and universal instrument, can enable media regulatory authorities, self-regulatory bodies and academics and researchers, media professionals, and a wide audience to provide input.<\/p>\n<p>Wishing you a pleasant reading.<\/p>\n<p>Patrick PENNINCKX[\/vc_column_text][\/vc_tta_section][vc_tta_section title=&#8221;Mr. Nouri Lajmi&#8221; tab_id=&#8221;1635949682777-15a2db73-66c6&#8243;][vc_column_text]<\/p>\n<p style=\"text-align: left;\"><img decoding=\"async\" loading=\"lazy\" class=\"size-full wp-image-3162 alignright\" src=\"https:\/\/www.mediaregulation.org\/wp-content\/uploads\/2017\/09\/nouri-lajmi-haica.png\" alt=\"\" width=\"250\" height=\"250\" srcset=\"https:\/\/www.mediaregulation.org\/wp-content\/uploads\/2017\/09\/nouri-lajmi-haica.png 250w, https:\/\/www.mediaregulation.org\/wp-content\/uploads\/2017\/09\/nouri-lajmi-haica-150x150.png 150w\" sizes=\"(max-width: 250px) 100vw, 250px\" \/>I am very happy to welcome you to the website of the Media Regulation Resource Center, called \u201cCRRM\u201d.\u00a0This center, which is presented exclusively in the form of a dedicated website, was born from a reflection carefully shared between the institutional partners who contributed to the implementation of this project, namely the Council of Europe and the High Authority for Audiovisual Communication, HAICA.<\/p>\n<p>[\/vc_column_text][\/vc_tta_section][\/vc_tta_accordion][\/vc_column_inner][\/vc_row_inner][\/vc_column][\/vc_row][vc_row][vc_column][vc_column_text]<\/p>\n<p>[\/vc_column_text][\/vc_column][\/vc_row]<\/p>\n<!-- AddThis Advanced Settings generic via filter on the_content --><!-- AddThis Share Buttons generic via filter on the_content -->","protected":false},"excerpt":{"rendered":"<p>[vc_row el_class=&#8221;carrers_area&#8221;][vc_column width=&#8221;1\/4&#8243; el_class=&#8221;carrers_left width_100&#8243;][vc_column_text] The MRRC Welcome notes SCIENTIFIC COMMITTEE Editorial team THE IT DEPARTMENT [\/vc_column_text][vc_column_text] Contact Mr. Jean-Fran\u00e7ois Furn\u00e9mont, Editor in Chief Phone : +216 71 656 507 +32 477 307 160 E-mail : info@mediaregulation.org [\/vc_column_text][\/vc_column][vc_column width=&#8221;3\/4&#8243; el_class=&#8221;carrers_right_content width_100&#8243;][vc_row_inner el_class=&#8221;about_company&#8221;][vc_column_inner el_class=&#8221;width_100&#8243;][vc_tta_accordion spacing=&#8221;20&#8243; c_icon=&#8221;triangle&#8221; c_position=&#8221;right&#8221; active_section=&#8221;1&#8243; el_class=&#8221;faq_page&#8221;][vc_tta_section title=&#8221;Mr. Patrick Penninckx, Head of the Information<!-- AddThis Advanced Settings generic via filter on get_the_excerpt --><!-- AddThis Share Buttons generic via filter on get_the_excerpt --><\/p>\n","protected":false},"author":1,"featured_media":0,"parent":1867,"menu_order":0,"comment_status":"closed","ping_status":"closed","template":"","meta":{"inline_featured_image":false,"_links_to":"","_links_to_target":""},"yoast_head":"<!-- This site is optimized with the Yoast SEO plugin v21.1 - https:\/\/yoast.com\/wordpress\/plugins\/seo\/ -->\n<title>Welcome notes - CRRM<\/title>\n<meta name=\"robots\" content=\"index, follow, max-snippet:-1, max-image-preview:large, max-video-preview:-1\" \/>\n<link rel=\"canonical\" href=\"https:\/\/www.mediaregulation.org\/en\/the-mrrc\/welcome-notes\/\" \/>\n<meta property=\"og:locale\" content=\"en_US\" \/>\n<meta property=\"og:type\" content=\"article\" \/>\n<meta property=\"og:title\" content=\"Welcome notes - CRRM\" \/>\n<meta property=\"og:description\" content=\"[vc_row el_class=&#8221;carrers_area&#8221;][vc_column width=&#8221;1\/4&#8243; el_class=&#8221;carrers_left width_100&#8243;][vc_column_text] The MRRC Welcome notes SCIENTIFIC COMMITTEE Editorial team THE IT DEPARTMENT [\/vc_column_text][vc_column_text] Contact Mr. Jean-Fran\u00e7ois Furn\u00e9mont, Editor in Chief Phone : +216 71 656 507 +32 477 307 160 E-mail : info@mediaregulation.org [\/vc_column_text][\/vc_column][vc_column width=&#8221;3\/4&#8243; el_class=&#8221;carrers_right_content width_100&#8243;][vc_row_inner el_class=&#8221;about_company&#8221;][vc_column_inner el_class=&#8221;width_100&#8243;][vc_tta_accordion spacing=&#8221;20&#8243; c_icon=&#8221;triangle&#8221; c_position=&#8221;right&#8221; active_section=&#8221;1&#8243; el_class=&#8221;faq_page&#8221;][vc_tta_section title=&#8221;Mr. Patrick Penninckx, Head of the Information\" \/>\n<meta property=\"og:url\" content=\"https:\/\/www.mediaregulation.org\/en\/the-mrrc\/welcome-notes\/\" \/>\n<meta property=\"og:site_name\" content=\"CRRM\" \/>\n<meta property=\"article:publisher\" content=\"https:\/\/www.facebook.com\/regulationmedia\/\" \/>\n<meta property=\"article:modified_time\" content=\"2022-01-12T16:28:40+00:00\" \/>\n<meta property=\"og:image\" content=\"https:\/\/www.mediaregulation.org\/wp-content\/uploads\/2017\/09\/patrick-penninckx-coe.png\" \/>\n<meta name=\"twitter:card\" content=\"summary_large_image\" \/>\n<meta name=\"twitter:site\" content=\"@mediaregulatio1\" \/>\n<meta name=\"twitter:label1\" content=\"Est. reading time\" \/>\n\t<meta name=\"twitter:data1\" content=\"3 minutes\" \/>\n<script type=\"application\/ld+json\" class=\"yoast-schema-graph\">{\"@context\":\"https:\/\/schema.org\",\"@graph\":[{\"@type\":\"WebPage\",\"@id\":\"https:\/\/www.mediaregulation.org\/en\/the-mrrc\/welcome-notes\/\",\"url\":\"https:\/\/www.mediaregulation.org\/en\/the-mrrc\/welcome-notes\/\",\"name\":\"Welcome notes - CRRM\",\"isPartOf\":{\"@id\":\"https:\/\/www.mediaregulation.org\/ar\/#website\"},\"datePublished\":\"2021-11-03T14:12:05+00:00\",\"dateModified\":\"2022-01-12T16:28:40+00:00\",\"breadcrumb\":{\"@id\":\"https:\/\/www.mediaregulation.org\/en\/the-mrrc\/welcome-notes\/#breadcrumb\"},\"inLanguage\":\"en-US\",\"potentialAction\":[{\"@type\":\"ReadAction\",\"target\":[\"https:\/\/www.mediaregulation.org\/en\/the-mrrc\/welcome-notes\/\"]}]},{\"@type\":\"BreadcrumbList\",\"@id\":\"https:\/\/www.mediaregulation.org\/en\/the-mrrc\/welcome-notes\/#breadcrumb\",\"itemListElement\":[{\"@type\":\"ListItem\",\"position\":1,\"name\":\"Accueil\",\"item\":\"https:\/\/www.mediaregulation.org\/en\/\"},{\"@type\":\"ListItem\",\"position\":2,\"name\":\"The MRRC\",\"item\":\"https:\/\/www.mediaregulation.org\/en\/the-mrrc\/\"},{\"@type\":\"ListItem\",\"position\":3,\"name\":\"Welcome notes\"}]},{\"@type\":\"WebSite\",\"@id\":\"https:\/\/www.mediaregulation.org\/ar\/#website\",\"url\":\"https:\/\/www.mediaregulation.org\/ar\/\",\"name\":\"CRRM\",\"description\":\"Centre de ressources sur la r\u00e9gulation des M\u00e9dias\",\"publisher\":{\"@id\":\"https:\/\/www.mediaregulation.org\/ar\/#organization\"},\"potentialAction\":[{\"@type\":\"SearchAction\",\"target\":{\"@type\":\"EntryPoint\",\"urlTemplate\":\"https:\/\/www.mediaregulation.org\/ar\/?s={search_term_string}\"},\"query-input\":\"required name=search_term_string\"}],\"inLanguage\":\"en-US\"},{\"@type\":\"Organization\",\"@id\":\"https:\/\/www.mediaregulation.org\/ar\/#organization\",\"name\":\"Centre de ressources en ligne sur la r\u00e9gulation des m\u00e9dias, l'autor\u00e9gulation et l'\u00e9ducation aux m\u00e9dias (CRRM)\",\"url\":\"https:\/\/www.mediaregulation.org\/ar\/\",\"logo\":{\"@type\":\"ImageObject\",\"inLanguage\":\"en-US\",\"@id\":\"https:\/\/www.mediaregulation.org\/ar\/#\/schema\/logo\/image\/\",\"url\":\"https:\/\/www.mediaregulation.org\/wp-content\/uploads\/2022\/05\/logo-fr-desctop-2.jpeg\",\"contentUrl\":\"https:\/\/www.mediaregulation.org\/wp-content\/uploads\/2022\/05\/logo-fr-desctop-2.jpeg\",\"width\":560,\"height\":74,\"caption\":\"Centre de ressources en ligne sur la r\u00e9gulation des m\u00e9dias, l'autor\u00e9gulation et l'\u00e9ducation aux m\u00e9dias (CRRM)\"},\"image\":{\"@id\":\"https:\/\/www.mediaregulation.org\/ar\/#\/schema\/logo\/image\/\"},\"sameAs\":[\"https:\/\/www.facebook.com\/regulationmedia\/\",\"https:\/\/twitter.com\/mediaregulatio1\",\"https:\/\/www.youtube.com\/channel\/UC_PWIr_i5cWscxsu_Zno_Jg\"]}]}<\/script>\n<!-- \/ Yoast SEO plugin. -->","yoast_head_json":{"title":"Welcome notes - CRRM","robots":{"index":"index","follow":"follow","max-snippet":"max-snippet:-1","max-image-preview":"max-image-preview:large","max-video-preview":"max-video-preview:-1"},"canonical":"https:\/\/www.mediaregulation.org\/en\/the-mrrc\/welcome-notes\/","og_locale":"en_US","og_type":"article","og_title":"Welcome notes - CRRM","og_description":"[vc_row el_class=&#8221;carrers_area&#8221;][vc_column width=&#8221;1\/4&#8243; el_class=&#8221;carrers_left width_100&#8243;][vc_column_text] The MRRC Welcome notes SCIENTIFIC COMMITTEE Editorial team THE IT DEPARTMENT [\/vc_column_text][vc_column_text] Contact Mr. Jean-Fran\u00e7ois Furn\u00e9mont, Editor in Chief Phone : +216 71 656 507 +32 477 307 160 E-mail : info@mediaregulation.org [\/vc_column_text][\/vc_column][vc_column width=&#8221;3\/4&#8243; el_class=&#8221;carrers_right_content width_100&#8243;][vc_row_inner el_class=&#8221;about_company&#8221;][vc_column_inner el_class=&#8221;width_100&#8243;][vc_tta_accordion spacing=&#8221;20&#8243; c_icon=&#8221;triangle&#8221; c_position=&#8221;right&#8221; active_section=&#8221;1&#8243; el_class=&#8221;faq_page&#8221;][vc_tta_section title=&#8221;Mr. Patrick Penninckx, Head of the Information","og_url":"https:\/\/www.mediaregulation.org\/en\/the-mrrc\/welcome-notes\/","og_site_name":"CRRM","article_publisher":"https:\/\/www.facebook.com\/regulationmedia\/","article_modified_time":"2022-01-12T16:28:40+00:00","og_image":[{"url":"https:\/\/www.mediaregulation.org\/wp-content\/uploads\/2017\/09\/patrick-penninckx-coe.png"}],"twitter_card":"summary_large_image","twitter_site":"@mediaregulatio1","twitter_misc":{"Est. reading time":"3 minutes"},"schema":{"@context":"https:\/\/schema.org","@graph":[{"@type":"WebPage","@id":"https:\/\/www.mediaregulation.org\/en\/the-mrrc\/welcome-notes\/","url":"https:\/\/www.mediaregulation.org\/en\/the-mrrc\/welcome-notes\/","name":"Welcome notes - CRRM","isPartOf":{"@id":"https:\/\/www.mediaregulation.org\/ar\/#website"},"datePublished":"2021-11-03T14:12:05+00:00","dateModified":"2022-01-12T16:28:40+00:00","breadcrumb":{"@id":"https:\/\/www.mediaregulation.org\/en\/the-mrrc\/welcome-notes\/#breadcrumb"},"inLanguage":"en-US","potentialAction":[{"@type":"ReadAction","target":["https:\/\/www.mediaregulation.org\/en\/the-mrrc\/welcome-notes\/"]}]},{"@type":"BreadcrumbList","@id":"https:\/\/www.mediaregulation.org\/en\/the-mrrc\/welcome-notes\/#breadcrumb","itemListElement":[{"@type":"ListItem","position":1,"name":"Accueil","item":"https:\/\/www.mediaregulation.org\/en\/"},{"@type":"ListItem","position":2,"name":"The MRRC","item":"https:\/\/www.mediaregulation.org\/en\/the-mrrc\/"},{"@type":"ListItem","position":3,"name":"Welcome notes"}]},{"@type":"WebSite","@id":"https:\/\/www.mediaregulation.org\/ar\/#website","url":"https:\/\/www.mediaregulation.org\/ar\/","name":"CRRM","description":"Centre de ressources sur la r\u00e9gulation des M\u00e9dias","publisher":{"@id":"https:\/\/www.mediaregulation.org\/ar\/#organization"},"potentialAction":[{"@type":"SearchAction","target":{"@type":"EntryPoint","urlTemplate":"https:\/\/www.mediaregulation.org\/ar\/?s={search_term_string}"},"query-input":"required name=search_term_string"}],"inLanguage":"en-US"},{"@type":"Organization","@id":"https:\/\/www.mediaregulation.org\/ar\/#organization","name":"Centre de ressources en ligne sur la r\u00e9gulation des m\u00e9dias, l'autor\u00e9gulation et l'\u00e9ducation aux m\u00e9dias (CRRM)","url":"https:\/\/www.mediaregulation.org\/ar\/","logo":{"@type":"ImageObject","inLanguage":"en-US","@id":"https:\/\/www.mediaregulation.org\/ar\/#\/schema\/logo\/image\/","url":"https:\/\/www.mediaregulation.org\/wp-content\/uploads\/2022\/05\/logo-fr-desctop-2.jpeg","contentUrl":"https:\/\/www.mediaregulation.org\/wp-content\/uploads\/2022\/05\/logo-fr-desctop-2.jpeg","width":560,"height":74,"caption":"Centre de ressources en ligne sur la r\u00e9gulation des m\u00e9dias, l'autor\u00e9gulation et l'\u00e9ducation aux m\u00e9dias (CRRM)"},"image":{"@id":"https:\/\/www.mediaregulation.org\/ar\/#\/schema\/logo\/image\/"},"sameAs":["https:\/\/www.facebook.com\/regulationmedia\/","https:\/\/twitter.com\/mediaregulatio1","https:\/\/www.youtube.com\/channel\/UC_PWIr_i5cWscxsu_Zno_Jg"]}]}},"_links":{"self":[{"href":"https:\/\/www.mediaregulation.org\/en\/wp-json\/wp\/v2\/pages\/3194"}],"collection":[{"href":"https:\/\/www.mediaregulation.org\/en\/wp-json\/wp\/v2\/pages"}],"about":[{"href":"https:\/\/www.mediaregulation.org\/en\/wp-json\/wp\/v2\/types\/page"}],"author":[{"embeddable":true,"href":"https:\/\/www.mediaregulation.org\/en\/wp-json\/wp\/v2\/users\/1"}],"replies":[{"embeddable":true,"href":"https:\/\/www.mediaregulation.org\/en\/wp-json\/wp\/v2\/comments?post=3194"}],"version-history":[{"count":12,"href":"https:\/\/www.mediaregulation.org\/en\/wp-json\/wp\/v2\/pages\/3194\/revisions"}],"predecessor-version":[{"id":4687,"href":"https:\/\/www.mediaregulation.org\/en\/wp-json\/wp\/v2\/pages\/3194\/revisions\/4687"}],"up":[{"embeddable":true,"href":"https:\/\/www.mediaregulation.org\/en\/wp-json\/wp\/v2\/pages\/1867"}],"wp:attachment":[{"href":"https:\/\/www.mediaregulation.org\/en\/wp-json\/wp\/v2\/media?parent=3194"}],"curies":[{"name":"wp","href":"https:\/\/api.w.org\/{rel}","templated":true}]}}