{"id":4204,"date":"2022-01-05T12:02:46","date_gmt":"2022-01-05T11:02:46","guid":{"rendered":"https:\/\/www.mediaregulation.org\/?page_id=4204"},"modified":"2022-05-11T11:25:33","modified_gmt":"2022-05-11T09:25:33","slug":"americas","status":"publish","type":"page","link":"https:\/\/www.mediaregulation.org\/en\/regulatory-authorities\/americas\/","title":{"rendered":"Americas"},"content":{"rendered":"<p>[vc_row el_class=&#8221;carrers_area&#8221;][vc_column width=&#8221;1\/4&#8243; el_class=&#8221;carrers_left width_100&#8243;][vc_column_text]<\/p>\n<ul class=\"nav nav-tabs\" role=\"tablist\">\n<li role=\"presentation\"><a href=\"\/en\/regulatory-authorities\/\">Authorities<\/a><\/li>\n<li role=\"presentation\"><a href=\"\/en\/regulatory-authorities\/africa\/\">Africa<\/a><\/li>\n<li role=\"presentation\"><a role=\"tab\" href=\"\/en\/regulatory-authorities\/europe\/\" aria-controls=\"carrers4\">Europe<\/a><span id=\"Oc\u00e9anie\" class=\"mw-headline\"><\/span><\/li>\n<li class=\"active\" role=\"presentation\"><a href=\"\/en\/regulatory-authorities\/america\/\">Americas<\/a><\/li>\n<li role=\"presentation\"><a href=\"\/en\/regulatory-authorities\/asia\/\">Asia<\/a><\/li>\n<li role=\"presentation\"><a href=\"\/en\/regulatory-authorities\/oceanie\/\">Oceania<\/a><\/li>\n<\/ul>\n<p>[\/vc_column_text][vc_column_text]<\/p>\n<div class=\"contact_info\">\n<h2>Contact<\/h2>\n<p>Mr. Jean-Fran\u00e7ois Furn\u00e9mont,<br \/>\nEditor in Chief<\/p>\n<p>Phone :<br \/>\n+216 71 656 507<br \/>\n+32 477 307 160<\/p>\n<p>E-mail :<br \/>\n<a href=\"mailto:info@mediaregulation.org\">info@mediaregulation.org<\/a><\/p>\n<h5><\/h5>\n<\/div>\n<p>[\/vc_column_text][\/vc_column][vc_column width=&#8221;3\/4&#8243; el_class=&#8221;carrers_right_content width_100&#8243;][vc_row_inner el_class=&#8221;partner_details&#8221;][vc_column_inner el_class=&#8221;section_title&#8221;][vc_custom_heading text=&#8221;Regulatory authorities in America&#8221; google_fonts=&#8221;&#8221;][vc_custom_heading text=&#8221;&#8221; font_container=&#8221;tag:p|text_align:left&#8221; google_fonts=&#8221;&#8221;][\/vc_column_inner][\/vc_row_inner][vc_row_inner][vc_column_inner width=&#8221;1\/3&#8243;][vc_single_image image=&#8221;4046&#8243; img_size=&#8221;&#8221; alignment=&#8221;center&#8221;][\/vc_column_inner][vc_column_inner width=&#8221;2\/3&#8243;][vc_column_text el_class=&#8221;about_company&#8221;]<\/p>\n<h4 style=\"text-align: left;\"><a href=\"https:\/\/www.facebook.com\/AFSCA\" target=\"_blank\" rel=\"noopener\">Argentina | AFSCA<\/a><\/h4>\n<p class=\"LC20lb DKV0Md\" style=\"text-align: left;\">Federal Authority for Audiovisual Communication Services<\/p>\n<p>[\/vc_column_text][\/vc_column_inner][\/vc_row_inner][vc_separator][vc_row_inner][vc_column_inner width=&#8221;1\/3&#8243;][vc_single_image image=&#8221;4140&#8243; img_size=&#8221;&#8221; alignment=&#8221;center&#8221;][\/vc_column_inner][vc_column_inner width=&#8221;2\/3&#8243;][vc_column_text el_class=&#8221;about_company&#8221;]<\/p>\n<h4 style=\"text-align: left;\"><a href=\"https:\/\/www.att.gob.bo\/\" target=\"_blank\" rel=\"noopener\">Bolivia | ATT<\/a><\/h4>\n<p class=\"LC20lb DKV0Md\" style=\"text-align: left;\">Regulatory Authority for Telecommunications and Transportation ATT<\/p>\n<p>[\/vc_column_text][\/vc_column_inner][\/vc_row_inner][vc_separator][vc_row_inner][vc_column_inner width=&#8221;1\/3&#8243;][vc_single_image image=&#8221;4147&#8243; img_size=&#8221;&#8221; alignment=&#8221;center&#8221;][\/vc_column_inner][vc_column_inner width=&#8221;2\/3&#8243;][vc_column_text el_class=&#8221;about_company&#8221;]<\/p>\n<h4 style=\"text-align: left;\"><a href=\"https:\/\/antigo.ancine.gov.br\/en\" target=\"_blank\" rel=\"noopener\">Brazil | NFAA<\/a><\/h4>\n<p style=\"text-align: left;\">National Film Agency Ancine<\/p>\n<p>[\/vc_column_text][\/vc_column_inner][\/vc_row_inner][vc_separator][vc_row_inner][vc_column_inner width=&#8221;1\/3&#8243;][vc_single_image image=&#8221;4151&#8243; img_size=&#8221;&#8221; alignment=&#8221;center&#8221;][\/vc_column_inner][vc_column_inner width=&#8221;2\/3&#8243;][vc_column_text el_class=&#8221;about_company&#8221;]<\/p>\n<h4 style=\"text-align: left;\"><a href=\"https:\/\/crtc.gc.ca\/eng\/home-accueil.htm\">Canada | CRTC<\/a><\/h4>\n<p style=\"text-align: left;\">Canadian Radio-television and T\u00e9l\u00e9communications Commission<\/p>\n<p>[\/vc_column_text][\/vc_column_inner][\/vc_row_inner][vc_separator][vc_row_inner][vc_column_inner width=&#8221;1\/3&#8243;][vc_single_image image=&#8221;4155&#8243; img_size=&#8221;&#8221; alignment=&#8221;center&#8221;][\/vc_column_inner][vc_column_inner width=&#8221;2\/3&#8243;][vc_column_text el_class=&#8221;about_company&#8221;]<\/p>\n<h4 style=\"text-align: left;\"><a href=\"https:\/\/www.cntv.cl\/\" target=\"_blank\" rel=\"noopener\">Chile | CNTV<\/a><\/h4>\n<p class=\"LC20lb DKV0Md\" style=\"text-align: left;\">National Television Council<\/p>\n<p>[\/vc_column_text][\/vc_column_inner][\/vc_row_inner][vc_separator][vc_row_inner][vc_column_inner width=&#8221;1\/3&#8243;][vc_single_image image=&#8221;4159&#8243; img_size=&#8221;&#8221; alignment=&#8221;center&#8221;][\/vc_column_inner][vc_column_inner width=&#8221;2\/3&#8243;][vc_column_text el_class=&#8221;about_company&#8221;]<\/p>\n<h4 style=\"text-align: left;\"><a href=\"https:\/\/crc.bg\/en\" target=\"_blank\" rel=\"noopener\">Colombia | CRC<\/a><\/h4>\n<p style=\"text-align: left;\">Communications Regulation Commission<\/p>\n<p>[\/vc_column_text][\/vc_column_inner][\/vc_row_inner][vc_separator][vc_row_inner][vc_column_inner width=&#8221;1\/3&#8243;][vc_single_image image=&#8221;4006&#8243; img_size=&#8221;&#8221; alignment=&#8221;center&#8221;][\/vc_column_inner][vc_column_inner width=&#8221;2\/3&#8243;][vc_column_text el_class=&#8221;about_company&#8221;]<\/p>\n<h4 style=\"text-align: left;\"><a href=\"https:\/\/www.consejodecomunicacion.gob.ec\/\">Ecuador | consejodecomunicacion<\/a><\/h4>\n<p style=\"text-align: left;\">Communications Council<\/p>\n<p>[\/vc_column_text][\/vc_column_inner][\/vc_row_inner][vc_separator][vc_row_inner][vc_column_inner width=&#8221;1\/3&#8243;][vc_single_image image=&#8221;4012&#8243; img_size=&#8221;&#8221; alignment=&#8221;center&#8221;][\/vc_column_inner][vc_column_inner width=&#8221;2\/3&#8243;][vc_column_text el_class=&#8221;about_company&#8221;]<\/p>\n<h4 style=\"text-align: left;\"><a href=\"https:\/\/gnba.gov.gy\/about-us\/\">Guyana | GNBA<\/a><\/h4>\n<p style=\"text-align: left;\">National Broadcasting Authority<\/p>\n<p>[\/vc_column_text][\/vc_column_inner][\/vc_row_inner][vc_separator][vc_row_inner][vc_column_inner width=&#8221;1\/3&#8243;][vc_single_image image=&#8221;4016&#8243; img_size=&#8221;&#8221; alignment=&#8221;center&#8221;][\/vc_column_inner][vc_column_inner width=&#8221;2\/3&#8243;][vc_column_text el_class=&#8221;about_company&#8221;]<\/p>\n<h4 style=\"text-align: left;\"><a href=\"https:\/\/www.broadcastingcommission.org\/\">Jamaica | BC<\/a><\/h4>\n<p style=\"font-weight: 400;\">Broadcasting Commission<\/p>\n<p>[\/vc_column_text][\/vc_column_inner][\/vc_row_inner][vc_separator][vc_row_inner][vc_column_inner width=&#8221;1\/3&#8243;][vc_single_image image=&#8221;4022&#8243; img_size=&#8221;&#8221; alignment=&#8221;center&#8221;][\/vc_column_inner][vc_column_inner width=&#8221;2\/3&#8243;][vc_column_text el_class=&#8221;about_company&#8221;]<\/p>\n<h4 style=\"text-align: left;\"><a href=\"http:\/\/www.ift.org.mx\/node\/2662\">Mexico | IFETEL<\/a><\/h4>\n<p style=\"font-weight: 400;\">The Federal Telecommunications Institute<\/p>\n<p>[\/vc_column_text][\/vc_column_inner][\/vc_row_inner][vc_separator][vc_row_inner][vc_column_inner width=&#8221;1\/3&#8243;][vc_single_image image=&#8221;4031&#8243; img_size=&#8221;&#8221; alignment=&#8221;center&#8221;][\/vc_column_inner][vc_column_inner width=&#8221;2\/3&#8243;][vc_column_text el_class=&#8221;about_company&#8221;]<\/p>\n<h4 style=\"text-align: left;\"><a href=\"https:\/\/www.conatel.gov.py\/conatel\/\">Paraguay | CONATEL<\/a><\/h4>\n<p style=\"font-weight: 400;\">National Commission for Telecommunication<\/p>\n<p>[\/vc_column_text][\/vc_column_inner][\/vc_row_inner][vc_separator][vc_row_inner][vc_column_inner width=&#8221;1\/3&#8243;][vc_single_image image=&#8221;4037&#8243; img_size=&#8221;&#8221; alignment=&#8221;center&#8221;][\/vc_column_inner][vc_column_inner width=&#8221;2\/3&#8243;][vc_column_text el_class=&#8221;about_company&#8221;]<\/p>\n<h4 style=\"text-align: left;\"><a href=\"https:\/\/www.tas.sr\/\">Suriname\u00a0| CONATEL<\/a><\/h4>\n<p style=\"font-weight: 400;\">Telecommunications Authority<\/p>\n<p>[\/vc_column_text][\/vc_column_inner][\/vc_row_inner][vc_separator][vc_row_inner][vc_column_inner width=&#8221;1\/3&#8243;][vc_single_image image=&#8221;4041&#8243; img_size=&#8221;&#8221; alignment=&#8221;center&#8221;][\/vc_column_inner][vc_column_inner width=&#8221;2\/3&#8243;][vc_column_text el_class=&#8221;about_company&#8221;]<\/p>\n<h4 style=\"text-align: left;\"><a href=\"https:\/\/www.fcc.gov\/\">USA | FCC<\/a><\/h4>\n<p style=\"font-weight: 400;\">Federal Communications Commission<\/p>\n<p>[\/vc_column_text][\/vc_column_inner][\/vc_row_inner][vc_separator][\/vc_column][\/vc_row]<\/p>\n<!-- AddThis Advanced Settings generic via filter on the_content --><!-- AddThis Share Buttons generic via filter on the_content -->","protected":false},"excerpt":{"rendered":"<p>[vc_row el_class=&#8221;carrers_area&#8221;][vc_column width=&#8221;1\/4&#8243; el_class=&#8221;carrers_left width_100&#8243;][vc_column_text] Authorities Africa Europe Americas Asia Oceania [\/vc_column_text][vc_column_text] Contact Mr. Jean-Fran\u00e7ois Furn\u00e9mont, Editor in Chief Phone : +216 71 656 507 +32 477 307 160 E-mail : info@mediaregulation.org [\/vc_column_text][\/vc_column][vc_column width=&#8221;3\/4&#8243; el_class=&#8221;carrers_right_content width_100&#8243;][vc_row_inner el_class=&#8221;partner_details&#8221;][vc_column_inner el_class=&#8221;section_title&#8221;][vc_custom_heading text=&#8221;Regulatory authorities in America&#8221; google_fonts=&#8221;&#8221;][vc_custom_heading text=&#8221;&#8221; font_container=&#8221;tag:p|text_align:left&#8221; google_fonts=&#8221;&#8221;][\/vc_column_inner][\/vc_row_inner][vc_row_inner][vc_column_inner width=&#8221;1\/3&#8243;][vc_single_image image=&#8221;4046&#8243; img_size=&#8221;&#8221; alignment=&#8221;center&#8221;][\/vc_column_inner][vc_column_inner width=&#8221;2\/3&#8243;][vc_column_text el_class=&#8221;about_company&#8221;] Argentina | AFSCA<!-- AddThis Advanced Settings generic via filter on get_the_excerpt --><!-- AddThis Share Buttons generic via filter on get_the_excerpt --><\/p>\n","protected":false},"author":1,"featured_media":0,"parent":2309,"menu_order":0,"comment_status":"closed","ping_status":"closed","template":"","meta":{"inline_featured_image":false,"_links_to":"","_links_to_target":""},"yoast_head":"<!-- This site is optimized with the Yoast SEO plugin v21.1 - https:\/\/yoast.com\/wordpress\/plugins\/seo\/ -->\n<title>Americas - CRRM<\/title>\n<meta name=\"robots\" content=\"index, follow, max-snippet:-1, max-image-preview:large, max-video-preview:-1\" \/>\n<link rel=\"canonical\" href=\"https:\/\/www.mediaregulation.org\/en\/regulatory-authorities\/americas\/\" \/>\n<meta property=\"og:locale\" content=\"en_US\" \/>\n<meta property=\"og:type\" content=\"article\" \/>\n<meta property=\"og:title\" content=\"Americas - CRRM\" \/>\n<meta property=\"og:description\" content=\"[vc_row el_class=&#8221;carrers_area&#8221;][vc_column width=&#8221;1\/4&#8243; el_class=&#8221;carrers_left width_100&#8243;][vc_column_text] Authorities Africa Europe Americas Asia Oceania [\/vc_column_text][vc_column_text] Contact Mr. Jean-Fran\u00e7ois Furn\u00e9mont, Editor in Chief Phone : +216 71 656 507 +32 477 307 160 E-mail : info@mediaregulation.org [\/vc_column_text][\/vc_column][vc_column width=&#8221;3\/4&#8243; el_class=&#8221;carrers_right_content width_100&#8243;][vc_row_inner el_class=&#8221;partner_details&#8221;][vc_column_inner el_class=&#8221;section_title&#8221;][vc_custom_heading text=&#8221;Regulatory authorities in America&#8221; google_fonts=&#8221;&#8221;][vc_custom_heading text=&#8221;&#8221; font_container=&#8221;tag:p|text_align:left&#8221; google_fonts=&#8221;&#8221;][\/vc_column_inner][\/vc_row_inner][vc_row_inner][vc_column_inner width=&#8221;1\/3&#8243;][vc_single_image image=&#8221;4046&#8243; img_size=&#8221;&#8221; alignment=&#8221;center&#8221;][\/vc_column_inner][vc_column_inner width=&#8221;2\/3&#8243;][vc_column_text el_class=&#8221;about_company&#8221;] Argentina | AFSCA\" \/>\n<meta property=\"og:url\" content=\"https:\/\/www.mediaregulation.org\/en\/regulatory-authorities\/americas\/\" \/>\n<meta property=\"og:site_name\" content=\"CRRM\" \/>\n<meta property=\"article:publisher\" content=\"https:\/\/www.facebook.com\/regulationmedia\/\" \/>\n<meta property=\"article:modified_time\" content=\"2022-05-11T09:25:33+00:00\" \/>\n<meta name=\"twitter:card\" content=\"summary_large_image\" \/>\n<meta name=\"twitter:site\" content=\"@mediaregulatio1\" \/>\n<meta name=\"twitter:label1\" content=\"Est. reading time\" \/>\n\t<meta name=\"twitter:data1\" content=\"4 minutes\" \/>\n<script type=\"application\/ld+json\" class=\"yoast-schema-graph\">{\"@context\":\"https:\/\/schema.org\",\"@graph\":[{\"@type\":\"WebPage\",\"@id\":\"https:\/\/www.mediaregulation.org\/en\/regulatory-authorities\/americas\/\",\"url\":\"https:\/\/www.mediaregulation.org\/en\/regulatory-authorities\/americas\/\",\"name\":\"Americas - CRRM\",\"isPartOf\":{\"@id\":\"https:\/\/www.mediaregulation.org\/ar\/#website\"},\"datePublished\":\"2022-01-05T11:02:46+00:00\",\"dateModified\":\"2022-05-11T09:25:33+00:00\",\"breadcrumb\":{\"@id\":\"https:\/\/www.mediaregulation.org\/en\/regulatory-authorities\/americas\/#breadcrumb\"},\"inLanguage\":\"en-US\",\"potentialAction\":[{\"@type\":\"ReadAction\",\"target\":[\"https:\/\/www.mediaregulation.org\/en\/regulatory-authorities\/americas\/\"]}]},{\"@type\":\"BreadcrumbList\",\"@id\":\"https:\/\/www.mediaregulation.org\/en\/regulatory-authorities\/americas\/#breadcrumb\",\"itemListElement\":[{\"@type\":\"ListItem\",\"position\":1,\"name\":\"Accueil\",\"item\":\"https:\/\/www.mediaregulation.org\/en\/\"},{\"@type\":\"ListItem\",\"position\":2,\"name\":\"Regulatory authorities\",\"item\":\"https:\/\/www.mediaregulation.org\/en\/regulatory-authorities\/\"},{\"@type\":\"ListItem\",\"position\":3,\"name\":\"Americas\"}]},{\"@type\":\"WebSite\",\"@id\":\"https:\/\/www.mediaregulation.org\/ar\/#website\",\"url\":\"https:\/\/www.mediaregulation.org\/ar\/\",\"name\":\"CRRM\",\"description\":\"Centre de ressources sur la r\u00e9gulation des M\u00e9dias\",\"publisher\":{\"@id\":\"https:\/\/www.mediaregulation.org\/ar\/#organization\"},\"potentialAction\":[{\"@type\":\"SearchAction\",\"target\":{\"@type\":\"EntryPoint\",\"urlTemplate\":\"https:\/\/www.mediaregulation.org\/ar\/?s={search_term_string}\"},\"query-input\":\"required name=search_term_string\"}],\"inLanguage\":\"en-US\"},{\"@type\":\"Organization\",\"@id\":\"https:\/\/www.mediaregulation.org\/ar\/#organization\",\"name\":\"Centre de ressources en ligne sur la r\u00e9gulation des m\u00e9dias, l'autor\u00e9gulation et l'\u00e9ducation aux m\u00e9dias (CRRM)\",\"url\":\"https:\/\/www.mediaregulation.org\/ar\/\",\"logo\":{\"@type\":\"ImageObject\",\"inLanguage\":\"en-US\",\"@id\":\"https:\/\/www.mediaregulation.org\/ar\/#\/schema\/logo\/image\/\",\"url\":\"https:\/\/www.mediaregulation.org\/wp-content\/uploads\/2022\/05\/logo-fr-desctop-2.jpeg\",\"contentUrl\":\"https:\/\/www.mediaregulation.org\/wp-content\/uploads\/2022\/05\/logo-fr-desctop-2.jpeg\",\"width\":560,\"height\":74,\"caption\":\"Centre de ressources en ligne sur la r\u00e9gulation des m\u00e9dias, l'autor\u00e9gulation et l'\u00e9ducation aux m\u00e9dias (CRRM)\"},\"image\":{\"@id\":\"https:\/\/www.mediaregulation.org\/ar\/#\/schema\/logo\/image\/\"},\"sameAs\":[\"https:\/\/www.facebook.com\/regulationmedia\/\",\"https:\/\/twitter.com\/mediaregulatio1\",\"https:\/\/www.youtube.com\/channel\/UC_PWIr_i5cWscxsu_Zno_Jg\"]}]}<\/script>\n<!-- \/ Yoast SEO plugin. -->","yoast_head_json":{"title":"Americas - CRRM","robots":{"index":"index","follow":"follow","max-snippet":"max-snippet:-1","max-image-preview":"max-image-preview:large","max-video-preview":"max-video-preview:-1"},"canonical":"https:\/\/www.mediaregulation.org\/en\/regulatory-authorities\/americas\/","og_locale":"en_US","og_type":"article","og_title":"Americas - CRRM","og_description":"[vc_row el_class=&#8221;carrers_area&#8221;][vc_column width=&#8221;1\/4&#8243; el_class=&#8221;carrers_left width_100&#8243;][vc_column_text] Authorities Africa Europe Americas Asia Oceania [\/vc_column_text][vc_column_text] Contact Mr. Jean-Fran\u00e7ois Furn\u00e9mont, Editor in Chief Phone : +216 71 656 507 +32 477 307 160 E-mail : info@mediaregulation.org [\/vc_column_text][\/vc_column][vc_column width=&#8221;3\/4&#8243; el_class=&#8221;carrers_right_content width_100&#8243;][vc_row_inner el_class=&#8221;partner_details&#8221;][vc_column_inner el_class=&#8221;section_title&#8221;][vc_custom_heading text=&#8221;Regulatory authorities in America&#8221; google_fonts=&#8221;&#8221;][vc_custom_heading text=&#8221;&#8221; font_container=&#8221;tag:p|text_align:left&#8221; google_fonts=&#8221;&#8221;][\/vc_column_inner][\/vc_row_inner][vc_row_inner][vc_column_inner width=&#8221;1\/3&#8243;][vc_single_image image=&#8221;4046&#8243; img_size=&#8221;&#8221; alignment=&#8221;center&#8221;][\/vc_column_inner][vc_column_inner width=&#8221;2\/3&#8243;][vc_column_text el_class=&#8221;about_company&#8221;] Argentina | AFSCA","og_url":"https:\/\/www.mediaregulation.org\/en\/regulatory-authorities\/americas\/","og_site_name":"CRRM","article_publisher":"https:\/\/www.facebook.com\/regulationmedia\/","article_modified_time":"2022-05-11T09:25:33+00:00","twitter_card":"summary_large_image","twitter_site":"@mediaregulatio1","twitter_misc":{"Est. reading time":"4 minutes"},"schema":{"@context":"https:\/\/schema.org","@graph":[{"@type":"WebPage","@id":"https:\/\/www.mediaregulation.org\/en\/regulatory-authorities\/americas\/","url":"https:\/\/www.mediaregulation.org\/en\/regulatory-authorities\/americas\/","name":"Americas - CRRM","isPartOf":{"@id":"https:\/\/www.mediaregulation.org\/ar\/#website"},"datePublished":"2022-01-05T11:02:46+00:00","dateModified":"2022-05-11T09:25:33+00:00","breadcrumb":{"@id":"https:\/\/www.mediaregulation.org\/en\/regulatory-authorities\/americas\/#breadcrumb"},"inLanguage":"en-US","potentialAction":[{"@type":"ReadAction","target":["https:\/\/www.mediaregulation.org\/en\/regulatory-authorities\/americas\/"]}]},{"@type":"BreadcrumbList","@id":"https:\/\/www.mediaregulation.org\/en\/regulatory-authorities\/americas\/#breadcrumb","itemListElement":[{"@type":"ListItem","position":1,"name":"Accueil","item":"https:\/\/www.mediaregulation.org\/en\/"},{"@type":"ListItem","position":2,"name":"Regulatory authorities","item":"https:\/\/www.mediaregulation.org\/en\/regulatory-authorities\/"},{"@type":"ListItem","position":3,"name":"Americas"}]},{"@type":"WebSite","@id":"https:\/\/www.mediaregulation.org\/ar\/#website","url":"https:\/\/www.mediaregulation.org\/ar\/","name":"CRRM","description":"Centre de ressources sur la r\u00e9gulation des M\u00e9dias","publisher":{"@id":"https:\/\/www.mediaregulation.org\/ar\/#organization"},"potentialAction":[{"@type":"SearchAction","target":{"@type":"EntryPoint","urlTemplate":"https:\/\/www.mediaregulation.org\/ar\/?s={search_term_string}"},"query-input":"required name=search_term_string"}],"inLanguage":"en-US"},{"@type":"Organization","@id":"https:\/\/www.mediaregulation.org\/ar\/#organization","name":"Centre de ressources en ligne sur la r\u00e9gulation des m\u00e9dias, l'autor\u00e9gulation et l'\u00e9ducation aux m\u00e9dias (CRRM)","url":"https:\/\/www.mediaregulation.org\/ar\/","logo":{"@type":"ImageObject","inLanguage":"en-US","@id":"https:\/\/www.mediaregulation.org\/ar\/#\/schema\/logo\/image\/","url":"https:\/\/www.mediaregulation.org\/wp-content\/uploads\/2022\/05\/logo-fr-desctop-2.jpeg","contentUrl":"https:\/\/www.mediaregulation.org\/wp-content\/uploads\/2022\/05\/logo-fr-desctop-2.jpeg","width":560,"height":74,"caption":"Centre de ressources en ligne sur la r\u00e9gulation des m\u00e9dias, l'autor\u00e9gulation et l'\u00e9ducation aux m\u00e9dias (CRRM)"},"image":{"@id":"https:\/\/www.mediaregulation.org\/ar\/#\/schema\/logo\/image\/"},"sameAs":["https:\/\/www.facebook.com\/regulationmedia\/","https:\/\/twitter.com\/mediaregulatio1","https:\/\/www.youtube.com\/channel\/UC_PWIr_i5cWscxsu_Zno_Jg"]}]}},"_links":{"self":[{"href":"https:\/\/www.mediaregulation.org\/en\/wp-json\/wp\/v2\/pages\/4204"}],"collection":[{"href":"https:\/\/www.mediaregulation.org\/en\/wp-json\/wp\/v2\/pages"}],"about":[{"href":"https:\/\/www.mediaregulation.org\/en\/wp-json\/wp\/v2\/types\/page"}],"author":[{"embeddable":true,"href":"https:\/\/www.mediaregulation.org\/en\/wp-json\/wp\/v2\/users\/1"}],"replies":[{"embeddable":true,"href":"https:\/\/www.mediaregulation.org\/en\/wp-json\/wp\/v2\/comments?post=4204"}],"version-history":[{"count":14,"href":"https:\/\/www.mediaregulation.org\/en\/wp-json\/wp\/v2\/pages\/4204\/revisions"}],"predecessor-version":[{"id":5836,"href":"https:\/\/www.mediaregulation.org\/en\/wp-json\/wp\/v2\/pages\/4204\/revisions\/5836"}],"up":[{"embeddable":true,"href":"https:\/\/www.mediaregulation.org\/en\/wp-json\/wp\/v2\/pages\/2309"}],"wp:attachment":[{"href":"https:\/\/www.mediaregulation.org\/en\/wp-json\/wp\/v2\/media?parent=4204"}],"curies":[{"name":"wp","href":"https:\/\/api.w.org\/{rel}","templated":true}]}}