{"id":4212,"date":"2022-01-05T12:06:14","date_gmt":"2022-01-05T11:06:14","guid":{"rendered":"https:\/\/www.mediaregulation.org\/?page_id=4212"},"modified":"2022-05-11T11:30:19","modified_gmt":"2022-05-11T09:30:19","slug":"asia","status":"publish","type":"page","link":"https:\/\/www.mediaregulation.org\/en\/regulatory-authorities\/asia\/","title":{"rendered":"Asia"},"content":{"rendered":"<p>[vc_row el_class=&#8221;carrers_area&#8221;][vc_column width=&#8221;1\/4&#8243; el_class=&#8221;carrers_left width_100&#8243;][vc_column_text]<\/p>\n<ul class=\"nav nav-tabs\" role=\"tablist\">\n<li role=\"presentation\"><a href=\"\/en\/regulatory-authorities\/\">Authorities<\/a><\/li>\n<li role=\"presentation\"><a href=\"\/en\/regulatory-authorities\/africa\/\">Africa<\/a><\/li>\n<li role=\"presentation\"><a role=\"tab\" href=\"\/en\/regulatory-authorities\/europe\/\" aria-controls=\"carrers4\">Europe<\/a><span id=\"Oc\u00e9anie\" class=\"mw-headline\"><\/span><\/li>\n<li role=\"presentation\"><a href=\"\/en\/regulatory-authorities\/america\/\">Americas<\/a><\/li>\n<li class=\"active\" role=\"presentation\"><a href=\"\/en\/regulatory-authorities\/asia\/\">Asia<\/a><\/li>\n<li role=\"presentation\"><a href=\"\/en\/regulatory-authorities\/oceanie\/\">Oceania<\/a><\/li>\n<\/ul>\n<p>[\/vc_column_text][vc_column_text]<\/p>\n<div class=\"contact_info\">\n<h2>Contact Info<\/h2>\n<p>Mr. Jean-Fran\u00e7ois Furn\u00e9mont,<br \/>\nEditor in Chief<\/p>\n<p>Phone :<br \/>\n+216 71 656 507<br \/>\n+32 477 307 160<\/p>\n<p>E-mail :<br \/>\n<a href=\"mailto:info@mediaregulation.org\">info@mediaregulation.org<\/a><\/p>\n<\/div>\n<p>[\/vc_column_text][\/vc_column][vc_column width=&#8221;3\/4&#8243; el_class=&#8221;carrers_right_content width_100&#8243;][vc_row_inner el_class=&#8221;partner_details&#8221;][vc_column_inner el_class=&#8221;section_title&#8221;][vc_custom_heading text=&#8221;Regulatory authorities in Asia.&#8221; google_fonts=&#8221;&#8221;][vc_custom_heading text=&#8221;&#8221; font_container=&#8221;tag:p|text_align:left&#8221; google_fonts=&#8221;&#8221;][\/vc_column_inner][\/vc_row_inner][vc_row_inner][vc_column_inner width=&#8221;1\/3&#8243;][vc_single_image image=&#8221;4081&#8243; img_size=&#8221;&#8221; alignment=&#8221;center&#8221;][\/vc_column_inner][vc_column_inner width=&#8221;2\/3&#8243;][vc_column_text el_class=&#8221;about_company&#8221;]<\/p>\n<h4 style=\"text-align: left;\"><a href=\"http:\/\/www.kpi.go.id\/index.php\/id\/\" target=\"_blank\" rel=\"noopener\">Indonesia | KPI<\/a><\/h4>\n<p class=\"LC20lb DKV0Md\" style=\"text-align: left;\">Indonesian Broadcasting Commission<\/p>\n<p>[\/vc_column_text][\/vc_column_inner][\/vc_row_inner][vc_separator][vc_row_inner][vc_column_inner width=&#8221;1\/3&#8243;][vc_single_image image=&#8221;5834&#8243; img_size=&#8221;&#8221; alignment=&#8221;center&#8221;][\/vc_column_inner][vc_column_inner width=&#8221;2\/3&#8243;][vc_column_text el_class=&#8221;about_company&#8221;]<\/p>\n<h4 style=\"text-align: left;\"><a href=\"https:\/\/cmc.iq\/ar\/\" target=\"_blank\" rel=\"noopener\">Iraq | CMC<\/a><\/h4>\n<p style=\"font-weight: 400;\">Communications and Media Commission<\/p>\n<p>[\/vc_column_text][\/vc_column_inner][\/vc_row_inner][vc_separator][vc_row_inner][vc_column_inner width=&#8221;1\/3&#8243;][vc_single_image image=&#8221;4181&#8243; img_size=&#8221;&#8221; alignment=&#8221;center&#8221;][\/vc_column_inner][vc_column_inner width=&#8221;2\/3&#8243;][vc_column_text el_class=&#8221;about_company&#8221;]<\/p>\n<h4 style=\"text-align: left;\"><a href=\"https:\/\/en.satra.ir\/\" target=\"_blank\" rel=\"noopener\">Iran\u00a0\u00a0| SATRA<\/a><\/h4>\n<p style=\"font-weight: 400;\">Iranian AudioVisual Media Regulatory Authority<\/p>\n<p>[\/vc_column_text][\/vc_column_inner][\/vc_row_inner][vc_separator][vc_row_inner][vc_column_inner width=&#8221;1\/3&#8243;][vc_single_image image=&#8221;4089&#8243; img_size=&#8221;&#8221; alignment=&#8221;center&#8221;][\/vc_column_inner][vc_column_inner width=&#8221;2\/3&#8243;][vc_column_text el_class=&#8221;about_company&#8221;]<\/p>\n<h4 style=\"text-align: left;\"><a href=\"https:\/\/www.gcam.gov.sa\/\" target=\"_blank\" rel=\"noopener\">Kingdom of Saudi Arabia | GCAM<\/a><\/h4>\n<p style=\"font-weight: 400;\">General Commission For Audiovisual Media<\/p>\n<p>[\/vc_column_text][\/vc_column_inner][\/vc_row_inner][vc_separator][vc_row_inner][vc_column_inner width=&#8221;1\/3&#8243;][vc_single_image image=&#8221;4098&#8243; img_size=&#8221;&#8221; alignment=&#8221;center&#8221;][\/vc_column_inner][vc_column_inner width=&#8221;2\/3&#8243;][vc_column_text el_class=&#8221;about_company&#8221;]<\/p>\n<h4 style=\"text-align: left;\"><a href=\"https:\/\/www.cra.gov.qa\/\" target=\"_blank\" rel=\"noopener\">Qatar | CRA<\/a><\/h4>\n<p class=\"LC20lb DKV0Md\" style=\"text-align: left;\">Communications Regulatory Authority<\/p>\n<p>[\/vc_column_text][\/vc_column_inner][\/vc_row_inner][vc_separator][vc_row_inner][vc_column_inner width=&#8221;1\/3&#8243;][vc_single_image image=&#8221;4102&#8243; img_size=&#8221;&#8221; alignment=&#8221;center&#8221;][\/vc_column_inner][vc_column_inner width=&#8221;2\/3&#8243;][vc_column_text el_class=&#8221;about_company&#8221;]<\/p>\n<h4 style=\"text-align: left;\"><a href=\"http:\/\/broadcom.org.mv\/v2\/\" target=\"_blank\" rel=\"noopener\">Maldives | CRRM<\/a><\/h4>\n<p class=\"LC20lb DKV0Md\" style=\"text-align: left;\">Broadcasting Commission<\/p>\n<p>[\/vc_column_text][\/vc_column_inner][\/vc_row_inner][vc_separator][vc_row_inner][vc_column_inner width=&#8221;1\/3&#8243;][vc_single_image image=&#8221;4106&#8243; img_size=&#8221;&#8221; alignment=&#8221;center&#8221;][\/vc_column_inner][vc_column_inner width=&#8221;2\/3&#8243;][vc_column_text el_class=&#8221;about_company&#8221;]<\/p>\n<h4 style=\"text-align: left;\"><a href=\"https:\/\/www.mcmc.gov.my\/en\/sectors\/broadcasting\" target=\"_blank\" rel=\"noopener\">Malaysia | MCMC<\/a><\/h4>\n<p class=\"LC20lb DKV0Md\" style=\"text-align: left;\">Communications and Multimedia Commission<\/p>\n<p>[\/vc_column_text][\/vc_column_inner][\/vc_row_inner][vc_separator][vc_row_inner][vc_column_inner width=&#8221;1\/3&#8243;][vc_single_image image=&#8221;4163&#8243; img_size=&#8221;&#8221; alignment=&#8221;center&#8221;][\/vc_column_inner][vc_column_inner width=&#8221;2\/3&#8243;][vc_column_text el_class=&#8221;about_company&#8221;]<\/p>\n<h4 style=\"text-align: left;\"><a href=\"https:\/\/crc.gov.mn\/en\/\">Mongolia | CRC<\/a><\/h4>\n<p>Communications Regulatory Commission[\/vc_column_text][\/vc_column_inner][\/vc_row_inner][vc_separator][vc_row_inner][vc_column_inner width=&#8221;1\/3&#8243;][vc_single_image image=&#8221;4167&#8243; img_size=&#8221;&#8221; alignment=&#8221;center&#8221;][\/vc_column_inner][vc_column_inner width=&#8221;2\/3&#8243;][vc_column_text el_class=&#8221;about_company&#8221;]<\/p>\n<h4 style=\"text-align: left;\"><a href=\"https:\/\/www.omb.gov.ph\/\">Philippines | OMB<\/a><\/h4>\n<p>Optical Media Board[\/vc_column_text][\/vc_column_inner][\/vc_row_inner][vc_separator][vc_row_inner][vc_column_inner width=&#8221;1\/3&#8243;][vc_single_image image=&#8221;4170&#8243; img_size=&#8221;&#8221; alignment=&#8221;center&#8221;][\/vc_column_inner][vc_column_inner width=&#8221;2\/3&#8243;][vc_column_text el_class=&#8221;about_company&#8221;]<\/p>\n<h4 style=\"text-align: left;\"><a href=\"https:\/\/www.imda.gov.sg\/\">Singapore | IMDA<\/a><\/h4>\n<p style=\"font-weight: 400;\">Infocomm Media Development Authority<\/p>\n<p>[\/vc_column_text][\/vc_column_inner][\/vc_row_inner][vc_separator][vc_row_inner][vc_column_inner width=&#8221;1\/3&#8243;][vc_single_image image=&#8221;4124&#8243; img_size=&#8221;&#8221; alignment=&#8221;center&#8221;][\/vc_column_inner][vc_column_inner width=&#8221;2\/3&#8243;][vc_column_text el_class=&#8221;about_company&#8221;]<\/p>\n<h4 style=\"text-align: left;\"><a href=\"https:\/\/eng.kcc.go.kr\/user\/ehpMain.do\">South Korea | KCC<\/a><\/h4>\n<p style=\"font-weight: 400;\">Communications Commission<\/p>\n<p>[\/vc_column_text][\/vc_column_inner][\/vc_row_inner][vc_separator][vc_row_inner][vc_column_inner width=&#8221;1\/3&#8243;][vc_single_image image=&#8221;4128&#8243; img_size=&#8221;&#8221; alignment=&#8221;center&#8221;][\/vc_column_inner][vc_column_inner width=&#8221;2\/3&#8243;][vc_column_text el_class=&#8221;about_company&#8221;]<\/p>\n<h4 style=\"text-align: left;\"><a href=\"https:\/\/www.ncc.gov.tw\/english\/\">Taiwan\u00a0| KCC<\/a><\/h4>\n<p style=\"font-weight: 400;\">National Communications Commission<\/p>\n<p>[\/vc_column_text][\/vc_column_inner][\/vc_row_inner][vc_separator][vc_row_inner][vc_column_inner width=&#8221;1\/3&#8243;][vc_single_image image=&#8221;4174&#8243; img_size=&#8221;&#8221; alignment=&#8221;center&#8221;][\/vc_column_inner][vc_column_inner width=&#8221;2\/3&#8243;][vc_column_text el_class=&#8221;about_company&#8221;]<\/p>\n<h4 style=\"text-align: left;\"><a href=\"https:\/\/www.nbtc.go.th\/\">Thailand | NBTC<\/a><\/h4>\n<p style=\"font-weight: 400;\">National Broadcasting and Telecommunications Commission<\/p>\n<p>[\/vc_column_text][\/vc_column_inner][\/vc_row_inner][vc_separator][vc_row_inner][vc_column_inner width=&#8221;1\/3&#8243;][vc_single_image image=&#8221;4136&#8243; img_size=&#8221;&#8221; alignment=&#8221;center&#8221;][\/vc_column_inner][vc_column_inner width=&#8221;2\/3&#8243;][vc_column_text el_class=&#8221;about_company&#8221;]<\/p>\n<h4 style=\"text-align: left;\"><a href=\"https:\/\/www.mcy.gov.ae\/en\/mro\/\">United Arab Emirates | MRO<\/a><\/h4>\n<p style=\"font-weight: 400;\">Media Regulatory Office<\/p>\n<p>[\/vc_column_text][\/vc_column_inner][\/vc_row_inner][vc_separator][\/vc_column][\/vc_row]<\/p>\n<!-- AddThis Advanced Settings generic via filter on the_content --><!-- AddThis Share Buttons generic via filter on the_content -->","protected":false},"excerpt":{"rendered":"<p>[vc_row el_class=&#8221;carrers_area&#8221;][vc_column width=&#8221;1\/4&#8243; el_class=&#8221;carrers_left width_100&#8243;][vc_column_text] Authorities Africa Europe Americas Asia Oceania [\/vc_column_text][vc_column_text] Contact Info Mr. Jean-Fran\u00e7ois Furn\u00e9mont, Editor in Chief Phone : +216 71 656 507 +32 477 307 160 E-mail : info@mediaregulation.org [\/vc_column_text][\/vc_column][vc_column width=&#8221;3\/4&#8243; el_class=&#8221;carrers_right_content width_100&#8243;][vc_row_inner el_class=&#8221;partner_details&#8221;][vc_column_inner el_class=&#8221;section_title&#8221;][vc_custom_heading text=&#8221;Regulatory authorities in Asia.&#8221; google_fonts=&#8221;&#8221;][vc_custom_heading text=&#8221;&#8221; font_container=&#8221;tag:p|text_align:left&#8221; google_fonts=&#8221;&#8221;][\/vc_column_inner][\/vc_row_inner][vc_row_inner][vc_column_inner width=&#8221;1\/3&#8243;][vc_single_image image=&#8221;4081&#8243; img_size=&#8221;&#8221; alignment=&#8221;center&#8221;][\/vc_column_inner][vc_column_inner width=&#8221;2\/3&#8243;][vc_column_text el_class=&#8221;about_company&#8221;] Indonesia |<!-- AddThis Advanced Settings generic via filter on get_the_excerpt --><!-- AddThis Share Buttons generic via filter on get_the_excerpt --><\/p>\n","protected":false},"author":1,"featured_media":0,"parent":2309,"menu_order":0,"comment_status":"closed","ping_status":"closed","template":"","meta":{"inline_featured_image":false,"_links_to":"","_links_to_target":""},"yoast_head":"<!-- This site is optimized with the Yoast SEO plugin v21.1 - https:\/\/yoast.com\/wordpress\/plugins\/seo\/ -->\n<title>Asia - CRRM<\/title>\n<meta name=\"robots\" content=\"index, follow, max-snippet:-1, max-image-preview:large, max-video-preview:-1\" \/>\n<link rel=\"canonical\" href=\"https:\/\/www.mediaregulation.org\/en\/regulatory-authorities\/asia\/\" \/>\n<meta property=\"og:locale\" content=\"en_US\" \/>\n<meta property=\"og:type\" content=\"article\" \/>\n<meta property=\"og:title\" content=\"Asia - CRRM\" \/>\n<meta property=\"og:description\" content=\"[vc_row el_class=&#8221;carrers_area&#8221;][vc_column width=&#8221;1\/4&#8243; el_class=&#8221;carrers_left width_100&#8243;][vc_column_text] Authorities Africa Europe Americas Asia Oceania [\/vc_column_text][vc_column_text] Contact Info Mr. Jean-Fran\u00e7ois Furn\u00e9mont, Editor in Chief Phone : +216 71 656 507 +32 477 307 160 E-mail : info@mediaregulation.org [\/vc_column_text][\/vc_column][vc_column width=&#8221;3\/4&#8243; el_class=&#8221;carrers_right_content width_100&#8243;][vc_row_inner el_class=&#8221;partner_details&#8221;][vc_column_inner el_class=&#8221;section_title&#8221;][vc_custom_heading text=&#8221;Regulatory authorities in Asia.&#8221; google_fonts=&#8221;&#8221;][vc_custom_heading text=&#8221;&#8221; font_container=&#8221;tag:p|text_align:left&#8221; google_fonts=&#8221;&#8221;][\/vc_column_inner][\/vc_row_inner][vc_row_inner][vc_column_inner width=&#8221;1\/3&#8243;][vc_single_image image=&#8221;4081&#8243; img_size=&#8221;&#8221; alignment=&#8221;center&#8221;][\/vc_column_inner][vc_column_inner width=&#8221;2\/3&#8243;][vc_column_text el_class=&#8221;about_company&#8221;] Indonesia |\" \/>\n<meta property=\"og:url\" content=\"https:\/\/www.mediaregulation.org\/en\/regulatory-authorities\/asia\/\" \/>\n<meta property=\"og:site_name\" content=\"CRRM\" \/>\n<meta property=\"article:publisher\" content=\"https:\/\/www.facebook.com\/regulationmedia\/\" \/>\n<meta property=\"article:modified_time\" content=\"2022-05-11T09:30:19+00:00\" \/>\n<meta name=\"twitter:card\" content=\"summary_large_image\" \/>\n<meta name=\"twitter:site\" content=\"@mediaregulatio1\" \/>\n<meta name=\"twitter:label1\" content=\"Est. reading time\" \/>\n\t<meta name=\"twitter:data1\" content=\"4 minutes\" \/>\n<script type=\"application\/ld+json\" class=\"yoast-schema-graph\">{\"@context\":\"https:\/\/schema.org\",\"@graph\":[{\"@type\":\"WebPage\",\"@id\":\"https:\/\/www.mediaregulation.org\/en\/regulatory-authorities\/asia\/\",\"url\":\"https:\/\/www.mediaregulation.org\/en\/regulatory-authorities\/asia\/\",\"name\":\"Asia - CRRM\",\"isPartOf\":{\"@id\":\"https:\/\/www.mediaregulation.org\/ar\/#website\"},\"datePublished\":\"2022-01-05T11:06:14+00:00\",\"dateModified\":\"2022-05-11T09:30:19+00:00\",\"breadcrumb\":{\"@id\":\"https:\/\/www.mediaregulation.org\/en\/regulatory-authorities\/asia\/#breadcrumb\"},\"inLanguage\":\"en-US\",\"potentialAction\":[{\"@type\":\"ReadAction\",\"target\":[\"https:\/\/www.mediaregulation.org\/en\/regulatory-authorities\/asia\/\"]}]},{\"@type\":\"BreadcrumbList\",\"@id\":\"https:\/\/www.mediaregulation.org\/en\/regulatory-authorities\/asia\/#breadcrumb\",\"itemListElement\":[{\"@type\":\"ListItem\",\"position\":1,\"name\":\"Accueil\",\"item\":\"https:\/\/www.mediaregulation.org\/en\/\"},{\"@type\":\"ListItem\",\"position\":2,\"name\":\"Regulatory authorities\",\"item\":\"https:\/\/www.mediaregulation.org\/en\/regulatory-authorities\/\"},{\"@type\":\"ListItem\",\"position\":3,\"name\":\"Asia\"}]},{\"@type\":\"WebSite\",\"@id\":\"https:\/\/www.mediaregulation.org\/ar\/#website\",\"url\":\"https:\/\/www.mediaregulation.org\/ar\/\",\"name\":\"CRRM\",\"description\":\"Centre de ressources sur la r\u00e9gulation des M\u00e9dias\",\"publisher\":{\"@id\":\"https:\/\/www.mediaregulation.org\/ar\/#organization\"},\"potentialAction\":[{\"@type\":\"SearchAction\",\"target\":{\"@type\":\"EntryPoint\",\"urlTemplate\":\"https:\/\/www.mediaregulation.org\/ar\/?s={search_term_string}\"},\"query-input\":\"required name=search_term_string\"}],\"inLanguage\":\"en-US\"},{\"@type\":\"Organization\",\"@id\":\"https:\/\/www.mediaregulation.org\/ar\/#organization\",\"name\":\"Centre de ressources en ligne sur la r\u00e9gulation des m\u00e9dias, l'autor\u00e9gulation et l'\u00e9ducation aux m\u00e9dias (CRRM)\",\"url\":\"https:\/\/www.mediaregulation.org\/ar\/\",\"logo\":{\"@type\":\"ImageObject\",\"inLanguage\":\"en-US\",\"@id\":\"https:\/\/www.mediaregulation.org\/ar\/#\/schema\/logo\/image\/\",\"url\":\"https:\/\/www.mediaregulation.org\/wp-content\/uploads\/2022\/05\/logo-fr-desctop-2.jpeg\",\"contentUrl\":\"https:\/\/www.mediaregulation.org\/wp-content\/uploads\/2022\/05\/logo-fr-desctop-2.jpeg\",\"width\":560,\"height\":74,\"caption\":\"Centre de ressources en ligne sur la r\u00e9gulation des m\u00e9dias, l'autor\u00e9gulation et l'\u00e9ducation aux m\u00e9dias (CRRM)\"},\"image\":{\"@id\":\"https:\/\/www.mediaregulation.org\/ar\/#\/schema\/logo\/image\/\"},\"sameAs\":[\"https:\/\/www.facebook.com\/regulationmedia\/\",\"https:\/\/twitter.com\/mediaregulatio1\",\"https:\/\/www.youtube.com\/channel\/UC_PWIr_i5cWscxsu_Zno_Jg\"]}]}<\/script>\n<!-- \/ Yoast SEO plugin. -->","yoast_head_json":{"title":"Asia - CRRM","robots":{"index":"index","follow":"follow","max-snippet":"max-snippet:-1","max-image-preview":"max-image-preview:large","max-video-preview":"max-video-preview:-1"},"canonical":"https:\/\/www.mediaregulation.org\/en\/regulatory-authorities\/asia\/","og_locale":"en_US","og_type":"article","og_title":"Asia - CRRM","og_description":"[vc_row el_class=&#8221;carrers_area&#8221;][vc_column width=&#8221;1\/4&#8243; el_class=&#8221;carrers_left width_100&#8243;][vc_column_text] Authorities Africa Europe Americas Asia Oceania [\/vc_column_text][vc_column_text] Contact Info Mr. Jean-Fran\u00e7ois Furn\u00e9mont, Editor in Chief Phone : +216 71 656 507 +32 477 307 160 E-mail : info@mediaregulation.org [\/vc_column_text][\/vc_column][vc_column width=&#8221;3\/4&#8243; el_class=&#8221;carrers_right_content width_100&#8243;][vc_row_inner el_class=&#8221;partner_details&#8221;][vc_column_inner el_class=&#8221;section_title&#8221;][vc_custom_heading text=&#8221;Regulatory authorities in Asia.&#8221; google_fonts=&#8221;&#8221;][vc_custom_heading text=&#8221;&#8221; font_container=&#8221;tag:p|text_align:left&#8221; google_fonts=&#8221;&#8221;][\/vc_column_inner][\/vc_row_inner][vc_row_inner][vc_column_inner width=&#8221;1\/3&#8243;][vc_single_image image=&#8221;4081&#8243; img_size=&#8221;&#8221; alignment=&#8221;center&#8221;][\/vc_column_inner][vc_column_inner width=&#8221;2\/3&#8243;][vc_column_text el_class=&#8221;about_company&#8221;] Indonesia |","og_url":"https:\/\/www.mediaregulation.org\/en\/regulatory-authorities\/asia\/","og_site_name":"CRRM","article_publisher":"https:\/\/www.facebook.com\/regulationmedia\/","article_modified_time":"2022-05-11T09:30:19+00:00","twitter_card":"summary_large_image","twitter_site":"@mediaregulatio1","twitter_misc":{"Est. reading time":"4 minutes"},"schema":{"@context":"https:\/\/schema.org","@graph":[{"@type":"WebPage","@id":"https:\/\/www.mediaregulation.org\/en\/regulatory-authorities\/asia\/","url":"https:\/\/www.mediaregulation.org\/en\/regulatory-authorities\/asia\/","name":"Asia - CRRM","isPartOf":{"@id":"https:\/\/www.mediaregulation.org\/ar\/#website"},"datePublished":"2022-01-05T11:06:14+00:00","dateModified":"2022-05-11T09:30:19+00:00","breadcrumb":{"@id":"https:\/\/www.mediaregulation.org\/en\/regulatory-authorities\/asia\/#breadcrumb"},"inLanguage":"en-US","potentialAction":[{"@type":"ReadAction","target":["https:\/\/www.mediaregulation.org\/en\/regulatory-authorities\/asia\/"]}]},{"@type":"BreadcrumbList","@id":"https:\/\/www.mediaregulation.org\/en\/regulatory-authorities\/asia\/#breadcrumb","itemListElement":[{"@type":"ListItem","position":1,"name":"Accueil","item":"https:\/\/www.mediaregulation.org\/en\/"},{"@type":"ListItem","position":2,"name":"Regulatory authorities","item":"https:\/\/www.mediaregulation.org\/en\/regulatory-authorities\/"},{"@type":"ListItem","position":3,"name":"Asia"}]},{"@type":"WebSite","@id":"https:\/\/www.mediaregulation.org\/ar\/#website","url":"https:\/\/www.mediaregulation.org\/ar\/","name":"CRRM","description":"Centre de ressources sur la r\u00e9gulation des M\u00e9dias","publisher":{"@id":"https:\/\/www.mediaregulation.org\/ar\/#organization"},"potentialAction":[{"@type":"SearchAction","target":{"@type":"EntryPoint","urlTemplate":"https:\/\/www.mediaregulation.org\/ar\/?s={search_term_string}"},"query-input":"required name=search_term_string"}],"inLanguage":"en-US"},{"@type":"Organization","@id":"https:\/\/www.mediaregulation.org\/ar\/#organization","name":"Centre de ressources en ligne sur la r\u00e9gulation des m\u00e9dias, l'autor\u00e9gulation et l'\u00e9ducation aux m\u00e9dias (CRRM)","url":"https:\/\/www.mediaregulation.org\/ar\/","logo":{"@type":"ImageObject","inLanguage":"en-US","@id":"https:\/\/www.mediaregulation.org\/ar\/#\/schema\/logo\/image\/","url":"https:\/\/www.mediaregulation.org\/wp-content\/uploads\/2022\/05\/logo-fr-desctop-2.jpeg","contentUrl":"https:\/\/www.mediaregulation.org\/wp-content\/uploads\/2022\/05\/logo-fr-desctop-2.jpeg","width":560,"height":74,"caption":"Centre de ressources en ligne sur la r\u00e9gulation des m\u00e9dias, l'autor\u00e9gulation et l'\u00e9ducation aux m\u00e9dias (CRRM)"},"image":{"@id":"https:\/\/www.mediaregulation.org\/ar\/#\/schema\/logo\/image\/"},"sameAs":["https:\/\/www.facebook.com\/regulationmedia\/","https:\/\/twitter.com\/mediaregulatio1","https:\/\/www.youtube.com\/channel\/UC_PWIr_i5cWscxsu_Zno_Jg"]}]}},"_links":{"self":[{"href":"https:\/\/www.mediaregulation.org\/en\/wp-json\/wp\/v2\/pages\/4212"}],"collection":[{"href":"https:\/\/www.mediaregulation.org\/en\/wp-json\/wp\/v2\/pages"}],"about":[{"href":"https:\/\/www.mediaregulation.org\/en\/wp-json\/wp\/v2\/types\/page"}],"author":[{"embeddable":true,"href":"https:\/\/www.mediaregulation.org\/en\/wp-json\/wp\/v2\/users\/1"}],"replies":[{"embeddable":true,"href":"https:\/\/www.mediaregulation.org\/en\/wp-json\/wp\/v2\/comments?post=4212"}],"version-history":[{"count":15,"href":"https:\/\/www.mediaregulation.org\/en\/wp-json\/wp\/v2\/pages\/4212\/revisions"}],"predecessor-version":[{"id":5838,"href":"https:\/\/www.mediaregulation.org\/en\/wp-json\/wp\/v2\/pages\/4212\/revisions\/5838"}],"up":[{"embeddable":true,"href":"https:\/\/www.mediaregulation.org\/en\/wp-json\/wp\/v2\/pages\/2309"}],"wp:attachment":[{"href":"https:\/\/www.mediaregulation.org\/en\/wp-json\/wp\/v2\/media?parent=4212"}],"curies":[{"name":"wp","href":"https:\/\/api.w.org\/{rel}","templated":true}]}}