{"id":4571,"date":"2022-01-11T14:36:07","date_gmt":"2022-01-11T13:36:07","guid":{"rendered":"https:\/\/www.mediaregulation.org\/?page_id=4571"},"modified":"2022-01-14T16:21:24","modified_gmt":"2022-01-14T15:21:24","slug":"divina-frau-meigs","status":"publish","type":"page","link":"https:\/\/www.mediaregulation.org\/en\/divina-frau-meigs\/","title":{"rendered":"Divina Frau-Meigs"},"content":{"rendered":"<p>[vc_row el_class=&#8221;about_company&#8221;][vc_column width=&#8221;1\/2&#8243;][vc_single_image image=&#8221;4751&#8243; img_size=&#8221;full&#8221;][\/vc_column][vc_column width=&#8221;1\/2&#8243;][vc_column_text el_class=&#8221;text-justif&#8221;]Divina Frau-Meigs is a professor at Sorbonne nouvelle University and holds the UNESCO Chair in &#8220;Knowledge and Future in the Era of Sustainable Digital Development: Mastering Information Cultures&#8221;. A Fulbright and Lavoisier scholar, she is a graduate of the Sorbonne University, Stanford University (Palo Alto) and the Annenberg School for Communications (University of Pennsylvania in Philadelphia). A media sociologist, she is a specialist in the reception and use of information and communication technologies. As such, at the European level, she is a member of the high-level expert group on disinformation and the expert group on media literacy (DG-Connect) and the expert group on disinformation and digital literacy (DG-EAC).<\/p>\n<p>In the field of research, she leads many projects related to information literacy, new literacies and media and information literacy: the ANR project TRANSLIT, the European MOOC project ECO, the Erasmus + project ECFOLI, for conflict resolution through the use of media, the DG-Connect projects YouCheck! and YouVerify! for the verification of visual infoxes, the CROSSOVER project on the role of algorithms in disinformation. With other researchers she participates in the ERASMUS + INEDU project (combating hate speech), the DG-Justice PLAY YOUR ROLE project (games for migrant integration), the ERASMUS + FACT CHECKING project (online course on source verification).<\/p>\n<p>She is the author of more than three hundred articles in national and international journals and about thirty books in several languages, including <em>Public Policies on Media and Information Literacy in Europe: cross-country comparisons<\/em> (Routledge, 2017), <em>Faut-il avoir peur des &#8221; fake news &#8221; ?<\/em> (Documentation fran\u00e7aise, 2019), <em>The Handbook on Media Education Research<\/em> (Wiley, 2020) and <em>MOOCs and the Participatory Challenge: from Revolution to Reality<\/em> (Springer, 2021).<\/p>\n<p>On these research themes, she is an expert for UNESCO, the European Commission, the Council of Europe and other governmental bodies in France and in other countries. She has been vice-president of IAMCR (International Association for Media and Communication Research, 2002-2008) and has directed the section &#8220;Media Education Research&#8221; (2009-2016). She is a founding member and elected to the board of the European Communication Research and Education Association (ECREA, 2008-2012). She is a founding member of the Global Alliance of Partnerships in Media and Information Literacy (GAPMIL) and chairs its European chapter. She also chairs the NGO Savoir*Devenir, which is affiliated with the UNESCO Chair of the same name.[\/vc_column_text][\/vc_column][\/vc_row]<\/p>\n<!-- AddThis Advanced Settings generic via filter on the_content --><!-- AddThis Share Buttons generic via filter on the_content -->","protected":false},"excerpt":{"rendered":"<p>[vc_row el_class=&#8221;about_company&#8221;][vc_column width=&#8221;1\/2&#8243;][vc_single_image image=&#8221;4751&#8243; img_size=&#8221;full&#8221;][\/vc_column][vc_column width=&#8221;1\/2&#8243;][vc_column_text el_class=&#8221;text-justif&#8221;]Divina Frau-Meigs is a professor at Sorbonne nouvelle University and holds the UNESCO Chair in &#8220;Knowledge and Future in the Era of Sustainable Digital Development: Mastering Information Cultures&#8221;. A Fulbright and Lavoisier scholar, she is a graduate of the Sorbonne University, Stanford University (Palo Alto) and the Annenberg School<!-- AddThis Advanced Settings generic via filter on get_the_excerpt --><!-- AddThis Share Buttons generic via filter on get_the_excerpt --><\/p>\n","protected":false},"author":2,"featured_media":0,"parent":0,"menu_order":0,"comment_status":"closed","ping_status":"closed","template":"","meta":{"inline_featured_image":false,"_links_to":"","_links_to_target":""},"yoast_head":"<!-- This site is optimized with the Yoast SEO plugin v21.1 - https:\/\/yoast.com\/wordpress\/plugins\/seo\/ -->\n<title>Divina Frau-Meigs - CRRM<\/title>\n<meta name=\"robots\" content=\"index, follow, max-snippet:-1, max-image-preview:large, max-video-preview:-1\" \/>\n<link rel=\"canonical\" href=\"https:\/\/www.mediaregulation.org\/en\/divina-frau-meigs\/\" \/>\n<meta property=\"og:locale\" content=\"en_US\" \/>\n<meta property=\"og:type\" content=\"article\" \/>\n<meta property=\"og:title\" content=\"Divina Frau-Meigs - CRRM\" \/>\n<meta property=\"og:description\" content=\"[vc_row el_class=&#8221;about_company&#8221;][vc_column width=&#8221;1\/2&#8243;][vc_single_image image=&#8221;4751&#8243; img_size=&#8221;full&#8221;][\/vc_column][vc_column width=&#8221;1\/2&#8243;][vc_column_text el_class=&#8221;text-justif&#8221;]Divina Frau-Meigs is a professor at Sorbonne nouvelle University and holds the UNESCO Chair in &#8220;Knowledge and Future in the Era of Sustainable Digital Development: Mastering Information Cultures&#8221;. A Fulbright and Lavoisier scholar, she is a graduate of the Sorbonne University, Stanford University (Palo Alto) and the Annenberg School\" \/>\n<meta property=\"og:url\" content=\"https:\/\/www.mediaregulation.org\/en\/divina-frau-meigs\/\" \/>\n<meta property=\"og:site_name\" content=\"CRRM\" \/>\n<meta property=\"article:publisher\" content=\"https:\/\/www.facebook.com\/regulationmedia\/\" \/>\n<meta property=\"article:modified_time\" content=\"2022-01-14T15:21:24+00:00\" \/>\n<meta name=\"twitter:card\" content=\"summary_large_image\" \/>\n<meta name=\"twitter:site\" content=\"@mediaregulatio1\" \/>\n<meta name=\"twitter:label1\" content=\"Est. reading time\" \/>\n\t<meta name=\"twitter:data1\" content=\"2 minutes\" \/>\n<script type=\"application\/ld+json\" class=\"yoast-schema-graph\">{\"@context\":\"https:\/\/schema.org\",\"@graph\":[{\"@type\":\"WebPage\",\"@id\":\"https:\/\/www.mediaregulation.org\/en\/divina-frau-meigs\/\",\"url\":\"https:\/\/www.mediaregulation.org\/en\/divina-frau-meigs\/\",\"name\":\"Divina Frau-Meigs - CRRM\",\"isPartOf\":{\"@id\":\"https:\/\/www.mediaregulation.org\/ar\/#website\"},\"datePublished\":\"2022-01-11T13:36:07+00:00\",\"dateModified\":\"2022-01-14T15:21:24+00:00\",\"breadcrumb\":{\"@id\":\"https:\/\/www.mediaregulation.org\/en\/divina-frau-meigs\/#breadcrumb\"},\"inLanguage\":\"en-US\",\"potentialAction\":[{\"@type\":\"ReadAction\",\"target\":[\"https:\/\/www.mediaregulation.org\/en\/divina-frau-meigs\/\"]}]},{\"@type\":\"BreadcrumbList\",\"@id\":\"https:\/\/www.mediaregulation.org\/en\/divina-frau-meigs\/#breadcrumb\",\"itemListElement\":[{\"@type\":\"ListItem\",\"position\":1,\"name\":\"Accueil\",\"item\":\"https:\/\/www.mediaregulation.org\/en\/\"},{\"@type\":\"ListItem\",\"position\":2,\"name\":\"Divina Frau-Meigs\"}]},{\"@type\":\"WebSite\",\"@id\":\"https:\/\/www.mediaregulation.org\/ar\/#website\",\"url\":\"https:\/\/www.mediaregulation.org\/ar\/\",\"name\":\"CRRM\",\"description\":\"Centre de ressources sur la r\u00e9gulation des M\u00e9dias\",\"publisher\":{\"@id\":\"https:\/\/www.mediaregulation.org\/ar\/#organization\"},\"potentialAction\":[{\"@type\":\"SearchAction\",\"target\":{\"@type\":\"EntryPoint\",\"urlTemplate\":\"https:\/\/www.mediaregulation.org\/ar\/?s={search_term_string}\"},\"query-input\":\"required name=search_term_string\"}],\"inLanguage\":\"en-US\"},{\"@type\":\"Organization\",\"@id\":\"https:\/\/www.mediaregulation.org\/ar\/#organization\",\"name\":\"Centre de ressources en ligne sur la r\u00e9gulation des m\u00e9dias, l'autor\u00e9gulation et l'\u00e9ducation aux m\u00e9dias (CRRM)\",\"url\":\"https:\/\/www.mediaregulation.org\/ar\/\",\"logo\":{\"@type\":\"ImageObject\",\"inLanguage\":\"en-US\",\"@id\":\"https:\/\/www.mediaregulation.org\/ar\/#\/schema\/logo\/image\/\",\"url\":\"https:\/\/www.mediaregulation.org\/wp-content\/uploads\/2022\/05\/logo-fr-desctop-2.jpeg\",\"contentUrl\":\"https:\/\/www.mediaregulation.org\/wp-content\/uploads\/2022\/05\/logo-fr-desctop-2.jpeg\",\"width\":560,\"height\":74,\"caption\":\"Centre de ressources en ligne sur la r\u00e9gulation des m\u00e9dias, l'autor\u00e9gulation et l'\u00e9ducation aux m\u00e9dias (CRRM)\"},\"image\":{\"@id\":\"https:\/\/www.mediaregulation.org\/ar\/#\/schema\/logo\/image\/\"},\"sameAs\":[\"https:\/\/www.facebook.com\/regulationmedia\/\",\"https:\/\/twitter.com\/mediaregulatio1\",\"https:\/\/www.youtube.com\/channel\/UC_PWIr_i5cWscxsu_Zno_Jg\"]}]}<\/script>\n<!-- \/ Yoast SEO plugin. -->","yoast_head_json":{"title":"Divina Frau-Meigs - CRRM","robots":{"index":"index","follow":"follow","max-snippet":"max-snippet:-1","max-image-preview":"max-image-preview:large","max-video-preview":"max-video-preview:-1"},"canonical":"https:\/\/www.mediaregulation.org\/en\/divina-frau-meigs\/","og_locale":"en_US","og_type":"article","og_title":"Divina Frau-Meigs - CRRM","og_description":"[vc_row el_class=&#8221;about_company&#8221;][vc_column width=&#8221;1\/2&#8243;][vc_single_image image=&#8221;4751&#8243; img_size=&#8221;full&#8221;][\/vc_column][vc_column width=&#8221;1\/2&#8243;][vc_column_text el_class=&#8221;text-justif&#8221;]Divina Frau-Meigs is a professor at Sorbonne nouvelle University and holds the UNESCO Chair in &#8220;Knowledge and Future in the Era of Sustainable Digital Development: Mastering Information Cultures&#8221;. A Fulbright and Lavoisier scholar, she is a graduate of the Sorbonne University, Stanford University (Palo Alto) and the Annenberg School","og_url":"https:\/\/www.mediaregulation.org\/en\/divina-frau-meigs\/","og_site_name":"CRRM","article_publisher":"https:\/\/www.facebook.com\/regulationmedia\/","article_modified_time":"2022-01-14T15:21:24+00:00","twitter_card":"summary_large_image","twitter_site":"@mediaregulatio1","twitter_misc":{"Est. reading time":"2 minutes"},"schema":{"@context":"https:\/\/schema.org","@graph":[{"@type":"WebPage","@id":"https:\/\/www.mediaregulation.org\/en\/divina-frau-meigs\/","url":"https:\/\/www.mediaregulation.org\/en\/divina-frau-meigs\/","name":"Divina Frau-Meigs - CRRM","isPartOf":{"@id":"https:\/\/www.mediaregulation.org\/ar\/#website"},"datePublished":"2022-01-11T13:36:07+00:00","dateModified":"2022-01-14T15:21:24+00:00","breadcrumb":{"@id":"https:\/\/www.mediaregulation.org\/en\/divina-frau-meigs\/#breadcrumb"},"inLanguage":"en-US","potentialAction":[{"@type":"ReadAction","target":["https:\/\/www.mediaregulation.org\/en\/divina-frau-meigs\/"]}]},{"@type":"BreadcrumbList","@id":"https:\/\/www.mediaregulation.org\/en\/divina-frau-meigs\/#breadcrumb","itemListElement":[{"@type":"ListItem","position":1,"name":"Accueil","item":"https:\/\/www.mediaregulation.org\/en\/"},{"@type":"ListItem","position":2,"name":"Divina Frau-Meigs"}]},{"@type":"WebSite","@id":"https:\/\/www.mediaregulation.org\/ar\/#website","url":"https:\/\/www.mediaregulation.org\/ar\/","name":"CRRM","description":"Centre de ressources sur la r\u00e9gulation des M\u00e9dias","publisher":{"@id":"https:\/\/www.mediaregulation.org\/ar\/#organization"},"potentialAction":[{"@type":"SearchAction","target":{"@type":"EntryPoint","urlTemplate":"https:\/\/www.mediaregulation.org\/ar\/?s={search_term_string}"},"query-input":"required name=search_term_string"}],"inLanguage":"en-US"},{"@type":"Organization","@id":"https:\/\/www.mediaregulation.org\/ar\/#organization","name":"Centre de ressources en ligne sur la r\u00e9gulation des m\u00e9dias, l'autor\u00e9gulation et l'\u00e9ducation aux m\u00e9dias (CRRM)","url":"https:\/\/www.mediaregulation.org\/ar\/","logo":{"@type":"ImageObject","inLanguage":"en-US","@id":"https:\/\/www.mediaregulation.org\/ar\/#\/schema\/logo\/image\/","url":"https:\/\/www.mediaregulation.org\/wp-content\/uploads\/2022\/05\/logo-fr-desctop-2.jpeg","contentUrl":"https:\/\/www.mediaregulation.org\/wp-content\/uploads\/2022\/05\/logo-fr-desctop-2.jpeg","width":560,"height":74,"caption":"Centre de ressources en ligne sur la r\u00e9gulation des m\u00e9dias, l'autor\u00e9gulation et l'\u00e9ducation aux m\u00e9dias (CRRM)"},"image":{"@id":"https:\/\/www.mediaregulation.org\/ar\/#\/schema\/logo\/image\/"},"sameAs":["https:\/\/www.facebook.com\/regulationmedia\/","https:\/\/twitter.com\/mediaregulatio1","https:\/\/www.youtube.com\/channel\/UC_PWIr_i5cWscxsu_Zno_Jg"]}]}},"_links":{"self":[{"href":"https:\/\/www.mediaregulation.org\/en\/wp-json\/wp\/v2\/pages\/4571"}],"collection":[{"href":"https:\/\/www.mediaregulation.org\/en\/wp-json\/wp\/v2\/pages"}],"about":[{"href":"https:\/\/www.mediaregulation.org\/en\/wp-json\/wp\/v2\/types\/page"}],"author":[{"embeddable":true,"href":"https:\/\/www.mediaregulation.org\/en\/wp-json\/wp\/v2\/users\/2"}],"replies":[{"embeddable":true,"href":"https:\/\/www.mediaregulation.org\/en\/wp-json\/wp\/v2\/comments?post=4571"}],"version-history":[{"count":5,"href":"https:\/\/www.mediaregulation.org\/en\/wp-json\/wp\/v2\/pages\/4571\/revisions"}],"predecessor-version":[{"id":4753,"href":"https:\/\/www.mediaregulation.org\/en\/wp-json\/wp\/v2\/pages\/4571\/revisions\/4753"}],"wp:attachment":[{"href":"https:\/\/www.mediaregulation.org\/en\/wp-json\/wp\/v2\/media?parent=4571"}],"curies":[{"name":"wp","href":"https:\/\/api.w.org\/{rel}","templated":true}]}}