{"id":4704,"date":"2022-01-14T11:11:31","date_gmt":"2022-01-14T10:11:31","guid":{"rendered":"https:\/\/www.mediaregulation.org\/?page_id=4704"},"modified":"2022-01-17T12:04:07","modified_gmt":"2022-01-17T11:04:07","slug":"renaud-de-la-brosse","status":"publish","type":"page","link":"https:\/\/www.mediaregulation.org\/en\/renaud-de-la-brosse\/","title":{"rendered":"Renaud de la Brosse"},"content":{"rendered":"<p>[vc_row el_class=&#8221;about_company&#8221;][vc_column width=&#8221;1\/2&#8243;][vc_single_image image=&#8221;4784&#8243; img_size=&#8221;full&#8221;][\/vc_column][vc_column width=&#8221;1\/2&#8243;][vc_column_text el_class=&#8221;text-justif&#8221;]Renaud de la Brosse is full Professor of Journalism at the Department of Media and Journalism of Linnaeus University, Kalmar, Sweden. He also holds the position of Senior Lecturer at Reims University, France. He has been working on the issue of media and democracy in Africa for over 25 years. As such, he has conducted studies in the vast majority of countries on the continent, either as part of university research, or as a consultant for international organizations or NGOs.<\/p>\n<p>Among his ongoing research interests, are an inventory of media regulation worldwide, the study of the supposed interdependence between media regulation and democratic governance (through case studies in Africa and Eastern Europe), the effects induced by the technological convergence of regulatory activities, and the current media and communication control within the strict framework of state sovereignty versus the international and transnational nature of information and communication regulation issues.[\/vc_column_text][\/vc_column][\/vc_row]<\/p>\n<!-- AddThis Advanced Settings generic via filter on the_content --><!-- AddThis Share Buttons generic via filter on the_content -->","protected":false},"excerpt":{"rendered":"<p>[vc_row el_class=&#8221;about_company&#8221;][vc_column width=&#8221;1\/2&#8243;][vc_single_image image=&#8221;4784&#8243; img_size=&#8221;full&#8221;][\/vc_column][vc_column width=&#8221;1\/2&#8243;][vc_column_text el_class=&#8221;text-justif&#8221;]Renaud de la Brosse is full Professor of Journalism at the Department of Media and Journalism of Linnaeus University, Kalmar, Sweden. He also holds the position of Senior Lecturer at Reims University, France. He has been working on the issue of media and democracy in Africa for over 25<!-- AddThis Advanced Settings generic via filter on get_the_excerpt --><!-- AddThis Share Buttons generic via filter on get_the_excerpt --><\/p>\n","protected":false},"author":2,"featured_media":0,"parent":0,"menu_order":0,"comment_status":"closed","ping_status":"closed","template":"","meta":{"inline_featured_image":false,"_links_to":"","_links_to_target":""},"yoast_head":"<!-- This site is optimized with the Yoast SEO plugin v21.1 - https:\/\/yoast.com\/wordpress\/plugins\/seo\/ -->\n<title>Renaud de la Brosse - CRRM<\/title>\n<meta name=\"robots\" content=\"index, follow, max-snippet:-1, max-image-preview:large, max-video-preview:-1\" \/>\n<link rel=\"canonical\" href=\"https:\/\/www.mediaregulation.org\/en\/renaud-de-la-brosse\/\" \/>\n<meta property=\"og:locale\" content=\"en_US\" \/>\n<meta property=\"og:type\" content=\"article\" \/>\n<meta property=\"og:title\" content=\"Renaud de la Brosse - CRRM\" \/>\n<meta property=\"og:description\" content=\"[vc_row el_class=&#8221;about_company&#8221;][vc_column width=&#8221;1\/2&#8243;][vc_single_image image=&#8221;4784&#8243; img_size=&#8221;full&#8221;][\/vc_column][vc_column width=&#8221;1\/2&#8243;][vc_column_text el_class=&#8221;text-justif&#8221;]Renaud de la Brosse is full Professor of Journalism at the Department of Media and Journalism of Linnaeus University, Kalmar, Sweden. He also holds the position of Senior Lecturer at Reims University, France. He has been working on the issue of media and democracy in Africa for over 25\" \/>\n<meta property=\"og:url\" content=\"https:\/\/www.mediaregulation.org\/en\/renaud-de-la-brosse\/\" \/>\n<meta property=\"og:site_name\" content=\"CRRM\" \/>\n<meta property=\"article:publisher\" content=\"https:\/\/www.facebook.com\/regulationmedia\/\" \/>\n<meta property=\"article:modified_time\" content=\"2022-01-17T11:04:07+00:00\" \/>\n<meta name=\"twitter:card\" content=\"summary_large_image\" \/>\n<meta name=\"twitter:site\" content=\"@mediaregulatio1\" \/>\n<meta name=\"twitter:label1\" content=\"Est. reading time\" \/>\n\t<meta name=\"twitter:data1\" content=\"1 minute\" \/>\n<script type=\"application\/ld+json\" class=\"yoast-schema-graph\">{\"@context\":\"https:\/\/schema.org\",\"@graph\":[{\"@type\":\"WebPage\",\"@id\":\"https:\/\/www.mediaregulation.org\/en\/renaud-de-la-brosse\/\",\"url\":\"https:\/\/www.mediaregulation.org\/en\/renaud-de-la-brosse\/\",\"name\":\"Renaud de la Brosse - CRRM\",\"isPartOf\":{\"@id\":\"https:\/\/www.mediaregulation.org\/ar\/#website\"},\"datePublished\":\"2022-01-14T10:11:31+00:00\",\"dateModified\":\"2022-01-17T11:04:07+00:00\",\"breadcrumb\":{\"@id\":\"https:\/\/www.mediaregulation.org\/en\/renaud-de-la-brosse\/#breadcrumb\"},\"inLanguage\":\"en-US\",\"potentialAction\":[{\"@type\":\"ReadAction\",\"target\":[\"https:\/\/www.mediaregulation.org\/en\/renaud-de-la-brosse\/\"]}]},{\"@type\":\"BreadcrumbList\",\"@id\":\"https:\/\/www.mediaregulation.org\/en\/renaud-de-la-brosse\/#breadcrumb\",\"itemListElement\":[{\"@type\":\"ListItem\",\"position\":1,\"name\":\"Accueil\",\"item\":\"https:\/\/www.mediaregulation.org\/en\/\"},{\"@type\":\"ListItem\",\"position\":2,\"name\":\"Renaud de la Brosse\"}]},{\"@type\":\"WebSite\",\"@id\":\"https:\/\/www.mediaregulation.org\/ar\/#website\",\"url\":\"https:\/\/www.mediaregulation.org\/ar\/\",\"name\":\"CRRM\",\"description\":\"Centre de ressources sur la r\u00e9gulation des M\u00e9dias\",\"publisher\":{\"@id\":\"https:\/\/www.mediaregulation.org\/ar\/#organization\"},\"potentialAction\":[{\"@type\":\"SearchAction\",\"target\":{\"@type\":\"EntryPoint\",\"urlTemplate\":\"https:\/\/www.mediaregulation.org\/ar\/?s={search_term_string}\"},\"query-input\":\"required name=search_term_string\"}],\"inLanguage\":\"en-US\"},{\"@type\":\"Organization\",\"@id\":\"https:\/\/www.mediaregulation.org\/ar\/#organization\",\"name\":\"Centre de ressources en ligne sur la r\u00e9gulation des m\u00e9dias, l'autor\u00e9gulation et l'\u00e9ducation aux m\u00e9dias (CRRM)\",\"url\":\"https:\/\/www.mediaregulation.org\/ar\/\",\"logo\":{\"@type\":\"ImageObject\",\"inLanguage\":\"en-US\",\"@id\":\"https:\/\/www.mediaregulation.org\/ar\/#\/schema\/logo\/image\/\",\"url\":\"https:\/\/www.mediaregulation.org\/wp-content\/uploads\/2022\/05\/logo-fr-desctop-2.jpeg\",\"contentUrl\":\"https:\/\/www.mediaregulation.org\/wp-content\/uploads\/2022\/05\/logo-fr-desctop-2.jpeg\",\"width\":560,\"height\":74,\"caption\":\"Centre de ressources en ligne sur la r\u00e9gulation des m\u00e9dias, l'autor\u00e9gulation et l'\u00e9ducation aux m\u00e9dias (CRRM)\"},\"image\":{\"@id\":\"https:\/\/www.mediaregulation.org\/ar\/#\/schema\/logo\/image\/\"},\"sameAs\":[\"https:\/\/www.facebook.com\/regulationmedia\/\",\"https:\/\/twitter.com\/mediaregulatio1\",\"https:\/\/www.youtube.com\/channel\/UC_PWIr_i5cWscxsu_Zno_Jg\"]}]}<\/script>\n<!-- \/ Yoast SEO plugin. -->","yoast_head_json":{"title":"Renaud de la Brosse - CRRM","robots":{"index":"index","follow":"follow","max-snippet":"max-snippet:-1","max-image-preview":"max-image-preview:large","max-video-preview":"max-video-preview:-1"},"canonical":"https:\/\/www.mediaregulation.org\/en\/renaud-de-la-brosse\/","og_locale":"en_US","og_type":"article","og_title":"Renaud de la Brosse - CRRM","og_description":"[vc_row el_class=&#8221;about_company&#8221;][vc_column width=&#8221;1\/2&#8243;][vc_single_image image=&#8221;4784&#8243; img_size=&#8221;full&#8221;][\/vc_column][vc_column width=&#8221;1\/2&#8243;][vc_column_text el_class=&#8221;text-justif&#8221;]Renaud de la Brosse is full Professor of Journalism at the Department of Media and Journalism of Linnaeus University, Kalmar, Sweden. He also holds the position of Senior Lecturer at Reims University, France. He has been working on the issue of media and democracy in Africa for over 25","og_url":"https:\/\/www.mediaregulation.org\/en\/renaud-de-la-brosse\/","og_site_name":"CRRM","article_publisher":"https:\/\/www.facebook.com\/regulationmedia\/","article_modified_time":"2022-01-17T11:04:07+00:00","twitter_card":"summary_large_image","twitter_site":"@mediaregulatio1","twitter_misc":{"Est. reading time":"1 minute"},"schema":{"@context":"https:\/\/schema.org","@graph":[{"@type":"WebPage","@id":"https:\/\/www.mediaregulation.org\/en\/renaud-de-la-brosse\/","url":"https:\/\/www.mediaregulation.org\/en\/renaud-de-la-brosse\/","name":"Renaud de la Brosse - CRRM","isPartOf":{"@id":"https:\/\/www.mediaregulation.org\/ar\/#website"},"datePublished":"2022-01-14T10:11:31+00:00","dateModified":"2022-01-17T11:04:07+00:00","breadcrumb":{"@id":"https:\/\/www.mediaregulation.org\/en\/renaud-de-la-brosse\/#breadcrumb"},"inLanguage":"en-US","potentialAction":[{"@type":"ReadAction","target":["https:\/\/www.mediaregulation.org\/en\/renaud-de-la-brosse\/"]}]},{"@type":"BreadcrumbList","@id":"https:\/\/www.mediaregulation.org\/en\/renaud-de-la-brosse\/#breadcrumb","itemListElement":[{"@type":"ListItem","position":1,"name":"Accueil","item":"https:\/\/www.mediaregulation.org\/en\/"},{"@type":"ListItem","position":2,"name":"Renaud de la Brosse"}]},{"@type":"WebSite","@id":"https:\/\/www.mediaregulation.org\/ar\/#website","url":"https:\/\/www.mediaregulation.org\/ar\/","name":"CRRM","description":"Centre de ressources sur la r\u00e9gulation des M\u00e9dias","publisher":{"@id":"https:\/\/www.mediaregulation.org\/ar\/#organization"},"potentialAction":[{"@type":"SearchAction","target":{"@type":"EntryPoint","urlTemplate":"https:\/\/www.mediaregulation.org\/ar\/?s={search_term_string}"},"query-input":"required name=search_term_string"}],"inLanguage":"en-US"},{"@type":"Organization","@id":"https:\/\/www.mediaregulation.org\/ar\/#organization","name":"Centre de ressources en ligne sur la r\u00e9gulation des m\u00e9dias, l'autor\u00e9gulation et l'\u00e9ducation aux m\u00e9dias (CRRM)","url":"https:\/\/www.mediaregulation.org\/ar\/","logo":{"@type":"ImageObject","inLanguage":"en-US","@id":"https:\/\/www.mediaregulation.org\/ar\/#\/schema\/logo\/image\/","url":"https:\/\/www.mediaregulation.org\/wp-content\/uploads\/2022\/05\/logo-fr-desctop-2.jpeg","contentUrl":"https:\/\/www.mediaregulation.org\/wp-content\/uploads\/2022\/05\/logo-fr-desctop-2.jpeg","width":560,"height":74,"caption":"Centre de ressources en ligne sur la r\u00e9gulation des m\u00e9dias, l'autor\u00e9gulation et l'\u00e9ducation aux m\u00e9dias (CRRM)"},"image":{"@id":"https:\/\/www.mediaregulation.org\/ar\/#\/schema\/logo\/image\/"},"sameAs":["https:\/\/www.facebook.com\/regulationmedia\/","https:\/\/twitter.com\/mediaregulatio1","https:\/\/www.youtube.com\/channel\/UC_PWIr_i5cWscxsu_Zno_Jg"]}]}},"_links":{"self":[{"href":"https:\/\/www.mediaregulation.org\/en\/wp-json\/wp\/v2\/pages\/4704"}],"collection":[{"href":"https:\/\/www.mediaregulation.org\/en\/wp-json\/wp\/v2\/pages"}],"about":[{"href":"https:\/\/www.mediaregulation.org\/en\/wp-json\/wp\/v2\/types\/page"}],"author":[{"embeddable":true,"href":"https:\/\/www.mediaregulation.org\/en\/wp-json\/wp\/v2\/users\/2"}],"replies":[{"embeddable":true,"href":"https:\/\/www.mediaregulation.org\/en\/wp-json\/wp\/v2\/comments?post=4704"}],"version-history":[{"count":4,"href":"https:\/\/www.mediaregulation.org\/en\/wp-json\/wp\/v2\/pages\/4704\/revisions"}],"predecessor-version":[{"id":4825,"href":"https:\/\/www.mediaregulation.org\/en\/wp-json\/wp\/v2\/pages\/4704\/revisions\/4825"}],"wp:attachment":[{"href":"https:\/\/www.mediaregulation.org\/en\/wp-json\/wp\/v2\/media?parent=4704"}],"curies":[{"name":"wp","href":"https:\/\/api.w.org\/{rel}","templated":true}]}}